{"id":719988,"date":"2026-03-24T20:54:04","date_gmt":"2026-03-24T19:54:04","guid":{"rendered":"https:\/\/shop.kustom.ch\/?post_type=product&#038;p=719988"},"modified":"2026-03-24T20:55:44","modified_gmt":"2026-03-24T19:55:44","slug":"w-classic-zip-hoodie","status":"publish","type":"product","link":"https:\/\/shop.kustom.ch\/fr\/produit\/w-classic-zip-hoodie\/","title":{"rendered":"W HOODIE ZIP CLASSIQUE"},"content":{"rendered":"<p>Le sweat \u00e0 capuche zipp\u00e9 Women's Classic Zip Hoodie pour femmes est parfait pour le quotidien. Il est compos\u00e9 d'un m\u00e9lange doux de coton et de polyester qui offre un grand confort et une grande r\u00e9sistance.<\/p>\n<p>Coupe : Regular \/ Normale<\/p>\n<p>Mat\u00e9riau : Tissu principal : 54 % coton, 46 % polyester - 280 g\/m\u00b2.<\/p>","protected":false},"excerpt":{"rendered":"<p>- fermeture \u00e0 glissi\u00e8re YKK<br \/>- Capuche r\u00e9glable avec cordon de serrage<br \/>- fermeture \u00e0 glissi\u00e8re frontale YKK\u00ae avec protection du menton<br \/>- Poches pour les mains<br \/>- Poignets et ourlet en bord-c\u00f4te<\/p>","protected":false},"featured_media":720043,"template":"","meta":[],"product_brand":[],"product_cat":[4184],"product_tag":[],"class_list":{"0":"post-719988","1":"product","2":"type-product","3":"status-publish","4":"has-post-thumbnail","6":"product_cat-hoodies-pullover","7":"pa_brand-helly-hansen","8":"pa_brand-type-workwear","9":"pa_filter-color-blau","10":"pa_filter-color-grau","11":"pa_filter-color-rot","12":"pa_filter-color-schwarz","13":"pa_filter-color-weiss","15":"first","16":"instock","17":"sale","18":"taxable","19":"shipping-taxable","20":"purchasable","21":"product-type-variable","22":"add-to-wishlist-before_image"},"exclude_global_add_ons":[],"addons":[],"acf":[],"_links":{"self":[{"href":"https:\/\/shop.kustom.ch\/fr\/wp-json\/wp\/v2\/product\/719988"}],"collection":[{"href":"https:\/\/shop.kustom.ch\/fr\/wp-json\/wp\/v2\/product"}],"about":[{"href":"https:\/\/shop.kustom.ch\/fr\/wp-json\/wp\/v2\/types\/product"}],"wp:featuredmedia":[{"embeddable":true,"href":"https:\/\/shop.kustom.ch\/fr\/wp-json\/wp\/v2\/media\/720043"}],"wp:attachment":[{"href":"https:\/\/shop.kustom.ch\/fr\/wp-json\/wp\/v2\/media?parent=719988"}],"wp:term":[{"taxonomy":"product_brand","embeddable":true,"href":"https:\/\/shop.kustom.ch\/fr\/wp-json\/wp\/v2\/product_brand?post=719988"},{"taxonomy":"product_cat","embeddable":true,"href":"https:\/\/shop.kustom.ch\/fr\/wp-json\/wp\/v2\/product_cat?post=719988"},{"taxonomy":"product_tag","embeddable":true,"href":"https:\/\/shop.kustom.ch\/fr\/wp-json\/wp\/v2\/product_tag?post=719988"}],"curies":[{"name":"wp","href":"https:\/\/api.w.org\/{rel}","templated":true}]}}