{"id":719801,"date":"2026-03-24T20:50:00","date_gmt":"2026-03-24T19:50:00","guid":{"rendered":"https:\/\/shop.kustom.ch\/?post_type=product&#038;p=719801"},"modified":"2026-03-24T20:52:31","modified_gmt":"2026-03-24T19:52:31","slug":"fyre-sweatshirt","status":"publish","type":"product","link":"https:\/\/shop.kustom.ch\/fr\/produit\/fyre-sweatshirt\/","title":{"rendered":"SWEAT-SHIRT FYRE"},"content":{"rendered":"<p>Le sweat-shirt Fyre est un v\u00eatement de signalisation particuli\u00e8rement performant qui vous prot\u00e8ge contre plusieurs dangers \u00e0 la fois. Faisant partie de notre gamme Multinorm, le sweat-shirt Fyre est certifi\u00e9 pour la protection contre l'\u00e9lectricit\u00e9 statique, les arcs \u00e9lectriques, la chaleur et les flammes. De plus, sa conception haute visibilit\u00e9 avec des d\u00e9tails r\u00e9fl\u00e9chissants suppl\u00e9mentaires vous permet d'\u00eatre visible dans des conditions de faible luminosit\u00e9 et de r\u00e9pondre aux normes du secteur en mati\u00e8re de visibilit\u00e9 et de s\u00e9curit\u00e9. Parmi les caract\u00e9ristiques de confort, citons la maille c\u00f4tel\u00e9e aux poignets, \u00e0 l'ourlet et au col. Les poches \u00e0 fermeture \u00e9clair assurent la s\u00e9curit\u00e9 et prot\u00e8gent vos effets personnels. Fabriqu\u00e9 \u00e0 partir de mat\u00e9riaux de haute qualit\u00e9 tels que les fermetures \u00e0 glissi\u00e8re YKK\u00ae et le fil AMANN, le sweat-shirt Fyre peut \u00eatre utilis\u00e9 dans diff\u00e9rents environnements de travail et constitue donc un investissement intelligent pour votre s\u00e9curit\u00e9 et votre confort. Si vous attachez de l'importance \u00e0 la solidit\u00e9 et \u00e0 la conformit\u00e9 aux normes industrielles de vos v\u00eatements de signalisation, le sweat-shirt Fyre est un basique indispensable de votre garde-robe de travail et un investissement raisonnable.<\/p>\n<p>Coupe : Regular \/ Normale<\/p>\n<p>Mat\u00e9riau : Mat\u00e9riau principal : 60 % modacrylique, 39 % coton, 1 % antistatique, 280 g\/m\u00b2.<\/p>","protected":false},"excerpt":{"rendered":"<p>- EN ISO 20471<br \/>- EN ISO 11612:2015<br \/>- IEC 61482-2:2018<br \/>- EN 1149-5:2018<br \/>- AMANN Fils - Qualit\u00e9 allemande<br \/>- fermeture \u00e0 glissi\u00e8re YKK<br \/>- col en tricot c\u00f4tel\u00e9 pour plus de confort<br \/>- Poches \u00e0 tiroirs avec fermeture \u00e9clair YKK<br \/>- Poignets et ourlet en bord-c\u00f4te<\/p>","protected":false},"featured_media":719871,"template":"","meta":[],"product_brand":[],"product_cat":[4191],"product_tag":[],"class_list":{"0":"post-719801","1":"product","2":"type-product","3":"status-publish","4":"has-post-thumbnail","6":"product_cat-longsleeves-sweatshirts","7":"pa_brand-helly-hansen","8":"pa_brand-type-workwear","9":"pa_filter-color-gelb","11":"first","12":"instock","13":"sale","14":"taxable","15":"shipping-taxable","16":"purchasable","17":"product-type-variable","18":"add-to-wishlist-before_image"},"exclude_global_add_ons":[],"addons":[],"acf":[],"_links":{"self":[{"href":"https:\/\/shop.kustom.ch\/fr\/wp-json\/wp\/v2\/product\/719801"}],"collection":[{"href":"https:\/\/shop.kustom.ch\/fr\/wp-json\/wp\/v2\/product"}],"about":[{"href":"https:\/\/shop.kustom.ch\/fr\/wp-json\/wp\/v2\/types\/product"}],"wp:featuredmedia":[{"embeddable":true,"href":"https:\/\/shop.kustom.ch\/fr\/wp-json\/wp\/v2\/media\/719871"}],"wp:attachment":[{"href":"https:\/\/shop.kustom.ch\/fr\/wp-json\/wp\/v2\/media?parent=719801"}],"wp:term":[{"taxonomy":"product_brand","embeddable":true,"href":"https:\/\/shop.kustom.ch\/fr\/wp-json\/wp\/v2\/product_brand?post=719801"},{"taxonomy":"product_cat","embeddable":true,"href":"https:\/\/shop.kustom.ch\/fr\/wp-json\/wp\/v2\/product_cat?post=719801"},{"taxonomy":"product_tag","embeddable":true,"href":"https:\/\/shop.kustom.ch\/fr\/wp-json\/wp\/v2\/product_tag?post=719801"}],"curies":[{"name":"wp","href":"https:\/\/api.w.org\/{rel}","templated":true}]}}