{"id":719659,"date":"2026-03-24T20:47:07","date_gmt":"2026-03-24T19:47:07","guid":{"rendered":"https:\/\/shop.kustom.ch\/?post_type=product&#038;p=719659"},"modified":"2026-03-24T20:49:08","modified_gmt":"2026-03-24T19:49:08","slug":"icu-zip-hoodie","status":"publish","type":"product","link":"https:\/\/shop.kustom.ch\/fr\/produit\/icu-zip-hoodie\/","title":{"rendered":"ICU ZIP HOODIE"},"content":{"rendered":"<p>Le sweat \u00e0 capuche ICU r\u00e9pond \u00e0 toutes les normes en mati\u00e8re de fonctionnalit\u00e9, de confort et de s\u00e9curit\u00e9. Son tissu r\u00e9sistant, ses fermetures \u00e9clair YKK\u00ae performantes et sa classification en classe 1 en font la pi\u00e8ce pr\u00e9f\u00e9r\u00e9e de votre garde-robe High-Vis. Ce sweat \u00e0 capuche offre le m\u00eame confort sans compromis et la m\u00eame libert\u00e9 de mouvement imbattable que le reste de notre collection ICU.<\/p>\n<p>Coupe : Regular \/ Normale<\/p>\n<p>Mat\u00e9riau : Hi Vis - Mat\u00e9riau haute visibilit\u00e9 : 100 % polyester - 300 g\/m\u00b2.<br \/>Contraste : 80 % coton, 20 % polyester - 320 g\/m\u00b2.<\/p>","protected":false},"excerpt":{"rendered":"<p>- EN ISO 20471:2013 : 1<br \/>- Mat\u00e9riaux 3M<br \/>- fermeture \u00e0 glissi\u00e8re YKK<br \/>- Capuche r\u00e9glable avec cordon de serrage \u00e9lastique<br \/>- fermeture \u00e9clair frontale YKK<br \/>- poches pour les mains avec fermeture \u00e9clair YKK<br \/>- Poignets en tricot c\u00f4tel\u00e9<br \/>- Ourlet inf\u00e9rieur r\u00e9glable<br \/>- Porte-badge<\/p>","protected":false},"featured_media":719724,"template":"","meta":[],"product_brand":[],"product_cat":[4184],"product_tag":[],"class_list":{"0":"post-719659","1":"product","2":"type-product","3":"status-publish","4":"has-post-thumbnail","6":"product_cat-hoodies-pullover","7":"pa_brand-helly-hansen","8":"pa_brand-type-workwear","9":"pa_filter-color-gelb","10":"pa_filter-color-orange","12":"first","13":"instock","14":"sale","15":"taxable","16":"shipping-taxable","17":"purchasable","18":"product-type-variable","19":"add-to-wishlist-before_image"},"exclude_global_add_ons":[],"addons":[],"acf":[],"_links":{"self":[{"href":"https:\/\/shop.kustom.ch\/fr\/wp-json\/wp\/v2\/product\/719659"}],"collection":[{"href":"https:\/\/shop.kustom.ch\/fr\/wp-json\/wp\/v2\/product"}],"about":[{"href":"https:\/\/shop.kustom.ch\/fr\/wp-json\/wp\/v2\/types\/product"}],"wp:featuredmedia":[{"embeddable":true,"href":"https:\/\/shop.kustom.ch\/fr\/wp-json\/wp\/v2\/media\/719724"}],"wp:attachment":[{"href":"https:\/\/shop.kustom.ch\/fr\/wp-json\/wp\/v2\/media?parent=719659"}],"wp:term":[{"taxonomy":"product_brand","embeddable":true,"href":"https:\/\/shop.kustom.ch\/fr\/wp-json\/wp\/v2\/product_brand?post=719659"},{"taxonomy":"product_cat","embeddable":true,"href":"https:\/\/shop.kustom.ch\/fr\/wp-json\/wp\/v2\/product_cat?post=719659"},{"taxonomy":"product_tag","embeddable":true,"href":"https:\/\/shop.kustom.ch\/fr\/wp-json\/wp\/v2\/product_tag?post=719659"}],"curies":[{"name":"wp","href":"https:\/\/api.w.org\/{rel}","templated":true}]}}