{"id":719638,"date":"2026-03-24T20:46:40","date_gmt":"2026-03-24T19:46:40","guid":{"rendered":"https:\/\/shop.kustom.ch\/?post_type=product&#038;p=719638"},"modified":"2026-03-24T20:48:44","modified_gmt":"2026-03-24T19:48:44","slug":"icu-sweatshirt","status":"publish","type":"product","link":"https:\/\/shop.kustom.ch\/fr\/produit\/icu-sweatshirt\/","title":{"rendered":"SWEATSHIRT ICU"},"content":{"rendered":"<p>Confortable et classifi\u00e9 \u00e0 la fois. Le sweat ICU associe la fonctionnalit\u00e9 aux normes de s\u00e9curit\u00e9 requises. Sa mati\u00e8re r\u00e9sistante et sa classification en classe 1 s'accordent parfaitement avec les autres styles de notre collection ICU.<\/p>\n<p>Coupe : Regular \/ Normale<\/p>\n<p>Mat\u00e9riau : Hi Vis - Mat\u00e9riau haute visibilit\u00e9 : 100 % polyester - 300 g\/m\u00b2.<br \/>Contraste : 80 % coton, 20 % polyester - 320 g\/m\u00b2.<\/p>","protected":false},"excerpt":{"rendered":"<p>- EN ISO 20471:2013 : 1<br \/>- Mat\u00e9riaux 3M<br \/>- col en tricot c\u00f4tel\u00e9 pour plus de confort<br \/>- Poignets en tricot c\u00f4tel\u00e9<br \/>- Porte-badge<\/p>","protected":false},"featured_media":719705,"template":"","meta":[],"product_brand":[],"product_cat":[4191],"product_tag":[],"class_list":{"0":"post-719638","1":"product","2":"type-product","3":"status-publish","4":"has-post-thumbnail","6":"product_cat-longsleeves-sweatshirts","7":"pa_brand-helly-hansen","8":"pa_brand-type-workwear","9":"pa_filter-color-gelb","10":"pa_filter-color-orange","12":"first","13":"instock","14":"sale","15":"taxable","16":"shipping-taxable","17":"purchasable","18":"product-type-variable","19":"add-to-wishlist-before_image"},"exclude_global_add_ons":[],"addons":[],"acf":[],"_links":{"self":[{"href":"https:\/\/shop.kustom.ch\/fr\/wp-json\/wp\/v2\/product\/719638"}],"collection":[{"href":"https:\/\/shop.kustom.ch\/fr\/wp-json\/wp\/v2\/product"}],"about":[{"href":"https:\/\/shop.kustom.ch\/fr\/wp-json\/wp\/v2\/types\/product"}],"wp:featuredmedia":[{"embeddable":true,"href":"https:\/\/shop.kustom.ch\/fr\/wp-json\/wp\/v2\/media\/719705"}],"wp:attachment":[{"href":"https:\/\/shop.kustom.ch\/fr\/wp-json\/wp\/v2\/media?parent=719638"}],"wp:term":[{"taxonomy":"product_brand","embeddable":true,"href":"https:\/\/shop.kustom.ch\/fr\/wp-json\/wp\/v2\/product_brand?post=719638"},{"taxonomy":"product_cat","embeddable":true,"href":"https:\/\/shop.kustom.ch\/fr\/wp-json\/wp\/v2\/product_cat?post=719638"},{"taxonomy":"product_tag","embeddable":true,"href":"https:\/\/shop.kustom.ch\/fr\/wp-json\/wp\/v2\/product_tag?post=719638"}],"curies":[{"name":"wp","href":"https:\/\/api.w.org\/{rel}","templated":true}]}}