{"id":719637,"date":"2026-03-24T20:46:40","date_gmt":"2026-03-24T19:46:40","guid":{"rendered":"https:\/\/shop.kustom.ch\/?post_type=product&#038;p=719637"},"modified":"2026-03-24T20:48:21","modified_gmt":"2026-03-24T19:48:21","slug":"icu-t-shirt","status":"publish","type":"product","link":"https:\/\/shop.kustom.ch\/fr\/produit\/icu-t-shirt\/","title":{"rendered":"ICU T-SHIRT"},"content":{"rendered":"<p>Le T-shirt ICU vous garantit un confort au sec et r\u00e9pond aux normes de s\u00e9curit\u00e9 requises. La classification en classe 1, associ\u00e9e au mat\u00e9riau Lifa\u00ae Flow, vous permet de profiter d'un confort agr\u00e9able m\u00eame pendant les journ\u00e9es d'\u00e9t\u00e9 les plus chaudes.<\/p>\n<p>Coupe : Regular \/ Normale<\/p>\n<p>Mat\u00e9riau : Hi Vis - Mat\u00e9riau haute visibilit\u00e9 : 54 % polyester, 46 % polypropyl\u00e8ne - 175 g\/m\u00b2.<br \/>Contraste : 57 % coton, 38 % polyester, 5 % \u00e9lasthanne - 160 g\/m\u00b2.<\/p>","protected":false},"excerpt":{"rendered":"<p>- EN ISO 20471:2013 : 1<br \/>- LIFA\u00ae (EN ANGLAIS)<br \/>- Mat\u00e9riaux 3M<br \/>- Coutures flatlock pour un confort suppl\u00e9mentaire<\/p>","protected":false},"featured_media":719687,"template":"","meta":[],"product_brand":[],"product_cat":[4201],"product_tag":[],"class_list":{"0":"post-719637","1":"product","2":"type-product","3":"status-publish","4":"has-post-thumbnail","6":"product_cat-t-shirts","7":"pa_brand-helly-hansen","8":"pa_brand-type-workwear","9":"pa_filter-color-gelb","10":"pa_filter-color-orange","12":"first","13":"instock","14":"sale","15":"taxable","16":"shipping-taxable","17":"purchasable","18":"product-type-variable","19":"add-to-wishlist-before_image"},"exclude_global_add_ons":[],"addons":[],"acf":[],"_links":{"self":[{"href":"https:\/\/shop.kustom.ch\/fr\/wp-json\/wp\/v2\/product\/719637"}],"collection":[{"href":"https:\/\/shop.kustom.ch\/fr\/wp-json\/wp\/v2\/product"}],"about":[{"href":"https:\/\/shop.kustom.ch\/fr\/wp-json\/wp\/v2\/types\/product"}],"wp:featuredmedia":[{"embeddable":true,"href":"https:\/\/shop.kustom.ch\/fr\/wp-json\/wp\/v2\/media\/719687"}],"wp:attachment":[{"href":"https:\/\/shop.kustom.ch\/fr\/wp-json\/wp\/v2\/media?parent=719637"}],"wp:term":[{"taxonomy":"product_brand","embeddable":true,"href":"https:\/\/shop.kustom.ch\/fr\/wp-json\/wp\/v2\/product_brand?post=719637"},{"taxonomy":"product_cat","embeddable":true,"href":"https:\/\/shop.kustom.ch\/fr\/wp-json\/wp\/v2\/product_cat?post=719637"},{"taxonomy":"product_tag","embeddable":true,"href":"https:\/\/shop.kustom.ch\/fr\/wp-json\/wp\/v2\/product_tag?post=719637"}],"curies":[{"name":"wp","href":"https:\/\/api.w.org\/{rel}","templated":true}]}}