{"id":719145,"date":"2026-03-24T20:39:01","date_gmt":"2026-03-24T19:39:01","guid":{"rendered":"https:\/\/shop.kustom.ch\/?post_type=product&#038;p=719145"},"modified":"2026-03-24T20:41:07","modified_gmt":"2026-03-24T19:41:07","slug":"tech-polo","status":"publish","type":"product","link":"https:\/\/shop.kustom.ch\/fr\/produit\/tech-polo\/","title":{"rendered":"TECH POLO"},"content":{"rendered":"<p>Le Tech Polo est un polo Tactel l\u00e9ger et super confortable pour les jours plus chauds. De petites touches d'orange \u00e0 l'arri\u00e8re du col et sur la patte de boutonnage avant sont des d\u00e9tails suppl\u00e9mentaires qui permettent au design de rester en harmonie avec le reste de la s\u00e9rie Kensington.<\/p>\n<p>Coupe : Regular \/ Normale<\/p>\n<p>Mat\u00e9riau : Mat\u00e9riau principal : 100 % polyamide - 190 g\/m\u00b2.<\/p>","protected":false},"excerpt":{"rendered":"<p>- EN 13758-1:2001+A1:2006<br \/>- Patte de boutonnage sur le devant<br \/>- Avec fente<br \/>- Bouton suppl\u00e9mentaire inclus<br \/>- produit bluesign<\/p>","protected":false},"featured_media":719207,"template":"","meta":[],"product_brand":[],"product_cat":[4193],"product_tag":[],"class_list":{"0":"post-719145","1":"product","2":"type-product","3":"status-publish","4":"has-post-thumbnail","6":"product_cat-polos","7":"pa_brand-helly-hansen","8":"pa_brand-type-workwear","9":"pa_filter-color-blau","10":"pa_filter-color-grau","11":"pa_filter-color-gruen","12":"pa_filter-color-schwarz","13":"pa_filter-color-weiss","15":"first","16":"instock","17":"sale","18":"taxable","19":"shipping-taxable","20":"purchasable","21":"product-type-variable","22":"add-to-wishlist-before_image"},"exclude_global_add_ons":[],"addons":[],"acf":[],"_links":{"self":[{"href":"https:\/\/shop.kustom.ch\/fr\/wp-json\/wp\/v2\/product\/719145"}],"collection":[{"href":"https:\/\/shop.kustom.ch\/fr\/wp-json\/wp\/v2\/product"}],"about":[{"href":"https:\/\/shop.kustom.ch\/fr\/wp-json\/wp\/v2\/types\/product"}],"wp:featuredmedia":[{"embeddable":true,"href":"https:\/\/shop.kustom.ch\/fr\/wp-json\/wp\/v2\/media\/719207"}],"wp:attachment":[{"href":"https:\/\/shop.kustom.ch\/fr\/wp-json\/wp\/v2\/media?parent=719145"}],"wp:term":[{"taxonomy":"product_brand","embeddable":true,"href":"https:\/\/shop.kustom.ch\/fr\/wp-json\/wp\/v2\/product_brand?post=719145"},{"taxonomy":"product_cat","embeddable":true,"href":"https:\/\/shop.kustom.ch\/fr\/wp-json\/wp\/v2\/product_cat?post=719145"},{"taxonomy":"product_tag","embeddable":true,"href":"https:\/\/shop.kustom.ch\/fr\/wp-json\/wp\/v2\/product_tag?post=719145"}],"curies":[{"name":"wp","href":"https:\/\/api.w.org\/{rel}","templated":true}]}}