{"id":719077,"date":"2026-03-24T20:37:48","date_gmt":"2026-03-24T19:37:48","guid":{"rendered":"https:\/\/shop.kustom.ch\/?post_type=product&#038;p=719077"},"modified":"2026-03-24T20:39:50","modified_gmt":"2026-03-24T19:39:50","slug":"evo-t-shirt","status":"publish","type":"product","link":"https:\/\/shop.kustom.ch\/fr\/produit\/evo-t-shirt\/","title":{"rendered":"EVO T-SHIRT"},"content":{"rendered":"<p>Lorsque le confort est essentiel, il n'y a pas de meilleur choix que la Kensington Collection. La combinaison de coton et d'\u00e9lasthanne vous permet de vous sentir \u00e0 l'aise tout au long de votre journ\u00e9e de travail, quelle qu'elle soit.<\/p>\n<p>Mati\u00e8re : Tissu principal : 73 % coton, 20 % polyester, 7 % \u00e9lasthanne - 220 g\/m\u00b2.<\/p>","protected":false},"excerpt":{"rendered":"<p>- Logo Workwear en relief<br \/>- AMANN Fils - Qualit\u00e9 allemande<\/p>","protected":false},"featured_media":719137,"template":"","meta":[],"product_brand":[],"product_cat":[4201],"product_tag":[],"class_list":{"0":"post-719077","1":"product","2":"type-product","3":"status-publish","4":"has-post-thumbnail","6":"product_cat-t-shirts","7":"pa_brand-helly-hansen","8":"pa_brand-type-workwear","9":"pa_filter-color-blau","10":"pa_filter-color-grau","11":"pa_filter-color-schwarz","12":"pa_filter-color-weiss","14":"first","15":"instock","16":"sale","17":"taxable","18":"shipping-taxable","19":"purchasable","20":"product-type-variable","21":"add-to-wishlist-before_image"},"exclude_global_add_ons":[],"addons":[],"acf":[],"_links":{"self":[{"href":"https:\/\/shop.kustom.ch\/fr\/wp-json\/wp\/v2\/product\/719077"}],"collection":[{"href":"https:\/\/shop.kustom.ch\/fr\/wp-json\/wp\/v2\/product"}],"about":[{"href":"https:\/\/shop.kustom.ch\/fr\/wp-json\/wp\/v2\/types\/product"}],"wp:featuredmedia":[{"embeddable":true,"href":"https:\/\/shop.kustom.ch\/fr\/wp-json\/wp\/v2\/media\/719137"}],"wp:attachment":[{"href":"https:\/\/shop.kustom.ch\/fr\/wp-json\/wp\/v2\/media?parent=719077"}],"wp:term":[{"taxonomy":"product_brand","embeddable":true,"href":"https:\/\/shop.kustom.ch\/fr\/wp-json\/wp\/v2\/product_brand?post=719077"},{"taxonomy":"product_cat","embeddable":true,"href":"https:\/\/shop.kustom.ch\/fr\/wp-json\/wp\/v2\/product_cat?post=719077"},{"taxonomy":"product_tag","embeddable":true,"href":"https:\/\/shop.kustom.ch\/fr\/wp-json\/wp\/v2\/product_tag?post=719077"}],"curies":[{"name":"wp","href":"https:\/\/api.w.org\/{rel}","templated":true}]}}