{"id":718994,"date":"2026-03-24T20:36:00","date_gmt":"2026-03-24T19:36:00","guid":{"rendered":"https:\/\/shop.kustom.ch\/?post_type=product&#038;p=718994"},"modified":"2026-03-24T20:38:09","modified_gmt":"2026-03-24T19:38:09","slug":"evo-longsleeve","status":"publish","type":"product","link":"https:\/\/shop.kustom.ch\/fr\/produit\/evo-longsleeve\/","title":{"rendered":"EVO LONGSLEEVE"},"content":{"rendered":"<p>Quand le confort est important, il n'y a pas de meilleur choix que la Kensington Collection. Le t-shirt \u00e0 manches longues est une alternative l\u00e9g\u00e8re et super confortable lorsqu'il fait trop froid pour un t-shirt, mais trop chaud pour un pull.<\/p>\n<p>Mati\u00e8re : Tissu principal : 73 % coton, 20 % polyester, 7 % \u00e9lasthanne - 220 g\/m\u00b2.<\/p>","protected":false},"excerpt":{"rendered":"<p>- Tricot c\u00f4tel\u00e9 \u00e0 l'avant au milieu pour un confort suppl\u00e9mentaire<br \/>- Logo Workwear en relief<br \/>- AMANN Fils - Qualit\u00e9 allemande<\/p>","protected":false},"featured_media":719040,"template":"","meta":[],"product_brand":[],"product_cat":[4191],"product_tag":[],"class_list":{"0":"post-718994","1":"product","2":"type-product","3":"status-publish","4":"has-post-thumbnail","6":"product_cat-longsleeves-sweatshirts","7":"pa_brand-helly-hansen","8":"pa_brand-type-workwear","9":"pa_filter-color-blau","10":"pa_filter-color-grau","11":"pa_filter-color-gruen","12":"pa_filter-color-schwarz","14":"first","15":"instock","16":"sale","17":"taxable","18":"shipping-taxable","19":"purchasable","20":"product-type-variable","21":"add-to-wishlist-before_image"},"exclude_global_add_ons":[],"addons":[],"acf":[],"_links":{"self":[{"href":"https:\/\/shop.kustom.ch\/fr\/wp-json\/wp\/v2\/product\/718994"}],"collection":[{"href":"https:\/\/shop.kustom.ch\/fr\/wp-json\/wp\/v2\/product"}],"about":[{"href":"https:\/\/shop.kustom.ch\/fr\/wp-json\/wp\/v2\/types\/product"}],"wp:featuredmedia":[{"embeddable":true,"href":"https:\/\/shop.kustom.ch\/fr\/wp-json\/wp\/v2\/media\/719040"}],"wp:attachment":[{"href":"https:\/\/shop.kustom.ch\/fr\/wp-json\/wp\/v2\/media?parent=718994"}],"wp:term":[{"taxonomy":"product_brand","embeddable":true,"href":"https:\/\/shop.kustom.ch\/fr\/wp-json\/wp\/v2\/product_brand?post=718994"},{"taxonomy":"product_cat","embeddable":true,"href":"https:\/\/shop.kustom.ch\/fr\/wp-json\/wp\/v2\/product_cat?post=718994"},{"taxonomy":"product_tag","embeddable":true,"href":"https:\/\/shop.kustom.ch\/fr\/wp-json\/wp\/v2\/product_tag?post=718994"}],"curies":[{"name":"wp","href":"https:\/\/api.w.org\/{rel}","templated":true}]}}