{"id":718767,"date":"2026-03-24T20:31:56","date_gmt":"2026-03-24T19:31:56","guid":{"rendered":"https:\/\/shop.kustom.ch\/?post_type=product&#038;p=718767"},"modified":"2026-03-24T20:33:26","modified_gmt":"2026-03-24T19:33:26","slug":"chelsea-evo-t-shirt","status":"publish","type":"product","link":"https:\/\/shop.kustom.ch\/fr\/produit\/chelsea-evo-t-shirt\/","title":{"rendered":"T-SHIRT CHELSEA EVO"},"content":{"rendered":"<p>D\u00e9couvrez le t-shirt Workwear con\u00e7u pour \u00eatre confortable toute la journ\u00e9e. Le T-shirt Chelsea EVO est la pi\u00e8ce pr\u00e9f\u00e9r\u00e9e de tous les professionnels. Le tissu en coton biologique et le bord c\u00f4te au niveau du col garantissent un confort optimal, que ce soit au travail ou lors d'activit\u00e9s de loisirs. La qualit\u00e9 est toujours un bon investissement. Ce t-shirt de travail est cousu avec du fil AMANN de qualit\u00e9 allemande et offre des performances fiables. Le logo Helly Hansen est un \u00e9l\u00e9ment de style caract\u00e9ristique et un signe que vous appr\u00e9ciez l'artisanat moderne.<\/p>\n<p>Coupe : Regular \/ Normale<\/p>\n<p>Mat\u00e9riau : Ext\u00e9rieur : 57 % coton (bio), 38 % polyester (recycl\u00e9), 5 % \u00e9lasthanne<\/p>","protected":false},"excerpt":{"rendered":"<p>- AMANN Fils - Qualit\u00e9 allemande<br \/>- col en tricot c\u00f4tel\u00e9 pour plus de confort<br \/>- Coton biologique<\/p>","protected":false},"featured_media":718832,"template":"","meta":[],"product_brand":[],"product_cat":[4201],"product_tag":[],"class_list":{"0":"post-718767","1":"product","2":"type-product","3":"status-publish","4":"has-post-thumbnail","6":"product_cat-t-shirts","7":"pa_brand-helly-hansen","8":"pa_brand-type-workwear","9":"pa_filter-color-blau","10":"pa_filter-color-grau","11":"pa_filter-color-schwarz","12":"pa_filter-color-weiss","14":"first","15":"instock","16":"sale","17":"taxable","18":"shipping-taxable","19":"purchasable","20":"product-type-variable","21":"add-to-wishlist-before_image"},"exclude_global_add_ons":[],"addons":[],"acf":[],"_links":{"self":[{"href":"https:\/\/shop.kustom.ch\/fr\/wp-json\/wp\/v2\/product\/718767"}],"collection":[{"href":"https:\/\/shop.kustom.ch\/fr\/wp-json\/wp\/v2\/product"}],"about":[{"href":"https:\/\/shop.kustom.ch\/fr\/wp-json\/wp\/v2\/types\/product"}],"wp:featuredmedia":[{"embeddable":true,"href":"https:\/\/shop.kustom.ch\/fr\/wp-json\/wp\/v2\/media\/718832"}],"wp:attachment":[{"href":"https:\/\/shop.kustom.ch\/fr\/wp-json\/wp\/v2\/media?parent=718767"}],"wp:term":[{"taxonomy":"product_brand","embeddable":true,"href":"https:\/\/shop.kustom.ch\/fr\/wp-json\/wp\/v2\/product_brand?post=718767"},{"taxonomy":"product_cat","embeddable":true,"href":"https:\/\/shop.kustom.ch\/fr\/wp-json\/wp\/v2\/product_cat?post=718767"},{"taxonomy":"product_tag","embeddable":true,"href":"https:\/\/shop.kustom.ch\/fr\/wp-json\/wp\/v2\/product_tag?post=718767"}],"curies":[{"name":"wp","href":"https:\/\/api.w.org\/{rel}","templated":true}]}}