{"id":718766,"date":"2026-03-24T20:31:56","date_gmt":"2026-03-24T19:31:56","guid":{"rendered":"https:\/\/shop.kustom.ch\/?post_type=product&#038;p=718766"},"modified":"2026-03-24T20:33:02","modified_gmt":"2026-03-24T19:33:02","slug":"chelsea-evo-zip-hoodie","status":"publish","type":"product","link":"https:\/\/shop.kustom.ch\/fr\/produit\/chelsea-evo-zip-hoodie\/","title":{"rendered":"HOODIE ZIP CHELSEA EVO"},"content":{"rendered":"<p>Ce n'est pas parce que les sweats \u00e0 capuche pour le travail doivent \u00eatre r\u00e9sistants qu'ils ne peuvent pas \u00eatre styl\u00e9s et professionnels. Avec les accents distinctifs de la marque, le sweat \u00e0 capuche zipp\u00e9 Chelsea EVO montre \u00e0 tous les autres que vous accordez de l'importance \u00e0 la performance en mati\u00e8re de design. Avec sa maille 3D, son coton bio, ses fermetures \u00e0 glissi\u00e8re YKK\u00ae et son fil de qualit\u00e9 allemande, ce sweat \u00e0 capuche distinctif est l'incarnation du confort d\u00e9contract\u00e9 et de la performance de pointe. Les poignets r\u00e9glables ainsi qu'un cordon de serrage \u00e9lastique dans la capuche et l'ourlet assurent un ajustement parfait. Les poches \u00e0 glissi\u00e8re pour les mains permettent de ranger les petits objets en toute s\u00e9curit\u00e9. Avec leur design d'inspiration nordique, les sweats \u00e0 capuche Chelsea EVO sont parfaits pour le travail, les loisirs et toutes sortes d'autres activit\u00e9s.<\/p>\n<p>Coupe : Regular \/ Normale<\/p>\n<p>Composition : Ext\u00e9rieur : 83 % coton biologique, 17 % polyester (recycl\u00e9) - Doublure : 100 % polyester<\/p>","protected":false},"excerpt":{"rendered":"<p>- AMANN Fils - Qualit\u00e9 allemande<br \/>- fermeture \u00e0 glissi\u00e8re YKK<br \/>- Construction avec maillage 3D<br \/>- Capuche r\u00e9glable avec cordon de serrage<br \/>- Poches \u00e0 tiroirs avec fermeture \u00e9clair YKK<br \/>- Poignets r\u00e9glables<br \/>- Ourlet r\u00e9glable avec cordon de serrage \u00e9lastique<br \/>- Coton biologique<\/p>","protected":false},"featured_media":718806,"template":"","meta":[],"product_brand":[],"product_cat":[4184],"product_tag":[],"class_list":{"0":"post-718766","1":"product","2":"type-product","3":"status-publish","4":"has-post-thumbnail","6":"product_cat-hoodies-pullover","7":"pa_brand-helly-hansen","8":"pa_brand-type-workwear","9":"pa_filter-color-blau","10":"pa_filter-color-grau","11":"pa_filter-color-schwarz","13":"first","14":"instock","15":"sale","16":"taxable","17":"shipping-taxable","18":"purchasable","19":"product-type-variable","20":"add-to-wishlist-before_image"},"exclude_global_add_ons":[],"addons":[],"acf":[],"_links":{"self":[{"href":"https:\/\/shop.kustom.ch\/fr\/wp-json\/wp\/v2\/product\/718766"}],"collection":[{"href":"https:\/\/shop.kustom.ch\/fr\/wp-json\/wp\/v2\/product"}],"about":[{"href":"https:\/\/shop.kustom.ch\/fr\/wp-json\/wp\/v2\/types\/product"}],"wp:featuredmedia":[{"embeddable":true,"href":"https:\/\/shop.kustom.ch\/fr\/wp-json\/wp\/v2\/media\/718806"}],"wp:attachment":[{"href":"https:\/\/shop.kustom.ch\/fr\/wp-json\/wp\/v2\/media?parent=718766"}],"wp:term":[{"taxonomy":"product_brand","embeddable":true,"href":"https:\/\/shop.kustom.ch\/fr\/wp-json\/wp\/v2\/product_brand?post=718766"},{"taxonomy":"product_cat","embeddable":true,"href":"https:\/\/shop.kustom.ch\/fr\/wp-json\/wp\/v2\/product_cat?post=718766"},{"taxonomy":"product_tag","embeddable":true,"href":"https:\/\/shop.kustom.ch\/fr\/wp-json\/wp\/v2\/product_tag?post=718766"}],"curies":[{"name":"wp","href":"https:\/\/api.w.org\/{rel}","templated":true}]}}