{"id":718679,"date":"2026-03-24T20:30:42","date_gmt":"2026-03-24T19:30:42","guid":{"rendered":"https:\/\/shop.kustom.ch\/?post_type=product&#038;p=718679"},"modified":"2026-03-24T20:32:40","modified_gmt":"2026-03-24T19:32:40","slug":"classic-longsleeve","status":"publish","type":"product","link":"https:\/\/shop.kustom.ch\/fr\/produit\/classic-longsleeve\/","title":{"rendered":"MANCHETTE LONGUE CLASSIQUE"},"content":{"rendered":"<p>Certains styles sont de v\u00e9ritables classiques, et ce pour une bonne raison. La chemise Classic Longsleeve est indispensable dans la garde-robe et rend de fiers services aussi bien au travail qu'\u00e0 la maison. La chemise en 100 % coton a un col c\u00f4tel\u00e9 flexible et un look intemporel.<\/p>\n<p>Coupe : Regular \/ Normale<\/p>\n<p>Mat\u00e9riau : Mat\u00e9riau principal : 100 % coton, 150 g\/m\u00b2.<\/p>","protected":false},"excerpt":{"rendered":"<p>- col en tricot c\u00f4tel\u00e9 pour plus de confort<br \/>- Coutures lat\u00e9rales<\/p>","protected":false},"featured_media":718734,"template":"","meta":[],"product_brand":[],"product_cat":[4191],"product_tag":[],"class_list":{"0":"post-718679","1":"product","2":"type-product","3":"status-publish","4":"has-post-thumbnail","6":"product_cat-longsleeves-sweatshirts","7":"pa_brand-helly-hansen","8":"pa_brand-type-workwear","9":"pa_filter-color-blau","10":"pa_filter-color-grau","11":"pa_filter-color-rot","12":"pa_filter-color-schwarz","13":"pa_filter-color-weiss","15":"first","16":"instock","17":"sale","18":"taxable","19":"shipping-taxable","20":"purchasable","21":"product-type-variable","22":"add-to-wishlist-before_image"},"exclude_global_add_ons":[],"addons":[],"acf":[],"_links":{"self":[{"href":"https:\/\/shop.kustom.ch\/fr\/wp-json\/wp\/v2\/product\/718679"}],"collection":[{"href":"https:\/\/shop.kustom.ch\/fr\/wp-json\/wp\/v2\/product"}],"about":[{"href":"https:\/\/shop.kustom.ch\/fr\/wp-json\/wp\/v2\/types\/product"}],"wp:featuredmedia":[{"embeddable":true,"href":"https:\/\/shop.kustom.ch\/fr\/wp-json\/wp\/v2\/media\/718734"}],"wp:attachment":[{"href":"https:\/\/shop.kustom.ch\/fr\/wp-json\/wp\/v2\/media?parent=718679"}],"wp:term":[{"taxonomy":"product_brand","embeddable":true,"href":"https:\/\/shop.kustom.ch\/fr\/wp-json\/wp\/v2\/product_brand?post=718679"},{"taxonomy":"product_cat","embeddable":true,"href":"https:\/\/shop.kustom.ch\/fr\/wp-json\/wp\/v2\/product_cat?post=718679"},{"taxonomy":"product_tag","embeddable":true,"href":"https:\/\/shop.kustom.ch\/fr\/wp-json\/wp\/v2\/product_tag?post=718679"}],"curies":[{"name":"wp","href":"https:\/\/api.w.org\/{rel}","templated":true}]}}