{"id":718625,"date":"2026-03-24T20:29:58","date_gmt":"2026-03-24T19:29:58","guid":{"rendered":"https:\/\/shop.kustom.ch\/?post_type=product&#038;p=718625"},"modified":"2026-03-24T20:31:30","modified_gmt":"2026-03-24T19:31:30","slug":"w-classic-polo","status":"publish","type":"product","link":"https:\/\/shop.kustom.ch\/fr\/produit\/w-classic-polo\/","title":{"rendered":"W CLASSIC POLO"},"content":{"rendered":"<p>Un polo tricot\u00e9 est \u00e0 la fois synonyme de travail acharn\u00e9 et de professionnalisme. Notre polo classique en coton pour femmes a un col c\u00f4tel\u00e9 de qualit\u00e9 et une patte de boutonnage - parfait pour le travail ou le week-end.<\/p>\n<p>Coupe : Regular \/ Normale<\/p>\n<p>Mat\u00e9riel : Mat\u00e9riel principal : 100 % coton - 190 g\/m\u00b2.<\/p>","protected":false},"excerpt":{"rendered":"<p>- Patte de boutonnage sur le devant<br \/>- Coutures lat\u00e9rales<br \/>- Bouton suppl\u00e9mentaire inclus<\/p>","protected":false},"featured_media":718669,"template":"","meta":[],"product_brand":[],"product_cat":[4193],"product_tag":[],"class_list":{"0":"post-718625","1":"product","2":"type-product","3":"status-publish","4":"has-post-thumbnail","6":"product_cat-polos","7":"pa_brand-helly-hansen","8":"pa_brand-type-workwear","9":"pa_filter-color-blau","10":"pa_filter-color-grau","11":"pa_filter-color-rot","12":"pa_filter-color-schwarz","13":"pa_filter-color-weiss","15":"first","16":"instock","17":"sale","18":"taxable","19":"shipping-taxable","20":"purchasable","21":"product-type-variable","22":"add-to-wishlist-before_image"},"exclude_global_add_ons":[],"addons":[],"acf":[],"_links":{"self":[{"href":"https:\/\/shop.kustom.ch\/fr\/wp-json\/wp\/v2\/product\/718625"}],"collection":[{"href":"https:\/\/shop.kustom.ch\/fr\/wp-json\/wp\/v2\/product"}],"about":[{"href":"https:\/\/shop.kustom.ch\/fr\/wp-json\/wp\/v2\/types\/product"}],"wp:featuredmedia":[{"embeddable":true,"href":"https:\/\/shop.kustom.ch\/fr\/wp-json\/wp\/v2\/media\/718669"}],"wp:attachment":[{"href":"https:\/\/shop.kustom.ch\/fr\/wp-json\/wp\/v2\/media?parent=718625"}],"wp:term":[{"taxonomy":"product_brand","embeddable":true,"href":"https:\/\/shop.kustom.ch\/fr\/wp-json\/wp\/v2\/product_brand?post=718625"},{"taxonomy":"product_cat","embeddable":true,"href":"https:\/\/shop.kustom.ch\/fr\/wp-json\/wp\/v2\/product_cat?post=718625"},{"taxonomy":"product_tag","embeddable":true,"href":"https:\/\/shop.kustom.ch\/fr\/wp-json\/wp\/v2\/product_tag?post=718625"}],"curies":[{"name":"wp","href":"https:\/\/api.w.org\/{rel}","templated":true}]}}