{"id":718464,"date":"2026-03-24T20:28:01","date_gmt":"2026-03-24T19:28:01","guid":{"rendered":"https:\/\/shop.kustom.ch\/?post_type=product&#038;p=718464"},"modified":"2026-03-24T20:29:35","modified_gmt":"2026-03-24T19:29:35","slug":"w-classic-t-shirt","status":"publish","type":"product","link":"https:\/\/shop.kustom.ch\/fr\/produit\/w-classic-t-shirt\/","title":{"rendered":"W CLASSIC T-SHIRT"},"content":{"rendered":"<p>Un t-shirt \u00e0 la coupe classique est indispensable dans une garde-robe et peut \u00eatre port\u00e9 au travail ou \u00e0 la maison. Ce mod\u00e8le uni en 100 % coton est con\u00e7u pour la silhouette f\u00e9minine. Le col c\u00f4tel\u00e9 assure flexibilit\u00e9 et confort.<\/p>\n<p>Coupe : Regular \/ Normale<\/p>\n<p>Mat\u00e9riel : Mat\u00e9riel principal : 100 % coton - 150 g\/m\u00b2.<\/p>","protected":false},"excerpt":{"rendered":"<p>- col en tricot c\u00f4tel\u00e9 pour plus de confort<br \/>- Coutures lat\u00e9rales<\/p>","protected":false},"featured_media":718523,"template":"","meta":[],"product_brand":[],"product_cat":[4201],"product_tag":[],"class_list":{"0":"post-718464","1":"product","2":"type-product","3":"status-publish","4":"has-post-thumbnail","6":"product_cat-t-shirts","7":"pa_brand-helly-hansen","8":"pa_brand-type-workwear","9":"pa_filter-color-blau","10":"pa_filter-color-grau","11":"pa_filter-color-rot","12":"pa_filter-color-schwarz","13":"pa_filter-color-weiss","15":"first","16":"instock","17":"sale","18":"taxable","19":"shipping-taxable","20":"purchasable","21":"product-type-variable","22":"add-to-wishlist-before_image"},"exclude_global_add_ons":[],"addons":[],"acf":[],"_links":{"self":[{"href":"https:\/\/shop.kustom.ch\/fr\/wp-json\/wp\/v2\/product\/718464"}],"collection":[{"href":"https:\/\/shop.kustom.ch\/fr\/wp-json\/wp\/v2\/product"}],"about":[{"href":"https:\/\/shop.kustom.ch\/fr\/wp-json\/wp\/v2\/types\/product"}],"wp:featuredmedia":[{"embeddable":true,"href":"https:\/\/shop.kustom.ch\/fr\/wp-json\/wp\/v2\/media\/718523"}],"wp:attachment":[{"href":"https:\/\/shop.kustom.ch\/fr\/wp-json\/wp\/v2\/media?parent=718464"}],"wp:term":[{"taxonomy":"product_brand","embeddable":true,"href":"https:\/\/shop.kustom.ch\/fr\/wp-json\/wp\/v2\/product_brand?post=718464"},{"taxonomy":"product_cat","embeddable":true,"href":"https:\/\/shop.kustom.ch\/fr\/wp-json\/wp\/v2\/product_cat?post=718464"},{"taxonomy":"product_tag","embeddable":true,"href":"https:\/\/shop.kustom.ch\/fr\/wp-json\/wp\/v2\/product_tag?post=718464"}],"curies":[{"name":"wp","href":"https:\/\/api.w.org\/{rel}","templated":true}]}}