{"id":718329,"date":"2026-03-24T20:26:03","date_gmt":"2026-03-24T19:26:03","guid":{"rendered":"https:\/\/shop.kustom.ch\/?post_type=product&#038;p=718329"},"modified":"2026-03-24T20:27:59","modified_gmt":"2026-03-24T19:27:59","slug":"w-classic-longsleeve","status":"publish","type":"product","link":"https:\/\/shop.kustom.ch\/fr\/produit\/w-classic-longsleeve\/","title":{"rendered":"W CLASSIC LONGSLEEVE"},"content":{"rendered":"<p>Certains styles sont de v\u00e9ritables classiques pour de bonnes raisons - ils sont polyvalents et confortables. Notre chemise Classic Longsleeve Shirt de Helly Hansen est indispensable dans la garde-robe et rend de grands services aussi bien au travail qu'\u00e0 la maison. La chemise en 100 % coton a un col c\u00f4tel\u00e9 flexible et un look intemporel.<\/p>\n<p>Coupe : Regular \/ Normale<\/p>\n<p>Mat\u00e9riel : Mat\u00e9riel principal : 100 % coton - 150 g\/m\u00b2.<\/p>","protected":false},"excerpt":{"rendered":"<p>- col en tricot c\u00f4tel\u00e9 pour plus de confort<br \/>- Coutures lat\u00e9rales<\/p>","protected":false},"featured_media":718387,"template":"","meta":[],"product_brand":[],"product_cat":[4191],"product_tag":[],"class_list":{"0":"post-718329","1":"product","2":"type-product","3":"status-publish","4":"has-post-thumbnail","6":"product_cat-longsleeves-sweatshirts","7":"pa_brand-helly-hansen","8":"pa_brand-type-workwear","9":"pa_filter-color-blau","10":"pa_filter-color-grau","11":"pa_filter-color-rot","12":"pa_filter-color-schwarz","13":"pa_filter-color-weiss","15":"first","16":"instock","17":"sale","18":"taxable","19":"shipping-taxable","20":"purchasable","21":"product-type-variable","22":"add-to-wishlist-before_image"},"exclude_global_add_ons":[],"addons":[],"acf":[],"_links":{"self":[{"href":"https:\/\/shop.kustom.ch\/fr\/wp-json\/wp\/v2\/product\/718329"}],"collection":[{"href":"https:\/\/shop.kustom.ch\/fr\/wp-json\/wp\/v2\/product"}],"about":[{"href":"https:\/\/shop.kustom.ch\/fr\/wp-json\/wp\/v2\/types\/product"}],"wp:featuredmedia":[{"embeddable":true,"href":"https:\/\/shop.kustom.ch\/fr\/wp-json\/wp\/v2\/media\/718387"}],"wp:attachment":[{"href":"https:\/\/shop.kustom.ch\/fr\/wp-json\/wp\/v2\/media?parent=718329"}],"wp:term":[{"taxonomy":"product_brand","embeddable":true,"href":"https:\/\/shop.kustom.ch\/fr\/wp-json\/wp\/v2\/product_brand?post=718329"},{"taxonomy":"product_cat","embeddable":true,"href":"https:\/\/shop.kustom.ch\/fr\/wp-json\/wp\/v2\/product_cat?post=718329"},{"taxonomy":"product_tag","embeddable":true,"href":"https:\/\/shop.kustom.ch\/fr\/wp-json\/wp\/v2\/product_tag?post=718329"}],"curies":[{"name":"wp","href":"https:\/\/api.w.org\/{rel}","templated":true}]}}