{"id":718243,"date":"2026-03-24T20:24:48","date_gmt":"2026-03-24T19:24:48","guid":{"rendered":"https:\/\/shop.kustom.ch\/?post_type=product&#038;p=718243"},"modified":"2026-03-24T20:25:59","modified_gmt":"2026-03-24T19:25:59","slug":"addvis-sweatshirt","status":"publish","type":"product","link":"https:\/\/shop.kustom.ch\/fr\/produit\/addvis-sweatshirt\/","title":{"rendered":"ADDVIS SWEATSHIRT"},"content":{"rendered":"<p>Le sweat Addvis combine des mati\u00e8res douces et des reflets stretch pour garantir un confort maximal. La certification Hi Vis garantit votre s\u00e9curit\u00e9 et votre visibilit\u00e9 au travail.<\/p>\n<p>Coupe : Regular \/ Normale<\/p>\n<p>Mat\u00e9riel : Mat\u00e9riel principal : 100 % polyester - 300 g\/m\u00b2.<br \/> C\u00f4te : 97 % polyester, 3 % \u00e9lasthanne - 405 g\/m\u00b2.<\/p>","protected":false},"excerpt":{"rendered":"<p>- EN ISO 20471:2013 : 3 : taille S-&gt;<br \/>- EN ISO 20471:2013 : 2 : taille XS-&gt;<br \/>- Mat\u00e9riau avec stretch 4 directions<br \/>- col en tricot c\u00f4tel\u00e9 pour plus de confort<br \/>- Poignets en tricot c\u00f4tel\u00e9<br \/>- bord-c\u00f4te \u00e0 l'ourlet inf\u00e9rieur<br \/>- Porte-badge<br \/>- produit bluesign<\/p>","protected":false},"featured_media":718298,"template":"","meta":[],"product_brand":[],"product_cat":[4191],"product_tag":[],"class_list":{"0":"post-718243","1":"product","2":"type-product","3":"status-publish","4":"has-post-thumbnail","6":"product_cat-longsleeves-sweatshirts","7":"pa_brand-helly-hansen","8":"pa_brand-type-workwear","9":"pa_filter-color-gelb","10":"pa_filter-color-orange","11":"pa_filter-color-rot","13":"first","14":"instock","15":"sale","16":"taxable","17":"shipping-taxable","18":"purchasable","19":"product-type-variable","20":"add-to-wishlist-before_image"},"exclude_global_add_ons":[],"addons":[],"acf":[],"_links":{"self":[{"href":"https:\/\/shop.kustom.ch\/fr\/wp-json\/wp\/v2\/product\/718243"}],"collection":[{"href":"https:\/\/shop.kustom.ch\/fr\/wp-json\/wp\/v2\/product"}],"about":[{"href":"https:\/\/shop.kustom.ch\/fr\/wp-json\/wp\/v2\/types\/product"}],"wp:featuredmedia":[{"embeddable":true,"href":"https:\/\/shop.kustom.ch\/fr\/wp-json\/wp\/v2\/media\/718298"}],"wp:attachment":[{"href":"https:\/\/shop.kustom.ch\/fr\/wp-json\/wp\/v2\/media?parent=718243"}],"wp:term":[{"taxonomy":"product_brand","embeddable":true,"href":"https:\/\/shop.kustom.ch\/fr\/wp-json\/wp\/v2\/product_brand?post=718243"},{"taxonomy":"product_cat","embeddable":true,"href":"https:\/\/shop.kustom.ch\/fr\/wp-json\/wp\/v2\/product_cat?post=718243"},{"taxonomy":"product_tag","embeddable":true,"href":"https:\/\/shop.kustom.ch\/fr\/wp-json\/wp\/v2\/product_tag?post=718243"}],"curies":[{"name":"wp","href":"https:\/\/api.w.org\/{rel}","templated":true}]}}