{"id":718180,"date":"2026-03-24T20:23:02","date_gmt":"2026-03-24T19:23:02","guid":{"rendered":"https:\/\/shop.kustom.ch\/?post_type=product&#038;p=718180"},"modified":"2026-03-24T20:24:45","modified_gmt":"2026-03-24T19:24:45","slug":"addvis-polo","status":"publish","type":"product","link":"https:\/\/shop.kustom.ch\/fr\/produit\/addvis-polo\/","title":{"rendered":"ADDVIS POLO"},"content":{"rendered":"<p>Le polo Addvis combine des mat\u00e9riaux doux et des reflets stretch pour garantir un confort maximal. La certification Hi Vis garantit votre s\u00e9curit\u00e9 et votre visibilit\u00e9 au travail.<\/p>\n<p>Coupe : Regular \/ Normale<\/p>\n<p>Mat\u00e9riau : Mat\u00e9riau principal : 100 polyester % - 143 g\/m\u00b2.<\/p>","protected":false},"excerpt":{"rendered":"<p>- EN ISO 20471:2013 : 2 : tailles M-&gt;.<br \/>- EN ISO 20471:2013 : 1 : tailles X-S<br \/>- RIS-3279-TOM:2019 : Tailles M-&gt; Orange seulement<br \/>- EN 13758-2:2003+A1:2006<br \/>- Mat\u00e9riau avec stretch 4 directions<br \/>- produit bluesign<\/p>","protected":false},"featured_media":718213,"template":"","meta":[],"product_brand":[],"product_cat":[4193],"product_tag":[],"class_list":{"0":"post-718180","1":"product","2":"type-product","3":"status-publish","4":"has-post-thumbnail","6":"product_cat-polos","7":"pa_brand-helly-hansen","8":"pa_brand-type-workwear","9":"pa_filter-color-gelb","10":"pa_filter-color-orange","12":"first","13":"instock","14":"sale","15":"taxable","16":"shipping-taxable","17":"purchasable","18":"product-type-variable","19":"add-to-wishlist-before_image"},"exclude_global_add_ons":[],"addons":[],"acf":[],"_links":{"self":[{"href":"https:\/\/shop.kustom.ch\/fr\/wp-json\/wp\/v2\/product\/718180"}],"collection":[{"href":"https:\/\/shop.kustom.ch\/fr\/wp-json\/wp\/v2\/product"}],"about":[{"href":"https:\/\/shop.kustom.ch\/fr\/wp-json\/wp\/v2\/types\/product"}],"wp:featuredmedia":[{"embeddable":true,"href":"https:\/\/shop.kustom.ch\/fr\/wp-json\/wp\/v2\/media\/718213"}],"wp:attachment":[{"href":"https:\/\/shop.kustom.ch\/fr\/wp-json\/wp\/v2\/media?parent=718180"}],"wp:term":[{"taxonomy":"product_brand","embeddable":true,"href":"https:\/\/shop.kustom.ch\/fr\/wp-json\/wp\/v2\/product_brand?post=718180"},{"taxonomy":"product_cat","embeddable":true,"href":"https:\/\/shop.kustom.ch\/fr\/wp-json\/wp\/v2\/product_cat?post=718180"},{"taxonomy":"product_tag","embeddable":true,"href":"https:\/\/shop.kustom.ch\/fr\/wp-json\/wp\/v2\/product_tag?post=718180"}],"curies":[{"name":"wp","href":"https:\/\/api.w.org\/{rel}","templated":true}]}}