{"id":716796,"date":"2026-03-24T19:49:37","date_gmt":"2026-03-24T18:49:37","guid":{"rendered":"https:\/\/shop.kustom.ch\/?post_type=product&#038;p=716796"},"modified":"2026-03-24T19:50:03","modified_gmt":"2026-03-24T18:50:03","slug":"alna-2-0-work-suit","status":"publish","type":"product","link":"https:\/\/shop.kustom.ch\/fr\/produit\/alna-2-0-work-suit\/","title":{"rendered":"ALNA 2.0 COMBINAISON DE TRAVAIL"},"content":{"rendered":"<p>Coupe : Regular \/ Normale<\/p>\n<p>Mati\u00e8re principale : 83 % polyester, 14 % coton, 3 % \u00e9lasthanne - 320 g\/m\u00b2.<br \/>Renforcement : 100 % polyamide - 210 g\/m<\/p>","protected":false},"excerpt":{"rendered":"<p>- EN ISO 20471:2013 : 3<br \/>- Les fils AMANN<br \/>- fermeture \u00e0 glissi\u00e8re YKK<br \/>- Renfort en Cordura\u00ae avec stretch<br \/>- Mat\u00e9riau avec stretch bidirectionnel<br \/>- Sans coutures aux \u00e9paules<br \/>- col int\u00e9rieur en polyester bross\u00e9<br \/>- poche poitrine avec fermeture \u00e9clair YKK<br \/>- poches poitrine avec fermeture \u00e9clair YKK<br \/>- poche Napol\u00e9on, il n'est pas n\u00e9cessaire d'ouvrir la combinaison pour y acc\u00e9der<br \/>- Poignets r\u00e9glables<br \/>- Manches pr\u00e9form\u00e9es pour une libert\u00e9 de mouvement optimale<br \/>- Taille ajustable<br \/>- Large boucle de ceinture \u00e0 l'arri\u00e8re au milieu pour une stabilit\u00e9 et une r\u00e9sistance suppl\u00e9mentaires<br \/>- Gousset \u00e0 l'entrejambe pour une libert\u00e9 de mouvement optimale<br \/>- Poche sur la cuisse avec fermeture velcro et plusieurs compartiments<br \/>- poche m\u00e8tre pliant en Cordura\u00ae renforc\u00e9<br \/>- Boutons m\u00e9talliques recouverts de plastique<br \/>- genoux pr\u00e9form\u00e9s pour une libert\u00e9 de mouvement optimale<br \/>- renforts en Cordura\u00ae avec stretch aux genoux et au bas des jambes<br \/>- Poches pour genouill\u00e8res accessibles de l'int\u00e9rieur<br \/>- La genouill\u00e8re peut \u00eatre d\u00e9plac\u00e9e jusqu'\u00e0 5 cm pour garantir une libert\u00e9 de mouvement optimale<br \/>- la longueur des jambes peut \u00eatre rallong\u00e9e de 5 cm<br \/>- Porte-badge<\/p>","protected":false},"featured_media":716808,"template":"","meta":[],"product_brand":[],"product_cat":[10454],"product_tag":[],"class_list":{"0":"post-716796","1":"product","2":"type-product","3":"status-publish","4":"has-post-thumbnail","6":"product_cat-overalls","7":"pa_brand-helly-hansen","8":"pa_brand-type-workwear","9":"pa_filter-color-gelb","10":"pa_filter-color-orange","12":"first","13":"instock","14":"sale","15":"taxable","16":"shipping-taxable","17":"purchasable","18":"product-type-variable","19":"add-to-wishlist-before_image"},"exclude_global_add_ons":[],"addons":[],"acf":[],"_links":{"self":[{"href":"https:\/\/shop.kustom.ch\/fr\/wp-json\/wp\/v2\/product\/716796"}],"collection":[{"href":"https:\/\/shop.kustom.ch\/fr\/wp-json\/wp\/v2\/product"}],"about":[{"href":"https:\/\/shop.kustom.ch\/fr\/wp-json\/wp\/v2\/types\/product"}],"wp:featuredmedia":[{"embeddable":true,"href":"https:\/\/shop.kustom.ch\/fr\/wp-json\/wp\/v2\/media\/716808"}],"wp:attachment":[{"href":"https:\/\/shop.kustom.ch\/fr\/wp-json\/wp\/v2\/media?parent=716796"}],"wp:term":[{"taxonomy":"product_brand","embeddable":true,"href":"https:\/\/shop.kustom.ch\/fr\/wp-json\/wp\/v2\/product_brand?post=716796"},{"taxonomy":"product_cat","embeddable":true,"href":"https:\/\/shop.kustom.ch\/fr\/wp-json\/wp\/v2\/product_cat?post=716796"},{"taxonomy":"product_tag","embeddable":true,"href":"https:\/\/shop.kustom.ch\/fr\/wp-json\/wp\/v2\/product_tag?post=716796"}],"curies":[{"name":"wp","href":"https:\/\/api.w.org\/{rel}","templated":true}]}}