{"id":716673,"date":"2026-03-24T19:48:29","date_gmt":"2026-03-24T18:48:29","guid":{"rendered":"https:\/\/shop.kustom.ch\/?post_type=product&#038;p=716673"},"modified":"2026-03-24T19:50:01","modified_gmt":"2026-03-24T18:50:01","slug":"oxford-2-0-cnct-bib","status":"publish","type":"product","link":"https:\/\/shop.kustom.ch\/fr\/produit\/oxford-2-0-cnct-bib\/","title":{"rendered":"OXFORD 2.0 CNCT BIB"},"content":{"rendered":"<p>Si vous recherchez une coupe et une forme diff\u00e9rentes de celles d'un pantalon de travail standard, la salopette Oxford 2.0 CNCT est faite pour vous. Cette salopette r\u00e9sistante est dot\u00e9e de d\u00e9tails de conception modernes tels que des empi\u00e8cements stretch, une ceinture et des bretelles \u00e9lastiques ainsi que des genoux articul\u00e9s. L'ouverture lat\u00e9rale boutonn\u00e9e permet de se glisser facilement dans le pantalon, qui offre une qualit\u00e9 technique de tout premier ordre. Des genouill\u00e8res accessibles de l'ext\u00e9rieur, qui s'adaptent \u00e0 votre corps, et une longueur de jambe r\u00e9glable \u00e0 l'aide de boutons-pression garantissent un confort personnalisable. La polyvalence est la norme en ce qui concerne les fixations pour les solutions de poches HH Connect\u2122. Les possibilit\u00e9s de rangement int\u00e9gr\u00e9es comprennent des poches sur les cuisses avec plusieurs compartiments, ainsi que des poches \u00e0 tiroirs, des poches pour m\u00e8tre pliant et des poches poitrine. Des renforts en Cordura\u00ae aux genoux et \u00e0 l'ourlet garantissent que votre combinaison offre des performances fiables, m\u00eame dans des conditions difficiles. Du gousset \u00e0 l'entrejambe pour une plus grande libert\u00e9 de mouvement aux fermetures \u00e0 glissi\u00e8re et aux fils industriels de haute qualit\u00e9, en passant par les d\u00e9tails de conception r\u00e9fl\u00e9chissants, HH Workwear se concentre sur une solution vestimentaire compl\u00e8te pour que vous puissiez vous concentrer sur votre travail.<\/p>\n<p>Coupe : Regular \/ Normale<\/p>\n<p>Mati\u00e8re principale : 79 % coton, 18 % polyester, 3 % \u00e9lastol\u00e9fine - 265 g\/m\u00b2.<br \/>\nMati\u00e8re secondaire : 94 % polyamide, 6 % \u00e9lasthanne - 250 g\/m\u00b2.<br \/>\nRenforcement : 100 % polyamide - 210 g\/m<\/p>","protected":false},"excerpt":{"rendered":"<p>- AMANN Fils - Qualit\u00e9 allemande<br \/>- fermeture \u00e0 glissi\u00e8re YKK<br \/>- Renfort en Cordura\u00ae avec stretch<br \/>- Compatible avec HH Connect\u2122<br \/>- Inserts stretch pour un ajustement optimal<br \/>- Ouverture lat\u00e9rale avec boutons<br \/>- Poches pour les mains<br \/>- Passants de ceinture<br \/>- Taille \u00e9lastique<br \/>- Bretelles \u00e9lastiques<br \/>- Poches poitrine<br \/>- Gousset \u00e0 l'entrejambe pour une libert\u00e9 de mouvement optimale<br \/>- Fixation pour les sacoches HH Connect\u2122<br \/>- Poche sur la cuisse avec fermeture velcro et plusieurs compartiments<br \/>- Poche m\u00e8tre pliant<br \/>- Boutons m\u00e9talliques recouverts de plastique<br \/>- Poches de protection des genoux accessibles de l'ext\u00e9rieur<br \/>- La genouill\u00e8re peut \u00eatre d\u00e9plac\u00e9e jusqu'\u00e0 5 cm pour garantir une libert\u00e9 de mouvement optimale<br \/>- genoux pr\u00e9form\u00e9s pour une libert\u00e9 de mouvement optimale<br \/>- renforts en Cordura\u00ae avec stretch aux genoux et au bas des jambes<br \/>- la longueur des jambes peut \u00eatre rallong\u00e9e de 5 cm<br \/>- Bas de jambe r\u00e9glable avec boutons-pression<br \/>- D\u00e9tails de design r\u00e9fl\u00e9chissants<\/p>","protected":false},"featured_media":716708,"template":"","meta":[],"product_brand":[],"product_cat":[4185],"product_tag":[],"class_list":{"0":"post-716673","1":"product","2":"type-product","3":"status-publish","4":"has-post-thumbnail","6":"product_cat-hosen","7":"pa_brand-helly-hansen","8":"pa_brand-type-workwear","9":"pa_filter-color-blau","10":"pa_filter-color-schwarz","12":"first","13":"instock","14":"sale","15":"taxable","16":"shipping-taxable","17":"purchasable","18":"product-type-variable","19":"add-to-wishlist-before_image"},"exclude_global_add_ons":[],"addons":[],"acf":[],"_links":{"self":[{"href":"https:\/\/shop.kustom.ch\/fr\/wp-json\/wp\/v2\/product\/716673"}],"collection":[{"href":"https:\/\/shop.kustom.ch\/fr\/wp-json\/wp\/v2\/product"}],"about":[{"href":"https:\/\/shop.kustom.ch\/fr\/wp-json\/wp\/v2\/types\/product"}],"wp:featuredmedia":[{"embeddable":true,"href":"https:\/\/shop.kustom.ch\/fr\/wp-json\/wp\/v2\/media\/716708"}],"wp:attachment":[{"href":"https:\/\/shop.kustom.ch\/fr\/wp-json\/wp\/v2\/media?parent=716673"}],"wp:term":[{"taxonomy":"product_brand","embeddable":true,"href":"https:\/\/shop.kustom.ch\/fr\/wp-json\/wp\/v2\/product_brand?post=716673"},{"taxonomy":"product_cat","embeddable":true,"href":"https:\/\/shop.kustom.ch\/fr\/wp-json\/wp\/v2\/product_cat?post=716673"},{"taxonomy":"product_tag","embeddable":true,"href":"https:\/\/shop.kustom.ch\/fr\/wp-json\/wp\/v2\/product_tag?post=716673"}],"curies":[{"name":"wp","href":"https:\/\/api.w.org\/{rel}","templated":true}]}}