{"id":716604,"date":"2026-03-24T19:47:36","date_gmt":"2026-03-24T18:47:36","guid":{"rendered":"https:\/\/shop.kustom.ch\/?post_type=product&#038;p=716604"},"modified":"2026-03-24T19:48:27","modified_gmt":"2026-03-24T18:48:27","slug":"w-chelsea-evo-brz-cnct-pant","status":"publish","type":"product","link":"https:\/\/shop.kustom.ch\/fr\/produit\/w-chelsea-evo-brz-cnct-pant\/","title":{"rendered":"W CHELSEA EVO BRZ CNCT PANT"},"content":{"rendered":"<p>Le pantalon W Luna BRZ HH Connect\u2122 a \u00e9t\u00e9 con\u00e7u par des femmes pour des femmes. Il offre des fonctions soigneusement \u00e9tudi\u00e9es qui garantissent s\u00e9curit\u00e9 et fonctionnalit\u00e9. La fermeture \u00e9clair YKK, les renforts Cordura\u00ae et le fil Amann se combinent pour offrir une r\u00e9sistance optimale. Ils peuvent en outre compter sur une flexibilit\u00e9 qui va au-del\u00e0 de la libert\u00e9 de mouvement offerte par le tissu stretch quadri-directionnel. Notre solution innovante de poches HH Connect\u00ae peut \u00eatre personnalis\u00e9e en fonction de votre travail. Il vous suffit de choisir les poches qui correspondent \u00e0 vos besoins imm\u00e9diats. La conception du produit avec BRZ vous permet de vous rafra\u00eechir selon vos besoins. <\/p>\n<p>Avec une ceinture moul\u00e9e et un gousset \u00e0 l'entrejambe qui assure la libert\u00e9 de mouvement, ce pantalon est enti\u00e8rement con\u00e7u pour le confort. Les poches sur les cuisses avec fermeture et une poche m\u00e8tre offrent un espace de rangement g\u00e9n\u00e9reux. Des genoux pr\u00e9form\u00e9s et une longueur de jambe r\u00e9glable assurent une coupe personnalis\u00e9e.<\/p>\n<p>Les poches aux genoux et les d\u00e9tails de conception r\u00e9fl\u00e9chissants garantissent la s\u00e9curit\u00e9 n\u00e9cessaire. Am\u00e9liorez votre tenue de travail avec nos pantalons sp\u00e9cialement con\u00e7us pour les femmes. Ils ont \u00e9t\u00e9 con\u00e7us pour vous aider dans toutes vos t\u00e2ches.<\/p>\n<p>Coupe : ajust\u00e9e \/ ajust\u00e9e<\/p>\n<p>Mat\u00e9riau : Mat\u00e9riau principal : 94 % polyamide, 6 % \u00e9lasthanne - 244 g\/m\u00b2.<br \/>Mati\u00e8re secondaire : 68 % coton, 32 % polyester - 235 g\/m<br \/>Renforcement : 100 % polyamide - 210 g\/m<\/p>","protected":false},"excerpt":{"rendered":"<p>- fermeture \u00e0 glissi\u00e8re YKK<br \/>- Renfort en Cordura\u00ae avec stretch<br \/>- Les fils AMANN<br \/>- Compatible avec HH Connect\u2122<br \/>- renforts en Cordura aux genoux<br \/>- Tissu l\u00e9ger<br \/>- Mat\u00e9riau avec stretch 4 directions<br \/>- poche ext\u00e9rieure sur le c\u00f4t\u00e9 gauche avec fermeture \u00e9clair YKK<br \/>- Ouverture d'a\u00e9ration BRZ dans la couture lat\u00e9rale<br \/>- Coutures \u00e0 la taille pour un meilleur confort<br \/>- Large boucle de ceinture \u00e0 l'arri\u00e8re au milieu pour une stabilit\u00e9 et une r\u00e9sistance suppl\u00e9mentaires<br \/>- Gousset \u00e0 l'entrejambe pour une libert\u00e9 de mouvement optimale<br \/>- Poche sur la cuisse avec fermeture velcro et plusieurs compartiments<br \/>- poche m\u00e8tre pliant en Cordura\u00ae renforc\u00e9<br \/>- Boutons m\u00e9talliques recouverts de plastique<br \/>- genoux pr\u00e9form\u00e9s pour une libert\u00e9 de mouvement optimale<br \/>- Poches de protection des genoux accessibles de l'ext\u00e9rieur<br \/>- La genouill\u00e8re peut \u00eatre d\u00e9plac\u00e9e jusqu'\u00e0 5 cm pour garantir une libert\u00e9 de mouvement optimale<br \/>- Bas de jambe r\u00e9glable avec boutons-pression<br \/>- la longueur des jambes peut \u00eatre rallong\u00e9e de 5 cm<br \/>- Porte-badge<br \/>- D\u00e9tails de design r\u00e9fl\u00e9chissants<\/p>","protected":false},"featured_media":716639,"template":"","meta":[],"product_brand":[],"product_cat":[4185],"product_tag":[],"class_list":{"0":"post-716604","1":"product","2":"type-product","3":"status-publish","4":"has-post-thumbnail","6":"product_cat-hosen","7":"pa_brand-helly-hansen","8":"pa_brand-type-workwear","9":"pa_filter-color-schwarz","11":"first","12":"instock","13":"sale","14":"taxable","15":"shipping-taxable","16":"purchasable","17":"product-type-variable","18":"add-to-wishlist-before_image"},"exclude_global_add_ons":[],"addons":[],"acf":[],"_links":{"self":[{"href":"https:\/\/shop.kustom.ch\/fr\/wp-json\/wp\/v2\/product\/716604"}],"collection":[{"href":"https:\/\/shop.kustom.ch\/fr\/wp-json\/wp\/v2\/product"}],"about":[{"href":"https:\/\/shop.kustom.ch\/fr\/wp-json\/wp\/v2\/types\/product"}],"wp:featuredmedia":[{"embeddable":true,"href":"https:\/\/shop.kustom.ch\/fr\/wp-json\/wp\/v2\/media\/716639"}],"wp:attachment":[{"href":"https:\/\/shop.kustom.ch\/fr\/wp-json\/wp\/v2\/media?parent=716604"}],"wp:term":[{"taxonomy":"product_brand","embeddable":true,"href":"https:\/\/shop.kustom.ch\/fr\/wp-json\/wp\/v2\/product_brand?post=716604"},{"taxonomy":"product_cat","embeddable":true,"href":"https:\/\/shop.kustom.ch\/fr\/wp-json\/wp\/v2\/product_cat?post=716604"},{"taxonomy":"product_tag","embeddable":true,"href":"https:\/\/shop.kustom.ch\/fr\/wp-json\/wp\/v2\/product_tag?post=716604"}],"curies":[{"name":"wp","href":"https:\/\/api.w.org\/{rel}","templated":true}]}}