{"id":716573,"date":"2026-03-24T19:47:12","date_gmt":"2026-03-24T18:47:12","guid":{"rendered":"https:\/\/shop.kustom.ch\/?post_type=product&#038;p=716573"},"modified":"2026-03-24T19:48:00","modified_gmt":"2026-03-24T18:48:00","slug":"w-luna-brz-work-pant","status":"publish","type":"product","link":"https:\/\/shop.kustom.ch\/fr\/produit\/w-luna-brz-work-pant\/","title":{"rendered":"W LUNA BRZ WORK PANT"},"content":{"rendered":"<p>Le pantalon de travail Luna BRZ de Helly Hansen offre une coupe ajustable et une bonne libert\u00e9 de mouvement. La longueur des jambes, les poignets du pantalon et la position des genouill\u00e8res sont r\u00e9glables et ce pantalon de travail pour femmes est con\u00e7u de mani\u00e8re \u00e0 pouvoir \u00eatre ajust\u00e9 individuellement. Gr\u00e2ce au mat\u00e9riau stretch quadri-directionnel et aux genoux pr\u00e9form\u00e9s, ce pantalon suit tous les mouvements. La ceinture avec des pinces, le mat\u00e9riau l\u00e9ger et les ouvertures d'a\u00e9ration dans les coutures lat\u00e9rales assurent un excellent confort tout au long de la journ\u00e9e. Construction professionnelle avec renforts en Cordura\u00ae aux genoux et \u00e0 la poche m\u00e8tre. Ce pantalon de travail industriel pour femmes est \u00e9quip\u00e9 de boutons m\u00e9talliques rev\u00eatus de mati\u00e8re synth\u00e9tique et d'un large passant de ceinture au milieu du dos qui assure la stabilit\u00e9. Il offre des fonctions bien con\u00e7ues comme un passant pour carte d'identit\u00e9, des poches sur les cuisses avec plusieurs compartiments et des genouill\u00e8res amovibles avec acc\u00e8s de l'ext\u00e9rieur. Les d\u00e9tails r\u00e9fl\u00e9chissants sont id\u00e9aux en cas de faible luminosit\u00e9.<\/p>\n<p>Coupe : ajust\u00e9e \/ ajust\u00e9e<\/p>\n<p>Mat\u00e9riau : Mat\u00e9riau principal : 94 % polyamide, 6 % \u00e9lasthanne - 244 g\/m\u00b2.<br \/>Deuxi\u00e8me mati\u00e8re principale : 68 % coton, 32 % polyester - 235 g\/m\u00b2.<br \/>Renforcement : 100 % polyamide - 210 g\/m<\/p>","protected":false},"excerpt":{"rendered":"<p>- fermeture \u00e0 glissi\u00e8re YKK<br \/>- Renforcement Cordura\u00ae.<br \/>- Coutures AMANN<br \/>- renforts en Cordura sur les genoux<br \/>- Tissu l\u00e9ger pour un meilleur confort<br \/>- Mati\u00e8re stretch 4 directions<br \/>- Ouverture d'a\u00e9ration BRZ avec fermeture \u00e0 glissi\u00e8re dans la couture lat\u00e9rale<br \/>- Ceinture pr\u00e9form\u00e9e pour plus de confort<br \/>- Large boucle de ceinture centrale pour plus de stabilit\u00e9 et de solidit\u00e9<br \/>- Gousset \u00e0 l'entrejambe pour une plus grande libert\u00e9 de mouvement<br \/>- Poche sur la cuisse avec fermeture et plusieurs compartiments<br \/>- Poche m\u00e8tre pliant en Cordura\u00ae renforc\u00e9<br \/>- Boutons en m\u00e9tal recouverts de caoutchouc<br \/>- Genoux pr\u00e9form\u00e9s pour une mobilit\u00e9 optimale<br \/>- Tissu renforc\u00e9 Cordura\u00ae aux genoux<br \/>- Poches pour genouill\u00e8res accessibles de l'ext\u00e9rieur<br \/>- la position des genouill\u00e8res peut \u00eatre ajust\u00e9e de 5 cm pour une position optimale<br \/>- Bas de jambe r\u00e9glable avec boutons-pression<br \/>- la longueur des jambes peut \u00eatre rallong\u00e9e de 5 cm<br \/>- Boucle d'identification<br \/>- D\u00e9tails de design r\u00e9fl\u00e9chissants<\/p>","protected":false},"featured_media":716603,"template":"","meta":[],"product_brand":[],"product_cat":[4185],"product_tag":[],"class_list":{"0":"post-716573","1":"product","2":"type-product","3":"status-publish","4":"has-post-thumbnail","6":"product_cat-hosen","7":"pa_brand-helly-hansen","8":"pa_brand-type-workwear","9":"pa_filter-color-blau","10":"pa_filter-color-schwarz","12":"first","13":"instock","14":"sale","15":"taxable","16":"shipping-taxable","17":"purchasable","18":"product-type-variable","19":"add-to-wishlist-before_image"},"exclude_global_add_ons":[],"addons":[],"acf":[],"_links":{"self":[{"href":"https:\/\/shop.kustom.ch\/fr\/wp-json\/wp\/v2\/product\/716573"}],"collection":[{"href":"https:\/\/shop.kustom.ch\/fr\/wp-json\/wp\/v2\/product"}],"about":[{"href":"https:\/\/shop.kustom.ch\/fr\/wp-json\/wp\/v2\/types\/product"}],"wp:featuredmedia":[{"embeddable":true,"href":"https:\/\/shop.kustom.ch\/fr\/wp-json\/wp\/v2\/media\/716603"}],"wp:attachment":[{"href":"https:\/\/shop.kustom.ch\/fr\/wp-json\/wp\/v2\/media?parent=716573"}],"wp:term":[{"taxonomy":"product_brand","embeddable":true,"href":"https:\/\/shop.kustom.ch\/fr\/wp-json\/wp\/v2\/product_brand?post=716573"},{"taxonomy":"product_cat","embeddable":true,"href":"https:\/\/shop.kustom.ch\/fr\/wp-json\/wp\/v2\/product_cat?post=716573"},{"taxonomy":"product_tag","embeddable":true,"href":"https:\/\/shop.kustom.ch\/fr\/wp-json\/wp\/v2\/product_tag?post=716573"}],"curies":[{"name":"wp","href":"https:\/\/api.w.org\/{rel}","templated":true}]}}