{"id":716572,"date":"2026-03-24T19:47:12","date_gmt":"2026-03-24T18:47:12","guid":{"rendered":"https:\/\/shop.kustom.ch\/?post_type=product&#038;p=716572"},"modified":"2026-03-24T19:47:35","modified_gmt":"2026-03-24T18:47:35","slug":"w-luna-brz-cons-pant","status":"publish","type":"product","link":"https:\/\/shop.kustom.ch\/fr\/produit\/w-luna-brz-cons-pant\/","title":{"rendered":"W LUNA BRZ CONS PANT"},"content":{"rendered":"<p>Coupe : ajust\u00e9e \/ ajust\u00e9e<\/p>\n<p>Mat\u00e9riau : Mat\u00e9riau principal : 94 % polyamide, 6 % \u00e9lasthanne - 244 g\/m\u00b2.<br \/>Tissu principal secondaire : 68 % coton, 32 % polyester - 235 g\/m\u00b2.<br \/>Renforcement : 100 % polyamide - 210 g\/m<\/p>","protected":false},"excerpt":{"rendered":"<p>- fermeture \u00e0 glissi\u00e8re YKK<br \/>- Les fils AMANN<br \/>- Renfort en Cordura\u00ae avec stretch<br \/>- Mat\u00e9riau avec stretch 4 directions<br \/>- Tissu l\u00e9ger<br \/>- Ouverture d'a\u00e9ration BRZ dans la couture lat\u00e9rale<br \/>- Coutures \u00e0 la taille pour un meilleur confort<br \/>- Large boucle de ceinture \u00e0 l'arri\u00e8re au milieu pour une stabilit\u00e9 et une r\u00e9sistance suppl\u00e9mentaires<br \/>- Gousset \u00e0 l'entrejambe pour une libert\u00e9 de mouvement optimale<br \/>- Sacs suspendus en Cordura\u00ae avec double fond doubl\u00e9 et sangle pour une plus grande durabilit\u00e9<br \/>- Poche sur la cuisse avec fermeture velcro et plusieurs compartiments<br \/>- poche m\u00e8tre pliant en Cordura\u00ae renforc\u00e9<br \/>- Boutons m\u00e9talliques recouverts de plastique<br \/>- genoux pr\u00e9form\u00e9s pour une libert\u00e9 de mouvement optimale<br \/>- renforts en Cordura\u00ae aux genoux<br \/>- Poches de protection des genoux accessibles de l'ext\u00e9rieur<br \/>- La genouill\u00e8re peut \u00eatre d\u00e9plac\u00e9e jusqu'\u00e0 5 cm pour garantir une libert\u00e9 de mouvement optimale<br \/>- Bas de jambe r\u00e9glable avec boutons-pression<br \/>- la longueur des jambes peut \u00eatre rallong\u00e9e de 5 cm<br \/>- poche ext\u00e9rieure sur le c\u00f4t\u00e9 gauche avec fermeture \u00e9clair YKK<br \/>- Porte-badge<br \/>- D\u00e9tails de design r\u00e9fl\u00e9chissants<\/p>","protected":false},"featured_media":716593,"template":"","meta":[],"product_brand":[],"product_cat":[4185],"product_tag":[],"class_list":{"0":"post-716572","1":"product","2":"type-product","3":"status-publish","4":"has-post-thumbnail","6":"product_cat-hosen","7":"pa_brand-helly-hansen","8":"pa_brand-type-workwear","9":"pa_filter-color-schwarz","11":"first","12":"instock","13":"sale","14":"taxable","15":"shipping-taxable","16":"purchasable","17":"product-type-variable","18":"add-to-wishlist-before_image"},"exclude_global_add_ons":[],"addons":[],"acf":[],"_links":{"self":[{"href":"https:\/\/shop.kustom.ch\/fr\/wp-json\/wp\/v2\/product\/716572"}],"collection":[{"href":"https:\/\/shop.kustom.ch\/fr\/wp-json\/wp\/v2\/product"}],"about":[{"href":"https:\/\/shop.kustom.ch\/fr\/wp-json\/wp\/v2\/types\/product"}],"wp:featuredmedia":[{"embeddable":true,"href":"https:\/\/shop.kustom.ch\/fr\/wp-json\/wp\/v2\/media\/716593"}],"wp:attachment":[{"href":"https:\/\/shop.kustom.ch\/fr\/wp-json\/wp\/v2\/media?parent=716572"}],"wp:term":[{"taxonomy":"product_brand","embeddable":true,"href":"https:\/\/shop.kustom.ch\/fr\/wp-json\/wp\/v2\/product_brand?post=716572"},{"taxonomy":"product_cat","embeddable":true,"href":"https:\/\/shop.kustom.ch\/fr\/wp-json\/wp\/v2\/product_cat?post=716572"},{"taxonomy":"product_tag","embeddable":true,"href":"https:\/\/shop.kustom.ch\/fr\/wp-json\/wp\/v2\/product_tag?post=716572"}],"curies":[{"name":"wp","href":"https:\/\/api.w.org\/{rel}","templated":true}]}}