{"id":716520,"date":"2026-03-24T19:46:45","date_gmt":"2026-03-24T18:46:45","guid":{"rendered":"https:\/\/shop.kustom.ch\/?post_type=product&#038;p=716520"},"modified":"2026-03-24T19:47:33","modified_gmt":"2026-03-24T18:47:33","slug":"w-luna-4x-work-pant","status":"publish","type":"product","link":"https:\/\/shop.kustom.ch\/fr\/produit\/w-luna-4x-work-pant\/","title":{"rendered":"W LUNA 4X PANTALON DE TRAVAIL"},"content":{"rendered":"<p>Un pantalon de travail performant pour femmes vous aide \u00e0 donner le meilleur de vous-m\u00eame au travail. Le tissu stretch quadri-directionnel l\u00e9ger et de haute qualit\u00e9 vous garde au frais. Des d\u00e9tails astucieux tels que la boucle pour carte d'identit\u00e9 et la poche pour m\u00e8tre pliant apportent un confort suppl\u00e9mentaire, tout comme la longueur de jambe r\u00e9glable et la position flexible des genouill\u00e8res. Profitez d'une libert\u00e9 de mouvement optimale gr\u00e2ce \u00e0 l'insert \u00e0 l'entrejambe et aux genoux pr\u00e9form\u00e9s. Le pantalon de travail Luna 4X est con\u00e7u pour durer et est renforc\u00e9 aux endroits critiques, \u00e0 savoir les genoux et l'ourlet. Les d\u00e9tails r\u00e9fl\u00e9chissants et les boutons recouverts de mati\u00e8re synth\u00e9tique font partie des d\u00e9tails bien pens\u00e9s de ce pantalon de travail professionnel pour femmes. Les genouill\u00e8res sont accessibles de l'ext\u00e9rieur pour ajuster leur position selon les besoins. La poche sur la cuisse avec fermeture velcro permet de garder les objets importants \u00e0 port\u00e9e de main, et un large passant de ceinture au milieu du dos assure la stabilit\u00e9 pour vous offrir un bon confort tout au long de la journ\u00e9e.<\/p>\n<p>Coupe : ajust\u00e9e \/ ajust\u00e9e<\/p>\n<p>Mat\u00e9riau : Mat\u00e9riau principal : 94 % polyamide, 6 % \u00e9lasthanne - 260 g\/m\u00b2.<br \/>Mati\u00e8re secondaire : 79 % coton, 18 % polyester, 3 % \u00e9lasthanne - 265 g\/m\u00b2.<br \/>Renforcement : 100 % polyamide - 195 g\/m<\/p>","protected":false},"excerpt":{"rendered":"<p>- fermeture \u00e0 glissi\u00e8re YKK<br \/>- Coutures AMANN<br \/>- Mati\u00e8re stretch 4 directions<br \/>- Tissu l\u00e9ger pour un meilleur confort<br \/>- Large boucle de ceinture centrale pour plus de stabilit\u00e9 et de solidit\u00e9<br \/>- Gousset \u00e0 l'entrejambe pour une plus grande libert\u00e9 de mouvement<br \/>- Poche sur la cuisse avec fermeture<br \/>- Poche m\u00e8tre pliant<br \/>- Boutons en m\u00e9tal recouverts de caoutchouc<br \/>- Genoux pr\u00e9form\u00e9s pour une mobilit\u00e9 optimale<br \/>- Poches pour genouill\u00e8res accessibles de l'ext\u00e9rieur<br \/>- la position des genouill\u00e8res peut \u00eatre ajust\u00e9e de 5 cm pour une position optimale<br \/>- Tissu de renfort aux genoux et \u00e0 l'ourlet inf\u00e9rieur<br \/>- la longueur des jambes peut \u00eatre rallong\u00e9e de 5 cm<br \/>- Boucle d'identification<br \/>- Logos ton sur ton<\/p>","protected":false},"featured_media":716571,"template":"","meta":[],"product_brand":[],"product_cat":[4185],"product_tag":[],"class_list":{"0":"post-716520","1":"product","2":"type-product","3":"status-publish","4":"has-post-thumbnail","6":"product_cat-hosen","7":"pa_brand-helly-hansen","8":"pa_brand-type-workwear","9":"pa_filter-color-schwarz","11":"first","12":"instock","13":"sale","14":"taxable","15":"shipping-taxable","16":"purchasable","17":"product-type-variable","18":"add-to-wishlist-before_image"},"exclude_global_add_ons":[],"addons":[],"acf":[],"_links":{"self":[{"href":"https:\/\/shop.kustom.ch\/fr\/wp-json\/wp\/v2\/product\/716520"}],"collection":[{"href":"https:\/\/shop.kustom.ch\/fr\/wp-json\/wp\/v2\/product"}],"about":[{"href":"https:\/\/shop.kustom.ch\/fr\/wp-json\/wp\/v2\/types\/product"}],"wp:featuredmedia":[{"embeddable":true,"href":"https:\/\/shop.kustom.ch\/fr\/wp-json\/wp\/v2\/media\/716571"}],"wp:attachment":[{"href":"https:\/\/shop.kustom.ch\/fr\/wp-json\/wp\/v2\/media?parent=716520"}],"wp:term":[{"taxonomy":"product_brand","embeddable":true,"href":"https:\/\/shop.kustom.ch\/fr\/wp-json\/wp\/v2\/product_brand?post=716520"},{"taxonomy":"product_cat","embeddable":true,"href":"https:\/\/shop.kustom.ch\/fr\/wp-json\/wp\/v2\/product_cat?post=716520"},{"taxonomy":"product_tag","embeddable":true,"href":"https:\/\/shop.kustom.ch\/fr\/wp-json\/wp\/v2\/product_tag?post=716520"}],"curies":[{"name":"wp","href":"https:\/\/api.w.org\/{rel}","templated":true}]}}