{"id":716519,"date":"2026-03-24T19:46:44","date_gmt":"2026-03-24T18:46:44","guid":{"rendered":"https:\/\/shop.kustom.ch\/?post_type=product&#038;p=716519"},"modified":"2026-03-24T19:47:10","modified_gmt":"2026-03-24T18:47:10","slug":"w-luna-4x-cons-pant","status":"publish","type":"product","link":"https:\/\/shop.kustom.ch\/fr\/produit\/w-luna-4x-cons-pant\/","title":{"rendered":"W LUNA 4X CONS PANT"},"content":{"rendered":"<p>Avec un pantalon de chantier pour femmes adapt\u00e9 \u00e0 vos besoins, le travail est encore plus facile. Ce pantalon industriel aux genoux et \u00e0 l'ourlet renforc\u00e9s et aux poches suspendues \u00e0 double doublure avec une sangle en nylon r\u00e9sistante est con\u00e7u pour r\u00e9sister au dur labeur des chantiers. Avec ses genoux pr\u00e9form\u00e9s, son gousset \u00e0 l'entrejambe et un large passant de ceinture dans le dos qui assure la stabilit\u00e9, ce pantalon offre une bonne libert\u00e9 de mouvement. Le mat\u00e9riau stretch quadridirectionnel l\u00e9ger suit tous les mouvements. Les d\u00e9tails professionnels comprennent des poches suspendues pour garder les outils \u00e0 port\u00e9e de main, un passant pour carte d'identit\u00e9 et une poche pour m\u00e8tre pliant. Le pantalon de construction Luna 4X peut \u00eatre ajust\u00e9 individuellement pour votre confort personnel. L'ourlet peut \u00eatre rallong\u00e9 de 5 centim\u00e8tres et les genouill\u00e8res peuvent \u00e9galement \u00eatre ajust\u00e9es pour une libert\u00e9 de mouvement optimale. Les poches pour genouill\u00e8res de ce pantalon de chantier indispensable pour femmes offrent un acc\u00e8s pratique depuis l'ext\u00e9rieur.<\/p>\n<p>Coupe : ajust\u00e9e \/ ajust\u00e9e<\/p>\n<p>Mat\u00e9riau : Mat\u00e9riau principal : 94 % polyamide, 6 % \u00e9lasthanne - 260 g\/m\u00b2.<br \/>Mati\u00e8re secondaire : 79 % coton, 18 % polyester, 3 % \u00e9lasthanne - 265 g\/m\u00b2.<br \/>Renforcement : 100 % polyamide - 195 g\/m<\/p>","protected":false},"excerpt":{"rendered":"<p>- fermeture \u00e0 glissi\u00e8re YKK<br \/>- Coutures AMANN<br \/>- Mati\u00e8re stretch 4 directions<br \/>- Tissu l\u00e9ger pour un meilleur confort<br \/>- Large boucle de ceinture centrale pour plus de stabilit\u00e9 et de solidit\u00e9<br \/>- Gousset \u00e0 l'entrejambe pour une plus grande libert\u00e9 de mouvement<br \/>- Sacs suspendus avec fond renforc\u00e9 et sangle en nylon pour une longue dur\u00e9e de vie<br \/>- Poche sur la cuisse avec fermeture<br \/>- Poche m\u00e8tre pliant<br \/>- Boutons en m\u00e9tal recouverts de caoutchouc<br \/>- Genoux pr\u00e9form\u00e9s pour une mobilit\u00e9 optimale<br \/>- Poches pour genouill\u00e8res accessibles de l'ext\u00e9rieur<br \/>- la position des genouill\u00e8res peut \u00eatre ajust\u00e9e de 5 cm pour une position optimale<br \/>- Tissu de renfort aux genoux et \u00e0 l'ourlet inf\u00e9rieur<br \/>- la longueur des jambes peut \u00eatre rallong\u00e9e de 5 cm<br \/>- Boucle d'identification<br \/>- Logos ton sur ton<\/p>","protected":false},"featured_media":716561,"template":"","meta":[],"product_brand":[],"product_cat":[4185],"product_tag":[],"class_list":{"0":"post-716519","1":"product","2":"type-product","3":"status-publish","4":"has-post-thumbnail","6":"product_cat-hosen","7":"pa_brand-helly-hansen","8":"pa_brand-type-workwear","9":"pa_filter-color-schwarz","11":"first","12":"instock","13":"sale","14":"taxable","15":"shipping-taxable","16":"purchasable","17":"product-type-variable","18":"add-to-wishlist-before_image"},"exclude_global_add_ons":[],"addons":[],"acf":[],"_links":{"self":[{"href":"https:\/\/shop.kustom.ch\/fr\/wp-json\/wp\/v2\/product\/716519"}],"collection":[{"href":"https:\/\/shop.kustom.ch\/fr\/wp-json\/wp\/v2\/product"}],"about":[{"href":"https:\/\/shop.kustom.ch\/fr\/wp-json\/wp\/v2\/types\/product"}],"wp:featuredmedia":[{"embeddable":true,"href":"https:\/\/shop.kustom.ch\/fr\/wp-json\/wp\/v2\/media\/716561"}],"wp:attachment":[{"href":"https:\/\/shop.kustom.ch\/fr\/wp-json\/wp\/v2\/media?parent=716519"}],"wp:term":[{"taxonomy":"product_brand","embeddable":true,"href":"https:\/\/shop.kustom.ch\/fr\/wp-json\/wp\/v2\/product_brand?post=716519"},{"taxonomy":"product_cat","embeddable":true,"href":"https:\/\/shop.kustom.ch\/fr\/wp-json\/wp\/v2\/product_cat?post=716519"},{"taxonomy":"product_tag","embeddable":true,"href":"https:\/\/shop.kustom.ch\/fr\/wp-json\/wp\/v2\/product_tag?post=716519"}],"curies":[{"name":"wp","href":"https:\/\/api.w.org\/{rel}","templated":true}]}}