{"id":716472,"date":"2026-03-24T19:46:22","date_gmt":"2026-03-24T18:46:22","guid":{"rendered":"https:\/\/shop.kustom.ch\/?post_type=product&#038;p=716472"},"modified":"2026-03-24T19:47:09","modified_gmt":"2026-03-24T18:47:09","slug":"kensington-brz-cnct-pant","status":"publish","type":"product","link":"https:\/\/shop.kustom.ch\/fr\/produit\/kensington-brz-cnct-pant\/","title":{"rendered":"PANTALON KENSINGTON BRZ CNCT"},"content":{"rendered":"<p>Coupe : ajust\u00e9e \/ ajust\u00e9e<\/p>\n<p>Mati\u00e8re : Ext\u00e9rieur : 94 % polyamide, 6 % \u00e9lasthanne, 244 g\/m\u00b2.<br \/>Ext\u00e9rieur 2 : 97 % polyamide, 3 % \u00e9lasthanne - 307 g\/m\u00b2.<\/p>","protected":false},"excerpt":{"rendered":"<p>- fermeture \u00e0 glissi\u00e8re YKK<br \/>- Les fils AMANN<br \/>- renforcement en Cordura\u00ae stretch<br \/>- Compatible avec HH Connect\u2122<br \/>- Tissu l\u00e9ger<br \/>- Ouverture d'a\u00e9ration BRZ dans la couture lat\u00e9rale<br \/>- Large boucle de ceinture \u00e0 l'arri\u00e8re au milieu pour une stabilit\u00e9 et une r\u00e9sistance suppl\u00e9mentaires<br \/>- Gousset \u00e0 l'entrejambe pour une libert\u00e9 de mouvement optimale<br \/>- poche sur la cuisse avec fermeture \u00e9clair YKK\u00ae, velcro et poche pour t\u00e9l\u00e9phone portable int\u00e9gr\u00e9e<br \/>- Boutons m\u00e9talliques recouverts de plastique<br \/>- genoux pr\u00e9form\u00e9s pour une libert\u00e9 de mouvement optimale<br \/>- renforts en Cordura\u00ae stretch aux genoux<br \/>- La genouill\u00e8re peut \u00eatre d\u00e9plac\u00e9e jusqu'\u00e0 5 cm pour garantir une libert\u00e9 de mouvement optimale<br \/>- Poches de protection des genoux accessibles de l'ext\u00e9rieur<br \/>- la longueur des jambes peut \u00eatre rallong\u00e9e de 5 ou 3 cm<br \/>- renforcement en Cordura\u00ae stretch au bas des jambes<br \/>- Porte-badge<br \/>- D\u00e9tails de design r\u00e9fl\u00e9chissants<\/p>","protected":false},"featured_media":716517,"template":"","meta":[],"product_brand":[],"product_cat":[4185],"product_tag":[],"class_list":{"0":"post-716472","1":"product","2":"type-product","3":"status-publish","4":"has-post-thumbnail","6":"product_cat-hosen","7":"pa_brand-helly-hansen","8":"pa_brand-type-workwear","9":"pa_filter-color-schwarz","11":"first","12":"instock","13":"sale","14":"taxable","15":"shipping-taxable","16":"purchasable","17":"product-type-variable","18":"add-to-wishlist-before_image"},"exclude_global_add_ons":[],"addons":[],"acf":[],"_links":{"self":[{"href":"https:\/\/shop.kustom.ch\/fr\/wp-json\/wp\/v2\/product\/716472"}],"collection":[{"href":"https:\/\/shop.kustom.ch\/fr\/wp-json\/wp\/v2\/product"}],"about":[{"href":"https:\/\/shop.kustom.ch\/fr\/wp-json\/wp\/v2\/types\/product"}],"wp:featuredmedia":[{"embeddable":true,"href":"https:\/\/shop.kustom.ch\/fr\/wp-json\/wp\/v2\/media\/716517"}],"wp:attachment":[{"href":"https:\/\/shop.kustom.ch\/fr\/wp-json\/wp\/v2\/media?parent=716472"}],"wp:term":[{"taxonomy":"product_brand","embeddable":true,"href":"https:\/\/shop.kustom.ch\/fr\/wp-json\/wp\/v2\/product_brand?post=716472"},{"taxonomy":"product_cat","embeddable":true,"href":"https:\/\/shop.kustom.ch\/fr\/wp-json\/wp\/v2\/product_cat?post=716472"},{"taxonomy":"product_tag","embeddable":true,"href":"https:\/\/shop.kustom.ch\/fr\/wp-json\/wp\/v2\/product_tag?post=716472"}],"curies":[{"name":"wp","href":"https:\/\/api.w.org\/{rel}","templated":true}]}}