{"id":716439,"date":"2026-03-24T19:45:56","date_gmt":"2026-03-24T18:45:56","guid":{"rendered":"https:\/\/shop.kustom.ch\/?post_type=product&#038;p=716439"},"modified":"2026-03-24T19:46:43","modified_gmt":"2026-03-24T18:46:43","slug":"kensington-cnct-softs-pant","status":"publish","type":"product","link":"https:\/\/shop.kustom.ch\/fr\/produit\/kensington-cnct-softs-pant\/","title":{"rendered":"PANTALON KENSINGTON CNCT SOFTS"},"content":{"rendered":"<p>Le pantalon softshell Kensington HH Connect\u2122 a \u00e9t\u00e9 con\u00e7u pour l'artisan moderne qui souhaite travailler au plus haut niveau tout en b\u00e9n\u00e9ficiant de confort et de protection tout au long de la journ\u00e9e. Il est fabriqu\u00e9 en Cordura stretch, renforc\u00e9 par du fil Amann. Amann est connu pour sa solide qualit\u00e9 allemande, et ce pantalon offre une r\u00e9sistance et une flexibilit\u00e9 incomparables. Avec des fermetures \u00e9clair YKK et la compatibilit\u00e9 HH Connect\u2122 - ce pantalon offre des solutions de rangement pratiques tout en offrant des performances fiables. L'ouverture d'a\u00e9ration lat\u00e9rale BRZ permet de r\u00e9guler la temp\u00e9rature selon les besoins. Con\u00e7u pour le confort, ce pantalon est dot\u00e9 d'une taille avec des pinces, d'un gousset \u00e0 l'entrejambe et d'un large passant de ceinture \u00e0 l'arri\u00e8re au centre pour une stabilit\u00e9 suppl\u00e9mentaire. Les renforts en Cordura stretch aux genoux et \u00e0 l'ourlet inf\u00e9rieur, ainsi que la jambe inf\u00e9rieure r\u00e9glable par boutons-pression, assurent une bonne r\u00e9sistance et un ajustement personnalis\u00e9. La s\u00e9curit\u00e9 est une priorit\u00e9 et c'est pourquoi ce pantalon est \u00e9quip\u00e9 de d\u00e9tails de conception r\u00e9fl\u00e9chissants et de poches pour genouill\u00e8res accessibles de l'ext\u00e9rieur.<\/p>\n<p>Coupe : ajust\u00e9e \/ ajust\u00e9e<\/p>\n<p>Mati\u00e8re : Tissu principal : 82 % polyamide (recycl\u00e9), 18 % \u00e9lasthanne - 240 g\/m\u00b2.<br \/> Mati\u00e8re secondaire : 93 % polyamide, 7 % \u00e9lasthanne - 317 g\/m\u00b2.<br \/>Renfort : 97 % polyamide, 3 % \u00e9lasthanne - 307 g\/m\u00b2.<\/p>","protected":false},"excerpt":{"rendered":"<p>- renforcement en Cordura\u00ae stretch<br \/>- fermeture \u00e0 glissi\u00e8re YKK<br \/>- Les fils AMANN<br \/>- Compatible avec HH Connect\u2122<br \/>- poche sur la cuisse avec fermeture \u00e9clair YKK<br \/>- poches pour les mains avec fermeture \u00e9clair YKK<br \/>- Ouverture d'a\u00e9ration BRZ dans la couture lat\u00e9rale<br \/>- Coutures \u00e0 la taille pour un meilleur confort<br \/>- Large boucle de ceinture \u00e0 l'arri\u00e8re au milieu pour une stabilit\u00e9 et une r\u00e9sistance suppl\u00e9mentaires<br \/>- Gousset \u00e0 l'entrejambe pour une libert\u00e9 de mouvement optimale<br \/>- Ouverture pour m\u00e8tre pliant<br \/>- Boutons m\u00e9talliques recouverts de plastique<br \/>- renforts en Cordura\u00ae stretch aux genoux<br \/>- genoux pr\u00e9form\u00e9s pour une libert\u00e9 de mouvement optimale<br \/>- Poches de protection des genoux accessibles de l'ext\u00e9rieur<br \/>- Bas de jambe r\u00e9glable avec boutons-pression<br \/>- renforcement en Cordura\u00ae stretch au bas des jambes<br \/>- D\u00e9tails de design r\u00e9fl\u00e9chissants<\/p>","protected":false},"featured_media":716486,"template":"","meta":[],"product_brand":[],"product_cat":[4185],"product_tag":[],"class_list":{"0":"post-716439","1":"product","2":"type-product","3":"status-publish","4":"has-post-thumbnail","6":"product_cat-hosen","7":"pa_brand-helly-hansen","8":"pa_brand-type-workwear","9":"pa_filter-color-schwarz","11":"first","12":"instock","13":"sale","14":"taxable","15":"shipping-taxable","16":"purchasable","17":"product-type-variable","18":"add-to-wishlist-before_image"},"exclude_global_add_ons":[],"addons":[],"acf":[],"_links":{"self":[{"href":"https:\/\/shop.kustom.ch\/fr\/wp-json\/wp\/v2\/product\/716439"}],"collection":[{"href":"https:\/\/shop.kustom.ch\/fr\/wp-json\/wp\/v2\/product"}],"about":[{"href":"https:\/\/shop.kustom.ch\/fr\/wp-json\/wp\/v2\/types\/product"}],"wp:featuredmedia":[{"embeddable":true,"href":"https:\/\/shop.kustom.ch\/fr\/wp-json\/wp\/v2\/media\/716486"}],"wp:attachment":[{"href":"https:\/\/shop.kustom.ch\/fr\/wp-json\/wp\/v2\/media?parent=716439"}],"wp:term":[{"taxonomy":"product_brand","embeddable":true,"href":"https:\/\/shop.kustom.ch\/fr\/wp-json\/wp\/v2\/product_brand?post=716439"},{"taxonomy":"product_cat","embeddable":true,"href":"https:\/\/shop.kustom.ch\/fr\/wp-json\/wp\/v2\/product_cat?post=716439"},{"taxonomy":"product_tag","embeddable":true,"href":"https:\/\/shop.kustom.ch\/fr\/wp-json\/wp\/v2\/product_tag?post=716439"}],"curies":[{"name":"wp","href":"https:\/\/api.w.org\/{rel}","templated":true}]}}