{"id":716317,"date":"2026-03-24T19:44:46","date_gmt":"2026-03-24T18:44:46","guid":{"rendered":"https:\/\/shop.kustom.ch\/?post_type=product&#038;p=716317"},"modified":"2026-03-24T19:45:28","modified_gmt":"2026-03-24T18:45:28","slug":"kensington-work-pant","status":"publish","type":"product","link":"https:\/\/shop.kustom.ch\/fr\/produit\/kensington-work-pant\/","title":{"rendered":"PANTALON DE TRAVAIL KENSINGTON"},"content":{"rendered":"<p>Le Kensington Work Pant est le dernier n\u00e9 de notre fantastique collection de pantalons. L\u00e9ger mais r\u00e9sistant, il est dot\u00e9 de toutes les fonctions que vous attendez d'un pantalon de travail. Les genoux et la poche m\u00e8tre sont renforc\u00e9s en Cordura\u00ae stretch pour donner au pantalon un design propre et moderne, et les d\u00e9tails r\u00e9fl\u00e9chissants assurent une visibilit\u00e9 \u00e0 360 degr\u00e9s dans des conditions de faible luminosit\u00e9.<\/p>\n<p>Coupe : ajust\u00e9e \/ ajust\u00e9e<\/p>\n<p>Mat\u00e9riau : Mat\u00e9riau principal : 94 % polyamide, 6 % \u00e9lasthanne - 244 g\/m\u00b2.<br \/>Renfort : 97 % polyamide, 3 % \u00e9lasthanne - 307 g\/m\u00b2.<\/p>","protected":false},"excerpt":{"rendered":"<p>- fermeture \u00e0 glissi\u00e8re YKK<br \/>- Les fils AMANN<br \/>- renforcement en Cordura\u00ae stretch<br \/>- Tissu l\u00e9ger<br \/>- Mat\u00e9riau avec stretch 4 directions<br \/>- Large boucle de ceinture \u00e0 l'arri\u00e8re au milieu pour une stabilit\u00e9 et une r\u00e9sistance suppl\u00e9mentaires<br \/>- Gousset \u00e0 l'entrejambe pour une libert\u00e9 de mouvement optimale<br \/>- poche sur la cuisse avec fermeture \u00e9clair YKK\u00ae, velcro et poche pour t\u00e9l\u00e9phone portable int\u00e9gr\u00e9e<br \/>- Boutons m\u00e9talliques recouverts de plastique<br \/>- genoux pr\u00e9form\u00e9s pour une libert\u00e9 de mouvement optimale<br \/>- renforts en Cordura\u00ae stretch aux genoux<br \/>- Poches pour genouill\u00e8res accessibles de l'int\u00e9rieur<br \/>- La genouill\u00e8re peut \u00eatre d\u00e9plac\u00e9e jusqu'\u00e0 5 cm pour garantir une libert\u00e9 de mouvement optimale<br \/>- la longueur des jambes peut \u00eatre rallong\u00e9e de 5 ou 3 cm<br \/>- renforcement en Cordura\u00ae stretch au bas des jambes<br \/>- Porte-badge<br \/>- D\u00e9tails de design r\u00e9fl\u00e9chissants<\/p>","protected":false},"featured_media":716346,"template":"","meta":[],"product_brand":[],"product_cat":[4185],"product_tag":[],"class_list":{"0":"post-716317","1":"product","2":"type-product","3":"status-publish","4":"has-post-thumbnail","6":"product_cat-hosen","7":"pa_brand-helly-hansen","8":"pa_brand-type-workwear","9":"pa_filter-color-beige","10":"pa_filter-color-schwarz","12":"first","13":"instock","14":"sale","15":"taxable","16":"shipping-taxable","17":"purchasable","18":"product-type-variable","19":"add-to-wishlist-before_image"},"exclude_global_add_ons":[],"addons":[],"acf":[],"_links":{"self":[{"href":"https:\/\/shop.kustom.ch\/fr\/wp-json\/wp\/v2\/product\/716317"}],"collection":[{"href":"https:\/\/shop.kustom.ch\/fr\/wp-json\/wp\/v2\/product"}],"about":[{"href":"https:\/\/shop.kustom.ch\/fr\/wp-json\/wp\/v2\/types\/product"}],"wp:featuredmedia":[{"embeddable":true,"href":"https:\/\/shop.kustom.ch\/fr\/wp-json\/wp\/v2\/media\/716346"}],"wp:attachment":[{"href":"https:\/\/shop.kustom.ch\/fr\/wp-json\/wp\/v2\/media?parent=716317"}],"wp:term":[{"taxonomy":"product_brand","embeddable":true,"href":"https:\/\/shop.kustom.ch\/fr\/wp-json\/wp\/v2\/product_brand?post=716317"},{"taxonomy":"product_cat","embeddable":true,"href":"https:\/\/shop.kustom.ch\/fr\/wp-json\/wp\/v2\/product_cat?post=716317"},{"taxonomy":"product_tag","embeddable":true,"href":"https:\/\/shop.kustom.ch\/fr\/wp-json\/wp\/v2\/product_tag?post=716317"}],"curies":[{"name":"wp","href":"https:\/\/api.w.org\/{rel}","templated":true}]}}