{"id":716271,"date":"2026-03-24T19:44:20","date_gmt":"2026-03-24T18:44:20","guid":{"rendered":"https:\/\/shop.kustom.ch\/?post_type=product&#038;p=716271"},"modified":"2026-03-24T19:45:06","modified_gmt":"2026-03-24T18:45:06","slug":"kensington-cons-pant","status":"publish","type":"product","link":"https:\/\/shop.kustom.ch\/fr\/produit\/kensington-cons-pant\/","title":{"rendered":"KENSINGTON CONS PANT"},"content":{"rendered":"<p>Le Kensington Construction Pant est le dernier n\u00e9 de notre fantastique collection de pantalons. Extr\u00eamement r\u00e9sistant et l\u00e9ger, ce pantalon en stretch quadri-directionnel est si confortable que vous ne voudrez plus l'enlever apr\u00e8s votre journ\u00e9e de travail. Le tissu stretch 4 directions est renforc\u00e9 par du Cordura\u00ae stretch. Cette combinaison conf\u00e8re au pantalon un look moderne et \u00e9pur\u00e9. Des bandes r\u00e9fl\u00e9chissantes dans le creux des genoux ainsi que dans la partie inf\u00e9rieure du pantalon assurent une visibilit\u00e9 \u00e0 360 degr\u00e9s dans l'obscurit\u00e9. Le pantalon de travail est livr\u00e9 avec des poches suspendues amovibles. Lorsque votre journ\u00e9e de travail est termin\u00e9e, vous pouvez simplement les laisser dans la voiture.<\/p>\n<p>Coupe : ajust\u00e9e \/ ajust\u00e9e<\/p>\n<p>Mat\u00e9riau : Mat\u00e9riau principal : 94 % polyamide, 6 % \u00e9lasthanne - 244 g\/m\u00b2.<br \/>Renfort : 97 % polyamide, 3 % \u00e9lasthanne - 307 g\/m\u00b2.<\/p>","protected":false},"excerpt":{"rendered":"<p>- fermeture \u00e0 glissi\u00e8re YKK<br \/>- Les fils AMANN<br \/>- renforcement en Cordura\u00ae stretch<br \/>- Tissu l\u00e9ger<br \/>- Large boucle de ceinture \u00e0 l'arri\u00e8re au milieu pour une stabilit\u00e9 et une r\u00e9sistance suppl\u00e9mentaires<br \/>- Gousset \u00e0 l'entrejambe pour une libert\u00e9 de mouvement optimale<br \/>- poche sur la cuisse avec fermeture \u00e9clair YKK\u00ae, velcro et poche pour t\u00e9l\u00e9phone portable int\u00e9gr\u00e9e<br \/>- Boutons m\u00e9talliques recouverts de plastique<br \/>- genoux pr\u00e9form\u00e9s pour une libert\u00e9 de mouvement optimale<br \/>- renforts en Cordura\u00ae stretch aux genoux<br \/>- La genouill\u00e8re peut \u00eatre d\u00e9plac\u00e9e jusqu'\u00e0 5 cm pour garantir une libert\u00e9 de mouvement optimale<br \/>- Poches pour genouill\u00e8res accessibles de l'int\u00e9rieur<br \/>- la longueur des jambes peut \u00eatre rallong\u00e9e de 5 ou 3 cm<br \/>- renforcement en Cordura\u00ae stretch au bas des jambes<br \/>- Porte-badge<br \/>- D\u00e9tails de design r\u00e9fl\u00e9chissants<br \/>- Poches suspendues amovibles avec fermeture \u00e0 glissi\u00e8re en Cordura\u00ae stretch avec fond doubl\u00e9 et sangle pour une plus grande durabilit\u00e9<\/p>","protected":false},"featured_media":716313,"template":"","meta":[],"product_brand":[],"product_cat":[4185],"product_tag":[],"class_list":{"0":"post-716271","1":"product","2":"type-product","3":"status-publish","4":"has-post-thumbnail","6":"product_cat-hosen","7":"pa_brand-helly-hansen","8":"pa_brand-type-workwear","9":"pa_filter-color-beige","10":"pa_filter-color-blau","11":"pa_filter-color-schwarz","13":"first","14":"instock","15":"sale","16":"taxable","17":"shipping-taxable","18":"purchasable","19":"product-type-variable","20":"add-to-wishlist-before_image"},"exclude_global_add_ons":[],"addons":[],"acf":[],"_links":{"self":[{"href":"https:\/\/shop.kustom.ch\/fr\/wp-json\/wp\/v2\/product\/716271"}],"collection":[{"href":"https:\/\/shop.kustom.ch\/fr\/wp-json\/wp\/v2\/product"}],"about":[{"href":"https:\/\/shop.kustom.ch\/fr\/wp-json\/wp\/v2\/types\/product"}],"wp:featuredmedia":[{"embeddable":true,"href":"https:\/\/shop.kustom.ch\/fr\/wp-json\/wp\/v2\/media\/716313"}],"wp:attachment":[{"href":"https:\/\/shop.kustom.ch\/fr\/wp-json\/wp\/v2\/media?parent=716271"}],"wp:term":[{"taxonomy":"product_brand","embeddable":true,"href":"https:\/\/shop.kustom.ch\/fr\/wp-json\/wp\/v2\/product_brand?post=716271"},{"taxonomy":"product_cat","embeddable":true,"href":"https:\/\/shop.kustom.ch\/fr\/wp-json\/wp\/v2\/product_cat?post=716271"},{"taxonomy":"product_tag","embeddable":true,"href":"https:\/\/shop.kustom.ch\/fr\/wp-json\/wp\/v2\/product_tag?post=716271"}],"curies":[{"name":"wp","href":"https:\/\/api.w.org\/{rel}","templated":true}]}}