{"id":716219,"date":"2026-03-24T19:43:57","date_gmt":"2026-03-24T18:43:57","guid":{"rendered":"https:\/\/shop.kustom.ch\/?post_type=product&#038;p=716219"},"modified":"2026-03-24T19:44:42","modified_gmt":"2026-03-24T18:44:42","slug":"magni-evo-cargo-pant","status":"publish","type":"product","link":"https:\/\/shop.kustom.ch\/fr\/produit\/magni-evo-cargo-pant\/","title":{"rendered":"PANTALON MAGNI EVO CARGO"},"content":{"rendered":"<p>Avec les pantalons de travail cargo polyvalents de Helly Hansen Workwear, vous \u00eates parfaitement \u00e9quip\u00e9 sur tous les chantiers. Le passant pour carte d'identit\u00e9 et les nombreuses poches - dont une ouverture pour m\u00e8tre pliant et une poche rembourr\u00e9e int\u00e9gr\u00e9e pour t\u00e9l\u00e9phone portable - permettent de tout avoir rapidement \u00e0 port\u00e9e de main tout en restant bien en place gr\u00e2ce aux fermetures \u00e9clair YKK\u00ae et aux fermetures magn\u00e9tiques. Le tissu extensible \u00e0 quatre voies et des d\u00e9tails tels que les genoux articul\u00e9s, un gousset \u00e0 l'entrejambe et une ceinture avec des pinces assurent un confort sup\u00e9rieur. Le large passant de ceinture au milieu du dos de ce pantalon de travail cargo r\u00e9vis\u00e9 offre une stabilit\u00e9 et une solidit\u00e9 suppl\u00e9mentaires. Le tissu Cordura\u00ae renforce l'ourlet et les genoux et assure une meilleure r\u00e9sistance \u00e0 l'usure. Profitez d'un confort maximal gr\u00e2ce aux a\u00e9rations BRZ dans les coutures lat\u00e9rales et sous les jambes, r\u00e9glables \u00e0 l'aide de boutons-pression. Avec des lignes claires et des logos aux couleurs assorties, vous ne devez renoncer ni \u00e0 un bon style ni \u00e0 la fonctionnalit\u00e9.<\/p>\n<p>Coupe : ajust\u00e9e \/ ajust\u00e9e<\/p>\n<p>Mati\u00e8re : Tissu principal : 94 % polyamide recycl\u00e9 &amp; 6 % \u00e9lasthanne, 225 g\/m\u00b2.<br \/>2. mat\u00e9riau principal : 94 % de polyamide recycl\u00e9 &amp; 6 % d'\u00e9lasthanne, 318 g\/m\u00b2.<br \/>Renforcement : 97 % polyamide &amp; 3 % \u00e9lasthanne, 307 g\/m\u00b2.<\/p>","protected":false},"excerpt":{"rendered":"<p>- Renfort en Cordura\u00ae avec stretch<br \/>- fermeture \u00e0 glissi\u00e8re YKK<br \/>- Les fils AMANN<br \/>- Mat\u00e9riau avec stretch 4 directions<br \/>- poches pour les mains avec fermeture \u00e9clair YKK<br \/>- Ouverture d'a\u00e9ration BRZ dans la couture lat\u00e9rale<br \/>- Coutures \u00e0 la taille pour un meilleur confort<br \/>- Large boucle de ceinture \u00e0 l'arri\u00e8re au milieu pour une stabilit\u00e9 et une r\u00e9sistance suppl\u00e9mentaires<br \/>- Gousset \u00e0 l'entrejambe pour une libert\u00e9 de mouvement optimale<br \/>- Plusieurs poches avec fermeture \u00e9clair YKK\u00ae, fermeture magn\u00e9tique et poche rembourr\u00e9e int\u00e9gr\u00e9e pour t\u00e9l\u00e9phone portable<br \/>- Ouverture pour m\u00e8tre pliant<br \/>- Boutons m\u00e9talliques recouverts de plastique<br \/>- genoux pr\u00e9form\u00e9s pour une libert\u00e9 de mouvement optimale<br \/>- renforts en Cordura\u00ae stretch aux genoux<br \/>- Bas de jambe r\u00e9glable avec boutons-pression<br \/>- renforcement en Cordura\u00ae stretch au bas des jambes<br \/>- Porte-badge<br \/>- Logos aux couleurs assorties<br \/>- AVERTISSEMENT : Ce produit contient des aimants qui peuvent interf\u00e9rer avec les \u00e9quipements m\u00e9dicaux.<br \/>- produit bluesign<br \/>- Mat\u00e9riau recycl\u00e9<\/p>","protected":false},"featured_media":716264,"template":"","meta":[],"product_brand":[],"product_cat":[4185],"product_tag":[],"class_list":{"0":"post-716219","1":"product","2":"type-product","3":"status-publish","4":"has-post-thumbnail","6":"product_cat-hosen","7":"pa_brand-helly-hansen","8":"pa_brand-type-workwear","9":"pa_filter-color-schwarz","11":"first","12":"instock","13":"sale","14":"taxable","15":"shipping-taxable","16":"purchasable","17":"product-type-variable","18":"add-to-wishlist-before_image"},"exclude_global_add_ons":[],"addons":[],"acf":[],"_links":{"self":[{"href":"https:\/\/shop.kustom.ch\/fr\/wp-json\/wp\/v2\/product\/716219"}],"collection":[{"href":"https:\/\/shop.kustom.ch\/fr\/wp-json\/wp\/v2\/product"}],"about":[{"href":"https:\/\/shop.kustom.ch\/fr\/wp-json\/wp\/v2\/types\/product"}],"wp:featuredmedia":[{"embeddable":true,"href":"https:\/\/shop.kustom.ch\/fr\/wp-json\/wp\/v2\/media\/716264"}],"wp:attachment":[{"href":"https:\/\/shop.kustom.ch\/fr\/wp-json\/wp\/v2\/media?parent=716219"}],"wp:term":[{"taxonomy":"product_brand","embeddable":true,"href":"https:\/\/shop.kustom.ch\/fr\/wp-json\/wp\/v2\/product_brand?post=716219"},{"taxonomy":"product_cat","embeddable":true,"href":"https:\/\/shop.kustom.ch\/fr\/wp-json\/wp\/v2\/product_cat?post=716219"},{"taxonomy":"product_tag","embeddable":true,"href":"https:\/\/shop.kustom.ch\/fr\/wp-json\/wp\/v2\/product_tag?post=716219"}],"curies":[{"name":"wp","href":"https:\/\/api.w.org\/{rel}","templated":true}]}}