{"id":716179,"date":"2026-03-24T19:43:30","date_gmt":"2026-03-24T18:43:30","guid":{"rendered":"https:\/\/shop.kustom.ch\/?post_type=product&#038;p=716179"},"modified":"2026-03-24T19:44:17","modified_gmt":"2026-03-24T18:44:17","slug":"oxford-bib","status":"publish","type":"product","link":"https:\/\/shop.kustom.ch\/fr\/produit\/oxford-bib\/","title":{"rendered":"OXFORD BIB"},"content":{"rendered":"<p>Avec ses bretelles \u00e9lastiques et son stretch 4 directions sur les c\u00f4t\u00e9s, l'Oxford Bib est le choix parfait lorsque le confort et la durabilit\u00e9 sont au centre des pr\u00e9occupations.<\/p>\n<p>Coupe : Regular \/ Normale<\/p>\n<p>Mati\u00e8re principale : 79 % coton, 18 % polyester, 3 % \u00e9lasthanne - 265 g\/m\u00b2.<br \/>Mati\u00e8re secondaire : 65 % polyester, 35 % coton - 310 g\/m\u00b2. Troisi\u00e8me mati\u00e8re : 93 % polyamide, 7 % \u00e9lasthanne - 310 g\/m\u00b2.<br \/>Renfort : 100 % polyamide - 195 g\/m.<\/p>","protected":false},"excerpt":{"rendered":"<p>- fermeture \u00e0 glissi\u00e8re YKK<br \/>- Les fils AMANN<br \/>- Mat\u00e9riau avec stretch bidirectionnel<br \/>- Empi\u00e8cements lat\u00e9raux en softshell avec stretch 4 directions<br \/>- poche poitrine avec fermeture velcro<br \/>- Poches pour les mains<br \/>- Taille \u00e9lastique<br \/>- Bretelles \u00e9lastiques<br \/>- Large boucle de ceinture \u00e0 l'arri\u00e8re au milieu pour une stabilit\u00e9 et une r\u00e9sistance suppl\u00e9mentaires<br \/>- Gousset \u00e0 l'entrejambe pour une libert\u00e9 de mouvement optimale<br \/>- Poche sur la cuisse avec fermeture velcro<br \/>- Poche m\u00e8tre pliant<br \/>- Boutons m\u00e9talliques recouverts de plastique<br \/>- genoux pr\u00e9form\u00e9s pour une libert\u00e9 de mouvement optimale<br \/>- Poches pour genouill\u00e8res accessibles de l'int\u00e9rieur<br \/>- La genouill\u00e8re peut \u00eatre d\u00e9plac\u00e9e jusqu'\u00e0 5 cm pour garantir une libert\u00e9 de mouvement optimale<br \/>- renforts aux genoux et au bas des jambes<br \/>- la longueur des jambes peut \u00eatre rallong\u00e9e de 5 cm<br \/>- Porte-badge<br \/>- Logos aux couleurs assorties<\/p>","protected":false},"featured_media":716218,"template":"","meta":[],"product_brand":[],"product_cat":[4185],"product_tag":[],"class_list":{"0":"post-716179","1":"product","2":"type-product","3":"status-publish","4":"has-post-thumbnail","6":"product_cat-hosen","7":"pa_brand-helly-hansen","8":"pa_brand-type-workwear","9":"pa_filter-color-schwarz","11":"first","12":"instock","13":"sale","14":"taxable","15":"shipping-taxable","16":"purchasable","17":"product-type-variable","18":"add-to-wishlist-before_image"},"exclude_global_add_ons":[],"addons":[],"acf":[],"_links":{"self":[{"href":"https:\/\/shop.kustom.ch\/fr\/wp-json\/wp\/v2\/product\/716179"}],"collection":[{"href":"https:\/\/shop.kustom.ch\/fr\/wp-json\/wp\/v2\/product"}],"about":[{"href":"https:\/\/shop.kustom.ch\/fr\/wp-json\/wp\/v2\/types\/product"}],"wp:featuredmedia":[{"embeddable":true,"href":"https:\/\/shop.kustom.ch\/fr\/wp-json\/wp\/v2\/media\/716218"}],"wp:attachment":[{"href":"https:\/\/shop.kustom.ch\/fr\/wp-json\/wp\/v2\/media?parent=716179"}],"wp:term":[{"taxonomy":"product_brand","embeddable":true,"href":"https:\/\/shop.kustom.ch\/fr\/wp-json\/wp\/v2\/product_brand?post=716179"},{"taxonomy":"product_cat","embeddable":true,"href":"https:\/\/shop.kustom.ch\/fr\/wp-json\/wp\/v2\/product_cat?post=716179"},{"taxonomy":"product_tag","embeddable":true,"href":"https:\/\/shop.kustom.ch\/fr\/wp-json\/wp\/v2\/product_tag?post=716179"}],"curies":[{"name":"wp","href":"https:\/\/api.w.org\/{rel}","templated":true}]}}