{"id":716112,"date":"2026-03-24T19:42:51","date_gmt":"2026-03-24T18:42:51","guid":{"rendered":"https:\/\/shop.kustom.ch\/?post_type=product&#038;p=716112"},"modified":"2026-03-24T19:43:54","modified_gmt":"2026-03-24T18:43:54","slug":"chelsea-evo-brz-cnct-pant","status":"publish","type":"product","link":"https:\/\/shop.kustom.ch\/fr\/produit\/chelsea-evo-brz-cnct-pant\/","title":{"rendered":"PANTALON CHELSEA EVO BRZ CNCT"},"content":{"rendered":"<p>Le pantalon Chelsea Evolution BRZ HH Connect\u2122 mise sur le style, le confort et la fonctionnalit\u00e9. Son stretch 4 directions et son tissu l\u00e9ger, ses genoux pr\u00e9form\u00e9s et son gousset \u00e0 l'entrejambe garantissent une libert\u00e9 de mouvement optimale, quel que soit le lieu de travail. HH Connect\u2122 Compatability peut \u00eatre personnalis\u00e9 en fonction de votre travail, en choisissant la poche adapt\u00e9e \u00e0 vos besoins. Des pinces \u00e0 la taille, un tissu renforc\u00e9 par Cordura\u00ae et des a\u00e9rations BRZ dans les coutures lat\u00e9rales assurent un excellent confort tout au long de la journ\u00e9e. Le pantalon est \u00e9quip\u00e9 de boutons m\u00e9talliques plastifi\u00e9s et d'un large passant de ceinture au milieu du dos qui assure la stabilit\u00e9.<\/p>\n<p>Coupe : ajust\u00e9e \/ ajust\u00e9e<\/p>\n<p>Mat\u00e9riau : Mat\u00e9riau principal : 94 % polyamide, 6 % \u00e9lasthanne - 244 g\/m\u00b2.<br \/>\nMati\u00e8re secondaire : 68 % coton, 32 % polyester - 235 g\/m<br \/>\nRenforcement : 100 % polyamide - 210 g\/m<\/p>","protected":false},"excerpt":{"rendered":"<p>- fermeture \u00e0 glissi\u00e8re YKK<br \/>- Renfort en Cordura\u00ae avec stretch<br \/>- AMANN Fils - Qualit\u00e9 allemande<br \/>- Compatible avec HH Connect\u2122<br \/>- Tissu l\u00e9ger<br \/>- Mat\u00e9riau avec stretch 4 directions<br \/>- renforts en CORDURA\u00ae aux genoux<br \/>- poche ext\u00e9rieure sur le c\u00f4t\u00e9 gauche avec fermeture \u00e9clair YKK<br \/>- Ouverture d'a\u00e9ration BRZ dans la couture lat\u00e9rale<br \/>- Coutures \u00e0 la taille pour un meilleur confort<br \/>- Large boucle de ceinture \u00e0 l'arri\u00e8re au milieu pour une stabilit\u00e9 et une r\u00e9sistance suppl\u00e9mentaires<br \/>- Gousset \u00e0 l'entrejambe pour une libert\u00e9 de mouvement optimale<br \/>- Poche sur la cuisse avec fermeture velcro et plusieurs compartiments<br \/>- poche m\u00e8tre pliant en Cordura\u00ae renforc\u00e9<br \/>- Boutons m\u00e9talliques recouverts de plastique<br \/>- genoux pr\u00e9form\u00e9s pour une libert\u00e9 de mouvement optimale<br \/>- Poches de protection des genoux accessibles de l'ext\u00e9rieur<br \/>- La genouill\u00e8re peut \u00eatre d\u00e9plac\u00e9e jusqu'\u00e0 5 cm pour garantir une libert\u00e9 de mouvement optimale<br \/>- Bas de jambe r\u00e9glable avec boutons-pression<br \/>- la longueur des jambes peut \u00eatre rallong\u00e9e de 5 cm<br \/>- Porte-badge<br \/>- D\u00e9tails de design r\u00e9fl\u00e9chissants<\/p>","protected":false},"featured_media":716117,"template":"","meta":[],"product_brand":[],"product_cat":[4185],"product_tag":[],"class_list":{"0":"post-716112","1":"product","2":"type-product","3":"status-publish","4":"has-post-thumbnail","6":"product_cat-hosen","7":"pa_brand-helly-hansen","8":"pa_brand-type-workwear","9":"pa_filter-color-blau","10":"pa_filter-color-schwarz","12":"first","13":"instock","14":"sale","15":"taxable","16":"shipping-taxable","17":"purchasable","18":"product-type-variable","19":"add-to-wishlist-before_image"},"exclude_global_add_ons":[],"addons":[],"acf":[],"_links":{"self":[{"href":"https:\/\/shop.kustom.ch\/fr\/wp-json\/wp\/v2\/product\/716112"}],"collection":[{"href":"https:\/\/shop.kustom.ch\/fr\/wp-json\/wp\/v2\/product"}],"about":[{"href":"https:\/\/shop.kustom.ch\/fr\/wp-json\/wp\/v2\/types\/product"}],"wp:featuredmedia":[{"embeddable":true,"href":"https:\/\/shop.kustom.ch\/fr\/wp-json\/wp\/v2\/media\/716117"}],"wp:attachment":[{"href":"https:\/\/shop.kustom.ch\/fr\/wp-json\/wp\/v2\/media?parent=716112"}],"wp:term":[{"taxonomy":"product_brand","embeddable":true,"href":"https:\/\/shop.kustom.ch\/fr\/wp-json\/wp\/v2\/product_brand?post=716112"},{"taxonomy":"product_cat","embeddable":true,"href":"https:\/\/shop.kustom.ch\/fr\/wp-json\/wp\/v2\/product_cat?post=716112"},{"taxonomy":"product_tag","embeddable":true,"href":"https:\/\/shop.kustom.ch\/fr\/wp-json\/wp\/v2\/product_tag?post=716112"}],"curies":[{"name":"wp","href":"https:\/\/api.w.org\/{rel}","templated":true}]}}