{"id":712255,"date":"2026-03-24T19:13:23","date_gmt":"2026-03-24T18:13:23","guid":{"rendered":"https:\/\/shop.kustom.ch\/?post_type=product&#038;p=712255"},"modified":"2026-03-24T19:14:16","modified_gmt":"2026-03-24T18:14:16","slug":"chelsea-evo-brz-jacket","status":"publish","type":"product","link":"https:\/\/shop.kustom.ch\/fr\/produit\/chelsea-evo-brz-jacket\/","title":{"rendered":"VESTE CHELSEA EVO BRZ"},"content":{"rendered":"<p>La r\u00e9gulation de la temp\u00e9rature et le confort ont \u00e9t\u00e9 les aspects d\u00e9cisifs lors de la conception de cette veste de travail pour hommes. Un tissu l\u00e9ger et une ventilation m\u00e9canique dans le dos permettent une bonne r\u00e9gulation de la temp\u00e9rature pendant le travail. Le tissu softshell dans des zones s\u00e9lectionn\u00e9es assure la respirabilit\u00e9. Le prot\u00e8ge-menton avec fermeture \u00e0 glissi\u00e8re offre une protection suppl\u00e9mentaire et une partie dorsale allong\u00e9e, des manches articul\u00e9es et un tissu l\u00e9ger avec stretch quadri-directionnel assurent une excellente libert\u00e9 de mouvement. Des \u00e9l\u00e9ments de conception flexibles, tels que les poignets et l'ourlet r\u00e9glables, garantissent un ajustement parfait, quel que soit le programme de la journ\u00e9e. Des d\u00e9tails de haute qualit\u00e9 comme les fermetures \u00e9clair YKK\u00ae, un passant pour carte d'identit\u00e9 et un col int\u00e9rieur en polyester bross\u00e9 font de cette veste de travail pour hommes un compagnon performant sur le chantier. Les d\u00e9tails r\u00e9fl\u00e9chissants assurent la s\u00e9curit\u00e9 et les poches de poitrine et les poches \u00e0 glissi\u00e8re permettent de garder les objets importants \u00e0 port\u00e9e de main.<\/p>\n<p>Coupe : Regular \/ Normale<\/p>\n<p>Mat\u00e9riau : Mat\u00e9riau principal : 94 % polyamide, 6 % \u00e9lasthanne - 244 g\/m\u00b2.<br \/>Mati\u00e8re principale secondaire : 80 % polyamide, 20 % \u00e9lasthanne - 255 g\/m\u00b2.<\/p>","protected":false},"excerpt":{"rendered":"<p>- fermeture \u00e0 glissi\u00e8re YKK<br \/>- Les fils AMANN<br \/>- Mat\u00e9riau avec stretch 4 directions<br \/>- Tissu l\u00e9ger<br \/>- Tissu Softshell dans certaines zones<br \/>- col int\u00e9rieur en polyester bross\u00e9<br \/>- fermeture \u00e0 glissi\u00e8re frontale YKK\u00ae avec protection du menton<br \/>- poches poitrine avec fermeture \u00e9clair YKK<br \/>- poches pour les mains avec fermeture \u00e9clair YKK<br \/>- Poignets r\u00e9glables<br \/>- Manches pr\u00e9form\u00e9es pour une libert\u00e9 de mouvement optimale<br \/>- a\u00e9ration en mesh pour une respirabilit\u00e9 suppl\u00e9mentaire<br \/>- Ouverture d'a\u00e9ration dans le dos<br \/>- Dos rallong\u00e9 pour un meilleur confort<br \/>- Porte-badge<br \/>- D\u00e9tails de design r\u00e9fl\u00e9chissants<\/p>","protected":false},"featured_media":712292,"template":"","meta":[],"product_brand":[],"product_cat":[4186],"product_tag":[],"class_list":{"0":"post-712255","1":"product","2":"type-product","3":"status-publish","4":"has-post-thumbnail","6":"product_cat-jacken","7":"pa_brand-helly-hansen","8":"pa_brand-type-workwear","9":"pa_filter-color-blau","10":"pa_filter-color-schwarz","12":"first","13":"instock","14":"sale","15":"taxable","16":"shipping-taxable","17":"purchasable","18":"product-type-variable","19":"add-to-wishlist-before_image"},"exclude_global_add_ons":[],"addons":[],"acf":[],"_links":{"self":[{"href":"https:\/\/shop.kustom.ch\/fr\/wp-json\/wp\/v2\/product\/712255"}],"collection":[{"href":"https:\/\/shop.kustom.ch\/fr\/wp-json\/wp\/v2\/product"}],"about":[{"href":"https:\/\/shop.kustom.ch\/fr\/wp-json\/wp\/v2\/types\/product"}],"wp:featuredmedia":[{"embeddable":true,"href":"https:\/\/shop.kustom.ch\/fr\/wp-json\/wp\/v2\/media\/712292"}],"wp:attachment":[{"href":"https:\/\/shop.kustom.ch\/fr\/wp-json\/wp\/v2\/media?parent=712255"}],"wp:term":[{"taxonomy":"product_brand","embeddable":true,"href":"https:\/\/shop.kustom.ch\/fr\/wp-json\/wp\/v2\/product_brand?post=712255"},{"taxonomy":"product_cat","embeddable":true,"href":"https:\/\/shop.kustom.ch\/fr\/wp-json\/wp\/v2\/product_cat?post=712255"},{"taxonomy":"product_tag","embeddable":true,"href":"https:\/\/shop.kustom.ch\/fr\/wp-json\/wp\/v2\/product_tag?post=712255"}],"curies":[{"name":"wp","href":"https:\/\/api.w.org\/{rel}","templated":true}]}}