{"id":712224,"date":"2026-03-24T19:12:59","date_gmt":"2026-03-24T18:12:59","guid":{"rendered":"https:\/\/shop.kustom.ch\/?post_type=product&#038;p=712224"},"modified":"2026-03-24T19:13:48","modified_gmt":"2026-03-24T18:13:48","slug":"alna-4x-tech-jacket","status":"publish","type":"product","link":"https:\/\/shop.kustom.ch\/fr\/produit\/alna-4x-tech-jacket\/","title":{"rendered":"VESTE ALNA 4X TECH"},"content":{"rendered":"<p>Coupe : Regular \/ Normale<\/p>\n<p>Mati\u00e8re : Ext\u00e9rieur : 92 % polyester, 8 % \u00e9lasthanne - 240 g\/m\u00b2.<br \/>Mati\u00e8re ext\u00e9rieure 2 : 94 % polyester, 6 % \u00e9lasthanne, 290g\/m\u00b2 - Doublure : 100 % polyester<br \/>Doublure 2 : 100 % polyamide<\/p>","protected":false},"excerpt":{"rendered":"<p>- EN ISO 20471:2013 : 2<br \/>- RIS-3279-TOM:2019 : Orange uniquement<br \/>- fermeture \u00e0 glissi\u00e8re YKK<br \/>- Les fils AMANN<br \/>- Sans coutures aux \u00e9paules<br \/>- Mat\u00e9riau avec stretch 4 directions<br \/>- Tissu Softshell dans certaines zones<br \/>- col int\u00e9rieur en polyester bross\u00e9<br \/>- fermeture \u00e0 glissi\u00e8re frontale YKK\u00ae avec protection du menton<br \/>- poche poitrine avec fermeture \u00e9clair YKK<br \/>- poche Napol\u00e9on, il n'est pas n\u00e9cessaire d'ouvrir la veste pour y acc\u00e9der<br \/>- poches pour les mains avec fermeture \u00e9clair YKK<br \/>- Poignets r\u00e9glables<br \/>- Manches pr\u00e9form\u00e9es pour une libert\u00e9 de mouvement optimale<br \/>- Ourlet r\u00e9glable avec cordon de serrage \u00e9lastique dans la poche de rangement<br \/>- Dos rallong\u00e9 pour un meilleur confort<br \/>- Porte-badge<\/p>","protected":false},"featured_media":712264,"template":"","meta":[],"product_brand":[],"product_cat":[4186],"product_tag":[],"class_list":{"0":"post-712224","1":"product","2":"type-product","3":"status-publish","4":"has-post-thumbnail","6":"product_cat-jacken","7":"pa_brand-helly-hansen","8":"pa_brand-type-workwear","9":"pa_filter-color-gelb","10":"pa_filter-color-orange","12":"first","13":"instock","14":"sale","15":"taxable","16":"shipping-taxable","17":"purchasable","18":"product-type-variable","19":"add-to-wishlist-before_image"},"exclude_global_add_ons":[],"addons":[],"acf":[],"_links":{"self":[{"href":"https:\/\/shop.kustom.ch\/fr\/wp-json\/wp\/v2\/product\/712224"}],"collection":[{"href":"https:\/\/shop.kustom.ch\/fr\/wp-json\/wp\/v2\/product"}],"about":[{"href":"https:\/\/shop.kustom.ch\/fr\/wp-json\/wp\/v2\/types\/product"}],"wp:featuredmedia":[{"embeddable":true,"href":"https:\/\/shop.kustom.ch\/fr\/wp-json\/wp\/v2\/media\/712264"}],"wp:attachment":[{"href":"https:\/\/shop.kustom.ch\/fr\/wp-json\/wp\/v2\/media?parent=712224"}],"wp:term":[{"taxonomy":"product_brand","embeddable":true,"href":"https:\/\/shop.kustom.ch\/fr\/wp-json\/wp\/v2\/product_brand?post=712224"},{"taxonomy":"product_cat","embeddable":true,"href":"https:\/\/shop.kustom.ch\/fr\/wp-json\/wp\/v2\/product_cat?post=712224"},{"taxonomy":"product_tag","embeddable":true,"href":"https:\/\/shop.kustom.ch\/fr\/wp-json\/wp\/v2\/product_tag?post=712224"}],"curies":[{"name":"wp","href":"https:\/\/api.w.org\/{rel}","templated":true}]}}