{"id":712152,"date":"2026-03-24T19:11:44","date_gmt":"2026-03-24T18:11:44","guid":{"rendered":"https:\/\/shop.kustom.ch\/?post_type=product&#038;p=712152"},"modified":"2026-03-24T19:12:57","modified_gmt":"2026-03-24T18:12:57","slug":"icu-brz-jacket","status":"publish","type":"product","link":"https:\/\/shop.kustom.ch\/fr\/produit\/icu-brz-jacket\/","title":{"rendered":"VESTE ICU BRZ"},"content":{"rendered":"<p>Le design ICU BRZ de Helly Hansen inclut des fonctions de contr\u00f4le de la temp\u00e9rature dans cette veste de s\u00e9curit\u00e9 high-tech. Les fermetures \u00e9clair d'a\u00e9ration en maille sur le devant et les ouvertures d'a\u00e9ration m\u00e9caniques et d\u00e9coup\u00e9es au laser \u00e0 l'arri\u00e8re assurent une respirabilit\u00e9 sous tous les angles. La veste ICU BRZ suit tous les mouvements gr\u00e2ce \u00e0 son tissu stretch l\u00e9ger \u00e0 quatre voies et \u00e0 sa coupe articul\u00e9e. Les renforts en Cordura\u00ae stretch assurent la r\u00e9sistance sans compromettre la libert\u00e9 de mouvement. Les caract\u00e9ristiques de confort comprennent une doublure en polyester bross\u00e9 dans le col avec protection du menton, un dos allong\u00e9 ainsi que des poignets et un ourlet r\u00e9glables. L'acc\u00e8s au r\u00e9glage de l'ourlet par les poches d'insertion r\u00e9duit le risque d'accrochage et offre ainsi une s\u00e9curit\u00e9 suppl\u00e9mentaire sur le lieu de travail. Des fermetures \u00e0 glissi\u00e8re YKK\u00ae robustes sur le devant, sur la poche de poitrine, sur la poche arri\u00e8re et sur les poches pour les mains compl\u00e8tent la gamme de fonctions.<\/p>\n<p>Coupe : Regular \/ Normale<\/p>\n<p>Mati\u00e8re principale : 92 % polyester, 8 % \u00e9lasthanne - 240 g\/m\u00b2.<br \/>Renfort : 97 % polyamide, 3 % \u00e9lasthanne - 307 g\/m\u00b2.<\/p>","protected":false},"excerpt":{"rendered":"<p>- EN ISO 20471:2013 : 2<br \/>- RIS-3279-TOM:2019 : Orange uniquement<br \/>- Mat\u00e9riaux 3M<br \/>- Les fils AMANN<br \/>- fermeture \u00e0 glissi\u00e8re YKK<br \/>- renforcement en Cordura\u00ae stretch<br \/>- Mat\u00e9riau avec stretch 4 directions<br \/>- Tissu l\u00e9ger<br \/>- col int\u00e9rieur en polyester bross\u00e9<br \/>- fermeture \u00e0 glissi\u00e8re frontale YKK\u00ae avec protection du menton<br \/>- poche poitrine avec fermeture \u00e9clair YKK<br \/>- poches arri\u00e8re avec fermeture \u00e9clair YKK<br \/>- poches pour les mains avec fermeture \u00e9clair YKK<br \/>- Poignets r\u00e9glables<br \/>- Manches pr\u00e9form\u00e9es pour une libert\u00e9 de mouvement optimale<br \/>- Trous d'a\u00e9ration d\u00e9coup\u00e9s au laser \u00e0 l'arri\u00e8re<br \/>- a\u00e9ration en mesh pour une respirabilit\u00e9 suppl\u00e9mentaire<br \/>- Ouverture d'a\u00e9ration dans le dos<br \/>- Ourlet r\u00e9glable avec cordon de serrage \u00e9lastique dans la poche de rangement<br \/>- Dos rallong\u00e9 pour un meilleur confort<br \/>- Porte-badge<br \/>- Gagnant du RED DOT Award<\/p>","protected":false},"featured_media":712194,"template":"","meta":[],"product_brand":[],"product_cat":[4186],"product_tag":[],"class_list":{"0":"post-712152","1":"product","2":"type-product","3":"status-publish","4":"has-post-thumbnail","6":"product_cat-jacken","7":"pa_brand-helly-hansen","8":"pa_brand-type-workwear","9":"pa_filter-color-gelb","10":"pa_filter-color-orange","12":"first","13":"instock","14":"sale","15":"taxable","16":"shipping-taxable","17":"purchasable","18":"product-type-variable","19":"add-to-wishlist-before_image"},"exclude_global_add_ons":[],"addons":[],"acf":[],"_links":{"self":[{"href":"https:\/\/shop.kustom.ch\/fr\/wp-json\/wp\/v2\/product\/712152"}],"collection":[{"href":"https:\/\/shop.kustom.ch\/fr\/wp-json\/wp\/v2\/product"}],"about":[{"href":"https:\/\/shop.kustom.ch\/fr\/wp-json\/wp\/v2\/types\/product"}],"wp:featuredmedia":[{"embeddable":true,"href":"https:\/\/shop.kustom.ch\/fr\/wp-json\/wp\/v2\/media\/712194"}],"wp:attachment":[{"href":"https:\/\/shop.kustom.ch\/fr\/wp-json\/wp\/v2\/media?parent=712152"}],"wp:term":[{"taxonomy":"product_brand","embeddable":true,"href":"https:\/\/shop.kustom.ch\/fr\/wp-json\/wp\/v2\/product_brand?post=712152"},{"taxonomy":"product_cat","embeddable":true,"href":"https:\/\/shop.kustom.ch\/fr\/wp-json\/wp\/v2\/product_cat?post=712152"},{"taxonomy":"product_tag","embeddable":true,"href":"https:\/\/shop.kustom.ch\/fr\/wp-json\/wp\/v2\/product_tag?post=712152"}],"curies":[{"name":"wp","href":"https:\/\/api.w.org\/{rel}","templated":true}]}}