{"id":712150,"date":"2026-03-24T19:11:44","date_gmt":"2026-03-24T18:11:44","guid":{"rendered":"https:\/\/shop.kustom.ch\/?post_type=product&#038;p=712150"},"modified":"2026-03-24T20:15:40","modified_gmt":"2026-03-24T19:15:40","slug":"close-hook-and-loop-before-washing-close-zippers-before-washing-do-not-use-fabric-softener-remove-all-loose-items-before-washing-use-liquid-detergent-wash-inside-out-wash-with-similar-colours","status":"publish","type":"product","link":"https:\/\/shop.kustom.ch\/fr\/produit\/close-hook-and-loop-before-washing-close-zippers-before-washing-do-not-use-fabric-softener-remove-all-loose-items-before-washing-use-liquid-detergent-wash-inside-out-wash-with-similar-colours\/","title":{"rendered":"Fermer le crochet et la boucle avant le lavage, Fermer les fermetures \u00e9clair avant le lavage, Ne pas utiliser d'adoucissant pour tissus, Enlever tous les objets d\u00e9tach\u00e9s avant le lavage, Utiliser un d\u00e9tergent liquide, Laver \u00e0 l'int\u00e9rieur, Laver avec des couleurs similaires"},"content":{"rendered":"","protected":false},"excerpt":{"rendered":"","protected":false},"featured_media":0,"template":"","meta":[],"product_brand":[],"product_cat":[4208],"product_tag":[],"class_list":{"0":"post-712150","1":"product","2":"type-product","3":"status-publish","5":"product_cat-westen","6":"pa_brand-type-workwear","8":"first","9":"instock","10":"taxable","11":"shipping-taxable","12":"product-type-variable","13":"add-to-wishlist-before_image"},"exclude_global_add_ons":[],"addons":[],"acf":[],"_links":{"self":[{"href":"https:\/\/shop.kustom.ch\/fr\/wp-json\/wp\/v2\/product\/712150"}],"collection":[{"href":"https:\/\/shop.kustom.ch\/fr\/wp-json\/wp\/v2\/product"}],"about":[{"href":"https:\/\/shop.kustom.ch\/fr\/wp-json\/wp\/v2\/types\/product"}],"wp:attachment":[{"href":"https:\/\/shop.kustom.ch\/fr\/wp-json\/wp\/v2\/media?parent=712150"}],"wp:term":[{"taxonomy":"product_brand","embeddable":true,"href":"https:\/\/shop.kustom.ch\/fr\/wp-json\/wp\/v2\/product_brand?post=712150"},{"taxonomy":"product_cat","embeddable":true,"href":"https:\/\/shop.kustom.ch\/fr\/wp-json\/wp\/v2\/product_cat?post=712150"},{"taxonomy":"product_tag","embeddable":true,"href":"https:\/\/shop.kustom.ch\/fr\/wp-json\/wp\/v2\/product_tag?post=712150"}],"curies":[{"name":"wp","href":"https:\/\/api.w.org\/{rel}","templated":true}]}}