{"id":712149,"date":"2026-03-24T19:11:44","date_gmt":"2026-03-24T18:11:44","guid":{"rendered":"https:\/\/shop.kustom.ch\/?post_type=product&#038;p=712149"},"modified":"2026-03-24T19:12:31","modified_gmt":"2026-03-24T18:12:31","slug":"chelsea-evo-cons-vest","status":"publish","type":"product","link":"https:\/\/shop.kustom.ch\/fr\/produit\/chelsea-evo-cons-vest\/","title":{"rendered":"GILET CHELSEA EVO CONS"},"content":{"rendered":"<p>La veste de construction Chelsea Evolution est un \u00e9l\u00e9ment indispensable de votre tenue de travail. Elle a \u00e9t\u00e9 con\u00e7ue pour r\u00e9chauffer le haut de votre corps et remplacer une ceinture porte-outils s\u00e9par\u00e9e. Le tissu stretch \u00e0 quatre voies, l'a\u00e9ration en maille et les \u00e9paules r\u00e9glables offrent un confort de premi\u00e8re classe. Le gilet s'adapte \u00e0 votre style de travail individuel. Il est dot\u00e9 d'une ceinture amovible, de poches suspendues amovibles et interchangeables, d'un devant extensible et d'une ouverture pour une ceinture \u00e0 l'arri\u00e8re. Le gilet peut \u00eatre port\u00e9 par-dessus ou par-dessous la veste de travail. Les options de rangement int\u00e9gr\u00e9es comprennent une boucle pour marteau, une poche pour embouts, une poche pour t\u00e9l\u00e9phone portable, une boucle pour carte d'identit\u00e9 et diverses autres poches pour les objets importants. Un large passant de ceinture dans le dos assure une stabilit\u00e9 suppl\u00e9mentaire. La qualit\u00e9 est standard avec les fermetures \u00e0 glissi\u00e8re YKK\u00ae et les boutons-pression m\u00e9talliques plastifi\u00e9s. La fermeture \u00e9clair de couleur fluo \u00e0 l'avant et les d\u00e9tails r\u00e9fl\u00e9chissants font en sorte que vous soyez toujours bien visible dans ce gilet haut de gamme pour les chantiers industriels.<\/p>\n<p>Coupe : Regular \/ Normale<\/p>\n<p>Mat\u00e9riau : Mat\u00e9riau principal : 79 % coton, 21 % polyester - 315 g\/m\u00b2.<br \/>Mati\u00e8re secondaire : 93 % polyamide, 7 % \u00e9lasthanne - 317 g\/m\u00b2.<br \/>Renforcement : 100 % polyamide - 210 g\/m<\/p>","protected":false},"excerpt":{"rendered":"<p>- Les fils AMANN<br \/>- Renfort en Cordura\u00ae avec stretch<br \/>- fermeture \u00e0 glissi\u00e8re YKK<br \/>- Compatible avec HH Connect\u2122<br \/>- Ouverture pour la ceinture de s\u00e9curit\u00e9<br \/>- poche pour t\u00e9l\u00e9phone portable avec fermeture \u00e9clair YKK<br \/>- Ceinture amovible<br \/>- Mat\u00e9riau avec stretch 4 directions<br \/>- fermeture \u00e9clair frontale YKK<br \/>- Face avant extensible pour une meilleure libert\u00e9 de mouvement<br \/>- poche ext\u00e9rieure sur le c\u00f4t\u00e9 droit avec fermeture velcro<br \/>- \u00c9paules r\u00e9glables, la largeur des \u00e9paules peut \u00eatre ajust\u00e9e<br \/>- a\u00e9ration en mesh pour une respirabilit\u00e9 suppl\u00e9mentaire<br \/>- Large boucle de ceinture \u00e0 l'arri\u00e8re au milieu pour une stabilit\u00e9 et une r\u00e9sistance suppl\u00e9mentaires<br \/>- Poche \u00e0 embouts avec fermeture \u00e9clair YKK<br \/>- Poches suspendues amovibles et interchangeables<br \/>- Boutons m\u00e9talliques recouverts de plastique<br \/>- poche ext\u00e9rieure sur le c\u00f4t\u00e9 gauche avec fermeture \u00e9clair YKK<br \/>- Porte-badge<br \/>- Plusieurs poches<br \/>- D\u00e9tails de design r\u00e9fl\u00e9chissants<br \/>- possibilit\u00e9 de porter par-dessus des vestes d'hiver<\/p>","protected":false},"featured_media":712183,"template":"","meta":[],"product_brand":[],"product_cat":[4208],"product_tag":[],"class_list":{"0":"post-712149","1":"product","2":"type-product","3":"status-publish","4":"has-post-thumbnail","6":"product_cat-westen","7":"pa_brand-helly-hansen","8":"pa_brand-type-workwear","9":"pa_filter-color-schwarz","11":"first","12":"instock","13":"sale","14":"taxable","15":"shipping-taxable","16":"purchasable","17":"product-type-variable","18":"add-to-wishlist-before_image"},"exclude_global_add_ons":[],"addons":[],"acf":[],"_links":{"self":[{"href":"https:\/\/shop.kustom.ch\/fr\/wp-json\/wp\/v2\/product\/712149"}],"collection":[{"href":"https:\/\/shop.kustom.ch\/fr\/wp-json\/wp\/v2\/product"}],"about":[{"href":"https:\/\/shop.kustom.ch\/fr\/wp-json\/wp\/v2\/types\/product"}],"wp:featuredmedia":[{"embeddable":true,"href":"https:\/\/shop.kustom.ch\/fr\/wp-json\/wp\/v2\/media\/712183"}],"wp:attachment":[{"href":"https:\/\/shop.kustom.ch\/fr\/wp-json\/wp\/v2\/media?parent=712149"}],"wp:term":[{"taxonomy":"product_brand","embeddable":true,"href":"https:\/\/shop.kustom.ch\/fr\/wp-json\/wp\/v2\/product_brand?post=712149"},{"taxonomy":"product_cat","embeddable":true,"href":"https:\/\/shop.kustom.ch\/fr\/wp-json\/wp\/v2\/product_cat?post=712149"},{"taxonomy":"product_tag","embeddable":true,"href":"https:\/\/shop.kustom.ch\/fr\/wp-json\/wp\/v2\/product_tag?post=712149"}],"curies":[{"name":"wp","href":"https:\/\/api.w.org\/{rel}","templated":true}]}}