{"id":712114,"date":"2026-03-24T19:11:16","date_gmt":"2026-03-24T18:11:16","guid":{"rendered":"https:\/\/shop.kustom.ch\/?post_type=product&#038;p=712114"},"modified":"2026-03-24T19:12:06","modified_gmt":"2026-03-24T18:12:06","slug":"alna-2-0-cons-vest","status":"publish","type":"product","link":"https:\/\/shop.kustom.ch\/fr\/produit\/alna-2-0-cons-vest\/","title":{"rendered":"ALNA 2.0 CONS VEST"},"content":{"rendered":"<p>Un stretch \u00e0 deux sens, un devant extensible pour une meilleure libert\u00e9 de mouvement, de nombreuses fonctions, une coupe am\u00e9lior\u00e9e et des r\u00e9flexes de transfert de chaleur : Alna 2.0 Construction Vest est une excellente option si tu veux \u00eatre bien visible et en s\u00e9curit\u00e9.<\/p>\n<p>Coupe : Regular \/ Normale<\/p>\n<p>Mati\u00e8re principale : 83 % polyester, 14 % coton, 3 % \u00e9lasthanne - 320 g\/m\u00b2.<br \/>Renforcement : 100 % polyamide - 220 g\/m<\/p>","protected":false},"excerpt":{"rendered":"<p>- EN ISO 20471:2013 : 1<br \/>- fermeture \u00e0 glissi\u00e8re YKK<br \/>- Renfort en Cordura\u00ae avec stretch<br \/>- Les fils AMANN<br \/>- Ceinture amovible<br \/>- Ouverture pour la ceinture de s\u00e9curit\u00e9<br \/>- Mat\u00e9riau avec stretch bidirectionnel<br \/>- Sans coutures aux \u00e9paules<br \/>- fermeture \u00e9clair frontale YKK<br \/>- Face avant extensible pour une meilleure libert\u00e9 de mouvement<br \/>- Large boucle de ceinture \u00e0 l'arri\u00e8re au milieu pour une stabilit\u00e9 et une r\u00e9sistance suppl\u00e9mentaires<br \/>- Sacs suspendus en Cordura\u00ae avec double fond doubl\u00e9 et sangle pour une plus grande durabilit\u00e9<br \/>- Boutons m\u00e9talliques recouverts de plastique<br \/>- Porte-badge<br \/>- Plusieurs poches<br \/>- possibilit\u00e9 de porter par-dessus des vestes d'hiver<\/p>","protected":false},"featured_media":712155,"template":"","meta":[],"product_brand":[],"product_cat":[4208],"product_tag":[],"class_list":{"0":"post-712114","1":"product","2":"type-product","3":"status-publish","4":"has-post-thumbnail","6":"product_cat-westen","7":"pa_brand-helly-hansen","8":"pa_brand-type-workwear","9":"pa_filter-color-gelb","10":"pa_filter-color-orange","12":"first","13":"instock","14":"sale","15":"taxable","16":"shipping-taxable","17":"purchasable","18":"product-type-variable","19":"add-to-wishlist-before_image"},"exclude_global_add_ons":[],"addons":[],"acf":[],"_links":{"self":[{"href":"https:\/\/shop.kustom.ch\/fr\/wp-json\/wp\/v2\/product\/712114"}],"collection":[{"href":"https:\/\/shop.kustom.ch\/fr\/wp-json\/wp\/v2\/product"}],"about":[{"href":"https:\/\/shop.kustom.ch\/fr\/wp-json\/wp\/v2\/types\/product"}],"wp:featuredmedia":[{"embeddable":true,"href":"https:\/\/shop.kustom.ch\/fr\/wp-json\/wp\/v2\/media\/712155"}],"wp:attachment":[{"href":"https:\/\/shop.kustom.ch\/fr\/wp-json\/wp\/v2\/media?parent=712114"}],"wp:term":[{"taxonomy":"product_brand","embeddable":true,"href":"https:\/\/shop.kustom.ch\/fr\/wp-json\/wp\/v2\/product_brand?post=712114"},{"taxonomy":"product_cat","embeddable":true,"href":"https:\/\/shop.kustom.ch\/fr\/wp-json\/wp\/v2\/product_cat?post=712114"},{"taxonomy":"product_tag","embeddable":true,"href":"https:\/\/shop.kustom.ch\/fr\/wp-json\/wp\/v2\/product_tag?post=712114"}],"curies":[{"name":"wp","href":"https:\/\/api.w.org\/{rel}","templated":true}]}}