{"id":711822,"date":"2026-03-24T19:06:18","date_gmt":"2026-03-24T18:06:18","guid":{"rendered":"https:\/\/shop.kustom.ch\/?post_type=product&#038;p=711822"},"modified":"2026-03-24T19:07:56","modified_gmt":"2026-03-24T18:07:56","slug":"hh-lifa-active-crewneck","status":"publish","type":"product","link":"https:\/\/shop.kustom.ch\/fr\/produit\/hh-lifa-active-crewneck\/","title":{"rendered":"HH LIFA ACTIVE CREWNECK"},"content":{"rendered":"<p>Ce pull \u00e0 manches longues performant a \u00e9t\u00e9 con\u00e7u pour un confort actif au travail. Il n'a pas de coutures aux \u00e9paules ni de coutures lat\u00e9rales, ce qui \u00e9vite les points de frottement potentiels. Les coutures n\u00e9cessaires sont des coutures flatlock, qui sont plates et plus confortables que les coutures standard. La technologie d'\u00e9vacuation de l'humidit\u00e9 LIFA\u00ae Active rend le tissu de la chemise \u00e0 manches longues extr\u00eamement performant. Elle offre une l\u00e9g\u00e8re isolation et peut \u00eatre port\u00e9e seule ou comme couche suppl\u00e9mentaire les jours plus froids.<\/p>\n<p>Coupe : Regular \/ Normale<\/p>\n<p>Mat\u00e9riau : Tissu principal : 66 % polyester recycl\u00e9, 34 % polypropyl\u00e8ne - 130 g\/m\u00b2.<\/p>","protected":false},"excerpt":{"rendered":"<p>- EN 13758-1:2001+A1:2006<br \/>- LIFA\u00ae ACTIVE<br \/>- Sans coutures lat\u00e9rales pour plus de confort<br \/>- Coutures flatlock pour un confort suppl\u00e9mentaire<br \/>- Sans coutures aux \u00e9paules<br \/>- UPF 50<br \/>- Mat\u00e9riaux Oceanbound recycl\u00e9s<br \/>- produit bluesign<\/p>","protected":false},"featured_media":711884,"template":"","meta":[],"product_brand":[],"product_cat":[4191],"product_tag":[],"class_list":{"0":"post-711822","1":"product","2":"type-product","3":"status-publish","4":"has-post-thumbnail","6":"product_cat-longsleeves-sweatshirts","7":"pa_brand-helly-hansen","8":"pa_brand-type-workwear","9":"pa_filter-color-schwarz","11":"first","12":"instock","13":"sale","14":"taxable","15":"shipping-taxable","16":"purchasable","17":"product-type-variable","18":"add-to-wishlist-before_image"},"exclude_global_add_ons":[],"addons":[],"acf":[],"_links":{"self":[{"href":"https:\/\/shop.kustom.ch\/fr\/wp-json\/wp\/v2\/product\/711822"}],"collection":[{"href":"https:\/\/shop.kustom.ch\/fr\/wp-json\/wp\/v2\/product"}],"about":[{"href":"https:\/\/shop.kustom.ch\/fr\/wp-json\/wp\/v2\/types\/product"}],"wp:featuredmedia":[{"embeddable":true,"href":"https:\/\/shop.kustom.ch\/fr\/wp-json\/wp\/v2\/media\/711884"}],"wp:attachment":[{"href":"https:\/\/shop.kustom.ch\/fr\/wp-json\/wp\/v2\/media?parent=711822"}],"wp:term":[{"taxonomy":"product_brand","embeddable":true,"href":"https:\/\/shop.kustom.ch\/fr\/wp-json\/wp\/v2\/product_brand?post=711822"},{"taxonomy":"product_cat","embeddable":true,"href":"https:\/\/shop.kustom.ch\/fr\/wp-json\/wp\/v2\/product_cat?post=711822"},{"taxonomy":"product_tag","embeddable":true,"href":"https:\/\/shop.kustom.ch\/fr\/wp-json\/wp\/v2\/product_tag?post=711822"}],"curies":[{"name":"wp","href":"https:\/\/api.w.org\/{rel}","templated":true}]}}