{"id":711799,"date":"2026-03-24T19:05:57","date_gmt":"2026-03-24T18:05:57","guid":{"rendered":"https:\/\/shop.kustom.ch\/?post_type=product&#038;p=711799"},"modified":"2026-03-24T19:07:30","modified_gmt":"2026-03-24T18:07:30","slug":"icu-lifa-active-polo","status":"publish","type":"product","link":"https:\/\/shop.kustom.ch\/fr\/produit\/icu-lifa-active-polo\/","title":{"rendered":"ICU LIFA ACTIVE POLO"},"content":{"rendered":"<p>Coupe : Regular \/ Normale<\/p>\n<p>Mat\u00e9riau : Mat\u00e9riau principal : 54 % polyester, 46 % polypropyl\u00e8ne - 175 g\/m\u00b2.<\/p>","protected":false},"excerpt":{"rendered":"<p>- EN ISO 20471:2013 : 2<br \/>- EN 13758-2:2003+A1:2006<br \/>- LIFA\u00ae (EN ANGLAIS)<br \/>- bandes r\u00e9fl\u00e9chissantes 3M<br \/>- Coutures flatlock pour un confort suppl\u00e9mentaire<br \/>- Patte de boutonnage devant<br \/>- Fentes lat\u00e9rales pour une libert\u00e9 de mouvement optimale<br \/>- produit bluesign\u00ae<\/p>","protected":false},"featured_media":711864,"template":"","meta":[],"product_brand":[],"product_cat":[4193],"product_tag":[],"class_list":{"0":"post-711799","1":"product","2":"type-product","3":"status-publish","4":"has-post-thumbnail","6":"product_cat-polos","7":"pa_brand-helly-hansen","8":"pa_brand-type-workwear","9":"pa_filter-color-gelb","11":"first","12":"instock","13":"sale","14":"taxable","15":"shipping-taxable","16":"purchasable","17":"product-type-variable","18":"add-to-wishlist-before_image"},"exclude_global_add_ons":[],"addons":[],"acf":[],"_links":{"self":[{"href":"https:\/\/shop.kustom.ch\/fr\/wp-json\/wp\/v2\/product\/711799"}],"collection":[{"href":"https:\/\/shop.kustom.ch\/fr\/wp-json\/wp\/v2\/product"}],"about":[{"href":"https:\/\/shop.kustom.ch\/fr\/wp-json\/wp\/v2\/types\/product"}],"wp:featuredmedia":[{"embeddable":true,"href":"https:\/\/shop.kustom.ch\/fr\/wp-json\/wp\/v2\/media\/711864"}],"wp:attachment":[{"href":"https:\/\/shop.kustom.ch\/fr\/wp-json\/wp\/v2\/media?parent=711799"}],"wp:term":[{"taxonomy":"product_brand","embeddable":true,"href":"https:\/\/shop.kustom.ch\/fr\/wp-json\/wp\/v2\/product_brand?post=711799"},{"taxonomy":"product_cat","embeddable":true,"href":"https:\/\/shop.kustom.ch\/fr\/wp-json\/wp\/v2\/product_cat?post=711799"},{"taxonomy":"product_tag","embeddable":true,"href":"https:\/\/shop.kustom.ch\/fr\/wp-json\/wp\/v2\/product_tag?post=711799"}],"curies":[{"name":"wp","href":"https:\/\/api.w.org\/{rel}","templated":true}]}}