{"id":711797,"date":"2026-03-24T19:05:57","date_gmt":"2026-03-24T18:05:57","guid":{"rendered":"https:\/\/shop.kustom.ch\/?post_type=product&#038;p=711797"},"modified":"2026-03-24T19:07:03","modified_gmt":"2026-03-24T18:07:03","slug":"icu-lifa-active-half-zip","status":"publish","type":"product","link":"https:\/\/shop.kustom.ch\/fr\/produit\/icu-lifa-active-half-zip\/","title":{"rendered":"ICU LIFA ACTIVE DEMI-ZIP"},"content":{"rendered":"<p>Coupe : Regular \/ Normale<\/p>\n<p>Mat\u00e9riau : Mat\u00e9riau principal : 54 % polyester, 46 % polypropyl\u00e8ne - 175 g\/m\u00b2.<\/p>","protected":false},"excerpt":{"rendered":"<p>- EN ISO 20471:2013 Classe 3 : Size L -&gt;<br \/>- EN ISO 20471:2013 classe 2 : tailles XS - M<br \/>- EN 13758-2:2003+A1:2006 LSF 40+<br \/>- Lifa\u00ae Active Technology<br \/>- Fermeture \u00e0 glissi\u00e8re YKK\u00ae mi-longue avec rabat et protection du menton<br \/>- Pas de coutures aux \u00e9paules<br \/>- Pas de coutures lat\u00e9rales<br \/>- Coutures flatlock pour un confort suppl\u00e9mentaire<\/p>","protected":false},"featured_media":711852,"template":"","meta":[],"product_brand":[],"product_cat":[4191],"product_tag":[],"class_list":{"0":"post-711797","1":"product","2":"type-product","3":"status-publish","4":"has-post-thumbnail","6":"product_cat-longsleeves-sweatshirts","7":"pa_brand-helly-hansen","8":"pa_brand-type-workwear","9":"pa_filter-color-gelb","11":"first","12":"instock","13":"sale","14":"taxable","15":"shipping-taxable","16":"purchasable","17":"product-type-variable","18":"add-to-wishlist-before_image"},"exclude_global_add_ons":[],"addons":[],"acf":[],"_links":{"self":[{"href":"https:\/\/shop.kustom.ch\/fr\/wp-json\/wp\/v2\/product\/711797"}],"collection":[{"href":"https:\/\/shop.kustom.ch\/fr\/wp-json\/wp\/v2\/product"}],"about":[{"href":"https:\/\/shop.kustom.ch\/fr\/wp-json\/wp\/v2\/types\/product"}],"wp:featuredmedia":[{"embeddable":true,"href":"https:\/\/shop.kustom.ch\/fr\/wp-json\/wp\/v2\/media\/711852"}],"wp:attachment":[{"href":"https:\/\/shop.kustom.ch\/fr\/wp-json\/wp\/v2\/media?parent=711797"}],"wp:term":[{"taxonomy":"product_brand","embeddable":true,"href":"https:\/\/shop.kustom.ch\/fr\/wp-json\/wp\/v2\/product_brand?post=711797"},{"taxonomy":"product_cat","embeddable":true,"href":"https:\/\/shop.kustom.ch\/fr\/wp-json\/wp\/v2\/product_cat?post=711797"},{"taxonomy":"product_tag","embeddable":true,"href":"https:\/\/shop.kustom.ch\/fr\/wp-json\/wp\/v2\/product_tag?post=711797"}],"curies":[{"name":"wp","href":"https:\/\/api.w.org\/{rel}","templated":true}]}}