{"id":711751,"date":"2026-03-24T19:05:13","date_gmt":"2026-03-24T18:05:13","guid":{"rendered":"https:\/\/shop.kustom.ch\/?post_type=product&#038;p=711751"},"modified":"2026-03-24T19:06:40","modified_gmt":"2026-03-24T18:06:40","slug":"hh-lifa-merino-half-zip","status":"publish","type":"product","link":"https:\/\/shop.kustom.ch\/fr\/produit\/hh-lifa-merino-half-zip\/","title":{"rendered":"HH LIFA MERINO DEMI-ZIP"},"content":{"rendered":"<p>Avec le m\u00e9lange de Lifa\u00ae et de laine m\u00e9rinos, nous combinons le meilleur de deux mondes. Tandis que Lifa\u00ae \u00e9vacue la transpiration du corps, la laine m\u00e9rinos vous permet de rester au chaud. Id\u00e9al pour une activit\u00e9 \u00e9lev\u00e9e par temps froid.<\/p>\n<p>Coupe : Regular \/ Normale<\/p>\n<p>Mati\u00e8re : Tissu principal : 57 % Merino, 43 % Polypropyl\u00e8ne - 215 g\/m\u00b2.<\/p>","protected":false},"excerpt":{"rendered":"<p>- LIFA\u00ae MERINO<br \/>- Technologie Lifa Stay Warm<br \/>- Sans coutures lat\u00e9rales pour plus de confort<br \/>- Coutures flatlock pour un confort suppl\u00e9mentaire<br \/>- Sans coutures aux \u00e9paules<br \/>- Laine ZQ<\/p>","protected":false},"featured_media":711796,"template":"","meta":[],"product_brand":[],"product_cat":[4191],"product_tag":[],"class_list":{"0":"post-711751","1":"product","2":"type-product","3":"status-publish","4":"has-post-thumbnail","6":"product_cat-longsleeves-sweatshirts","7":"pa_brand-helly-hansen","8":"pa_brand-type-workwear","9":"pa_filter-color-blau","10":"pa_filter-color-grau","11":"pa_filter-color-schwarz","13":"first","14":"instock","15":"sale","16":"taxable","17":"shipping-taxable","18":"purchasable","19":"product-type-variable","20":"add-to-wishlist-before_image"},"exclude_global_add_ons":[],"addons":[],"acf":[],"_links":{"self":[{"href":"https:\/\/shop.kustom.ch\/fr\/wp-json\/wp\/v2\/product\/711751"}],"collection":[{"href":"https:\/\/shop.kustom.ch\/fr\/wp-json\/wp\/v2\/product"}],"about":[{"href":"https:\/\/shop.kustom.ch\/fr\/wp-json\/wp\/v2\/types\/product"}],"wp:featuredmedia":[{"embeddable":true,"href":"https:\/\/shop.kustom.ch\/fr\/wp-json\/wp\/v2\/media\/711796"}],"wp:attachment":[{"href":"https:\/\/shop.kustom.ch\/fr\/wp-json\/wp\/v2\/media?parent=711751"}],"wp:term":[{"taxonomy":"product_brand","embeddable":true,"href":"https:\/\/shop.kustom.ch\/fr\/wp-json\/wp\/v2\/product_brand?post=711751"},{"taxonomy":"product_cat","embeddable":true,"href":"https:\/\/shop.kustom.ch\/fr\/wp-json\/wp\/v2\/product_cat?post=711751"},{"taxonomy":"product_tag","embeddable":true,"href":"https:\/\/shop.kustom.ch\/fr\/wp-json\/wp\/v2\/product_tag?post=711751"}],"curies":[{"name":"wp","href":"https:\/\/api.w.org\/{rel}","templated":true}]}}