{"id":711707,"date":"2026-03-24T19:04:20","date_gmt":"2026-03-24T18:04:20","guid":{"rendered":"https:\/\/shop.kustom.ch\/?post_type=product&#038;p=711707"},"modified":"2026-03-24T19:05:55","modified_gmt":"2026-03-24T18:05:55","slug":"hh-lifa-merino-crewneck","status":"publish","type":"product","link":"https:\/\/shop.kustom.ch\/fr\/produit\/hh-lifa-merino-crewneck\/","title":{"rendered":"HH LIFA MERINO CREWNECK"},"content":{"rendered":"<p>En tissant nos fibres Lifa\u00ae prim\u00e9es avec de la laine m\u00e9rinos, nous obtenons le meilleur des deux mondes : Gestion de l'humidit\u00e9 et chaleur suppl\u00e9mentaire. Lifa\u00ae aide \u00e0 \u00e9vacuer l'humidit\u00e9 du corps et vous garde au sec lors d'activit\u00e9s intenses, tandis que la douceur de la laine m\u00e9rinos vous permet de rester au chaud m\u00eame dans les conditions les plus froides.<\/p>\n<p>Coupe : Regular \/ Normale<\/p>\n<p>Mati\u00e8re : Tissu principal : 57 % Merino, 43 % Polypropyl\u00e8ne - 215 g\/m\u00b2.<\/p>","protected":false},"excerpt":{"rendered":"<p>- LIFA\u00ae MERINO<br \/>- Technologie Lifa Stay Warm<br \/>- Sans coutures lat\u00e9rales pour plus de confort<br \/>- Sans coutures aux \u00e9paules<br \/>- Coutures flatlock pour un confort suppl\u00e9mentaire<br \/>- Laine ZQ<\/p>","protected":false},"featured_media":711750,"template":"","meta":[],"product_brand":[],"product_cat":[4191],"product_tag":[],"class_list":{"0":"post-711707","1":"product","2":"type-product","3":"status-publish","4":"has-post-thumbnail","6":"product_cat-longsleeves-sweatshirts","7":"pa_brand-helly-hansen","8":"pa_brand-type-workwear","9":"pa_filter-color-blau","10":"pa_filter-color-grau","11":"pa_filter-color-gruen","12":"pa_filter-color-schwarz","14":"first","15":"instock","16":"sale","17":"taxable","18":"shipping-taxable","19":"purchasable","20":"product-type-variable","21":"add-to-wishlist-before_image"},"exclude_global_add_ons":[],"addons":[],"acf":[],"_links":{"self":[{"href":"https:\/\/shop.kustom.ch\/fr\/wp-json\/wp\/v2\/product\/711707"}],"collection":[{"href":"https:\/\/shop.kustom.ch\/fr\/wp-json\/wp\/v2\/product"}],"about":[{"href":"https:\/\/shop.kustom.ch\/fr\/wp-json\/wp\/v2\/types\/product"}],"wp:featuredmedia":[{"embeddable":true,"href":"https:\/\/shop.kustom.ch\/fr\/wp-json\/wp\/v2\/media\/711750"}],"wp:attachment":[{"href":"https:\/\/shop.kustom.ch\/fr\/wp-json\/wp\/v2\/media?parent=711707"}],"wp:term":[{"taxonomy":"product_brand","embeddable":true,"href":"https:\/\/shop.kustom.ch\/fr\/wp-json\/wp\/v2\/product_brand?post=711707"},{"taxonomy":"product_cat","embeddable":true,"href":"https:\/\/shop.kustom.ch\/fr\/wp-json\/wp\/v2\/product_cat?post=711707"},{"taxonomy":"product_tag","embeddable":true,"href":"https:\/\/shop.kustom.ch\/fr\/wp-json\/wp\/v2\/product_tag?post=711707"}],"curies":[{"name":"wp","href":"https:\/\/api.w.org\/{rel}","templated":true}]}}