{"id":711621,"date":"2026-03-24T19:03:11","date_gmt":"2026-03-24T18:03:11","guid":{"rendered":"https:\/\/shop.kustom.ch\/?post_type=product&#038;p=711621"},"modified":"2026-03-24T19:04:42","modified_gmt":"2026-03-24T18:04:42","slug":"oxford-winter-softshell-jacket","status":"publish","type":"product","link":"https:\/\/shop.kustom.ch\/fr\/produit\/oxford-winter-softshell-jacket\/","title":{"rendered":"VESTE D'HIVER SOFTSHELL OXFORD"},"content":{"rendered":"<p>La veste softshell d'hiver Oxford est un excellent choix qui allie design et fonctionnalit\u00e9. La doublure en polaire de poils ainsi que les bordures c\u00f4tel\u00e9es aux manches et \u00e0 l'ourlet conf\u00e8rent \u00e0 cette veste softshell d'hiver un look raffin\u00e9. Capuche amovible et r\u00e9glable avec cordon de serrage et fermeture pour un ajustement optimal dans toutes les conditions.<\/p>\n<p>Coupe : Regular \/ Normale<\/p>\n<p>Mati\u00e8re principale : 94 % polyester, 6 % \u00e9lasthanne - 457 g\/m\u00b2.<br \/>Mati\u00e8re secondaire : 100 polyester % - 558 g\/m<\/p>","protected":false},"excerpt":{"rendered":"<p>- EN 14058:2017 : 2, 3, X, X<br \/>- fermeture \u00e0 glissi\u00e8re YKK<br \/>- Les fils AMANN<br \/>- Doublure en laine polaire<br \/>- Sans coutures aux \u00e9paules<br \/>- Capuche r\u00e9glable avec cordon de serrage et fermeture<br \/>- Capuche amovible<br \/>- fermeture \u00e9clair frontale YKK<br \/>- poches pour les mains avec fermeture \u00e9clair YKK<br \/>- Manches pr\u00e9form\u00e9es pour une libert\u00e9 de mouvement optimale<br \/>- Poignets et ourlet en bord-c\u00f4te<br \/>- D\u00e9tails de design r\u00e9fl\u00e9chissants<\/p>","protected":false},"featured_media":711666,"template":"","meta":[],"product_brand":[],"product_cat":[4186],"product_tag":[],"class_list":{"0":"post-711621","1":"product","2":"type-product","3":"status-publish","4":"has-post-thumbnail","6":"product_cat-jacken","7":"pa_brand-helly-hansen","8":"pa_brand-type-workwear","9":"pa_filter-color-blau","10":"pa_filter-color-gruen","11":"pa_filter-color-schwarz","13":"first","14":"instock","15":"sale","16":"taxable","17":"shipping-taxable","18":"purchasable","19":"product-type-variable","20":"add-to-wishlist-before_image"},"exclude_global_add_ons":[],"addons":[],"acf":[],"_links":{"self":[{"href":"https:\/\/shop.kustom.ch\/fr\/wp-json\/wp\/v2\/product\/711621"}],"collection":[{"href":"https:\/\/shop.kustom.ch\/fr\/wp-json\/wp\/v2\/product"}],"about":[{"href":"https:\/\/shop.kustom.ch\/fr\/wp-json\/wp\/v2\/types\/product"}],"wp:featuredmedia":[{"embeddable":true,"href":"https:\/\/shop.kustom.ch\/fr\/wp-json\/wp\/v2\/media\/711666"}],"wp:attachment":[{"href":"https:\/\/shop.kustom.ch\/fr\/wp-json\/wp\/v2\/media?parent=711621"}],"wp:term":[{"taxonomy":"product_brand","embeddable":true,"href":"https:\/\/shop.kustom.ch\/fr\/wp-json\/wp\/v2\/product_brand?post=711621"},{"taxonomy":"product_cat","embeddable":true,"href":"https:\/\/shop.kustom.ch\/fr\/wp-json\/wp\/v2\/product_cat?post=711621"},{"taxonomy":"product_tag","embeddable":true,"href":"https:\/\/shop.kustom.ch\/fr\/wp-json\/wp\/v2\/product_tag?post=711621"}],"curies":[{"name":"wp","href":"https:\/\/api.w.org\/{rel}","templated":true}]}}