{"id":711562,"date":"2026-03-24T19:02:18","date_gmt":"2026-03-24T18:02:18","guid":{"rendered":"https:\/\/shop.kustom.ch\/?post_type=product&#038;p=711562"},"modified":"2026-03-24T19:03:54","modified_gmt":"2026-03-24T18:03:54","slug":"oxford-h-softs-jacket","status":"publish","type":"product","link":"https:\/\/shop.kustom.ch\/fr\/produit\/oxford-h-softs-jacket\/","title":{"rendered":"VESTE OXFORD H. SOFTS"},"content":{"rendered":"<p>Le confort et la r\u00e9sistance aux intemp\u00e9ries d'une veste softshell sont ainsi int\u00e9gr\u00e9s \u00e0 la famille Oxford. Le mat\u00e9riau ripstop sur les \u00e9paules et la capuche amovible offrent encore plus de r\u00e9sistance et de protection contre les intemp\u00e9ries, tandis que la partie sup\u00e9rieure enti\u00e8rement extensible en softshell combine la respirabilit\u00e9 avec un int\u00e9rieur bross\u00e9 doux. La veste offre une flexibilit\u00e9 ultime et assure une bonne protection contre le vent et les intemp\u00e9ries lorsqu'elle est port\u00e9e seule par une froide matin\u00e9e sur le chantier. Elle peut \u00e9galement \u00eatre utilis\u00e9e comme couche suppl\u00e9mentaire pour apporter de la chaleur.<\/p>\n<p>Coupe : Regular \/ Normale<\/p>\n<p>Mat\u00e9riel : Mat\u00e9riel principal : 100 % polyamide - 385 g\/m<br \/>\nDeuxi\u00e8me tissu principal : 100 polyester % - 325 g\/m\u00b2.<\/p>","protected":false},"excerpt":{"rendered":"<p>- fermeture \u00e0 glissi\u00e8re YKK<br \/>- AMANN Fils - Qualit\u00e9 allemande<br \/>- Sans coutures aux \u00e9paules<br \/>- Capuche r\u00e9glable avec cordon de serrage et fermeture<br \/>- Capuche amovible<br \/>- col int\u00e9rieur en polyester bross\u00e9<br \/>- fermeture \u00e0 glissi\u00e8re frontale YKK\u00ae avec protection du menton<br \/>- Poches \u00e0 tiroirs avec fermeture \u00e9clair YKK<br \/>- Poignets r\u00e9glables<br \/>- Manches pr\u00e9form\u00e9es pour une libert\u00e9 de mouvement optimale<br \/>- Ourlet r\u00e9glable avec cordon de serrage \u00e9lastique dans la poche de rangement<br \/>- Dos rallong\u00e9 pour un meilleur confort<br \/>- D\u00e9tails de design r\u00e9fl\u00e9chissants<\/p>","protected":false},"featured_media":711610,"template":"","meta":[],"product_brand":[],"product_cat":[4186],"product_tag":[],"class_list":{"0":"post-711562","1":"product","2":"type-product","3":"status-publish","4":"has-post-thumbnail","6":"product_cat-jacken","7":"pa_brand-helly-hansen","8":"pa_brand-type-workwear","9":"pa_filter-color-blau","10":"pa_filter-color-braun","11":"pa_filter-color-gruen","12":"pa_filter-color-schwarz","14":"first","15":"instock","16":"sale","17":"taxable","18":"shipping-taxable","19":"purchasable","20":"product-type-variable","21":"add-to-wishlist-before_image"},"exclude_global_add_ons":[],"addons":[],"acf":[],"_links":{"self":[{"href":"https:\/\/shop.kustom.ch\/fr\/wp-json\/wp\/v2\/product\/711562"}],"collection":[{"href":"https:\/\/shop.kustom.ch\/fr\/wp-json\/wp\/v2\/product"}],"about":[{"href":"https:\/\/shop.kustom.ch\/fr\/wp-json\/wp\/v2\/types\/product"}],"wp:featuredmedia":[{"embeddable":true,"href":"https:\/\/shop.kustom.ch\/fr\/wp-json\/wp\/v2\/media\/711610"}],"wp:attachment":[{"href":"https:\/\/shop.kustom.ch\/fr\/wp-json\/wp\/v2\/media?parent=711562"}],"wp:term":[{"taxonomy":"product_brand","embeddable":true,"href":"https:\/\/shop.kustom.ch\/fr\/wp-json\/wp\/v2\/product_brand?post=711562"},{"taxonomy":"product_cat","embeddable":true,"href":"https:\/\/shop.kustom.ch\/fr\/wp-json\/wp\/v2\/product_cat?post=711562"},{"taxonomy":"product_tag","embeddable":true,"href":"https:\/\/shop.kustom.ch\/fr\/wp-json\/wp\/v2\/product_tag?post=711562"}],"curies":[{"name":"wp","href":"https:\/\/api.w.org\/{rel}","templated":true}]}}