{"id":711533,"date":"2026-03-24T19:01:53","date_gmt":"2026-03-24T18:01:53","guid":{"rendered":"https:\/\/shop.kustom.ch\/?post_type=product&#038;p=711533"},"modified":"2026-03-24T19:02:44","modified_gmt":"2026-03-24T18:02:44","slug":"magni-evo-jacket","status":"publish","type":"product","link":"https:\/\/shop.kustom.ch\/fr\/produit\/magni-evo-jacket\/","title":{"rendered":"VESTE MAGNI EVO"},"content":{"rendered":"<p>La veste de travail ultime offre une combinaison parfaite de fonction et de forme. Avec des d\u00e9tails tels qu'un passant pour carte d'identit\u00e9, un prot\u00e8ge-menton avec fermeture \u00e0 glissi\u00e8re, des renforts en Cordura\u00ae stretch et des poches s\u00e9curis\u00e9es par des fermetures \u00e0 glissi\u00e8re YKK\u00ae, la veste Magni Evolution repr\u00e9sente notre approche sans compromis de la conception de v\u00eatements de travail. Des manches pr\u00e9form\u00e9es, un dos allong\u00e9 et une coupe sans couture d'\u00e9paule offrent une excellente libert\u00e9 de mouvement. Un ourlet r\u00e9glable ainsi que des poignets, un col et une capuche ajustables permettent de personnaliser la coupe. Les a\u00e9rations sous les bras et la capuche amovible permettent de se rafra\u00eechir en cas de besoin. Le tissu stretch l\u00e9ger \u00e0 quatre voies et le col int\u00e9rieur en polyester bross\u00e9 contribuent au confort premium de cette veste de travail.<\/p>\n<p>Coupe : ajust\u00e9e \/ ajust\u00e9e<\/p>\n<p>Mati\u00e8re : Tissu principal : 94 % polyamide recycl\u00e9 &amp; 6 % \u00e9lasthanne, 225g\/m\u00b2.<br \/>Renforcement : 97 % polyamide &amp; 3 % \u00e9lasthanne, 307 g\/m\u00b2.<\/p>","protected":false},"excerpt":{"rendered":"<p>- Renfort en Cordura\u00ae avec stretch<br \/>- fermeture \u00e0 glissi\u00e8re YKK<br \/>- Les fils AMANN<br \/>- Mat\u00e9riau avec stretch 4 directions<br \/>- Tissu l\u00e9ger<br \/>- Sans coutures aux \u00e9paules<br \/>- Capuche amovible<br \/>- R\u00e9glage vertical et horizontal de la capuche<br \/>- col int\u00e9rieur en polyester bross\u00e9<br \/>- r\u00e9glage du col \u00e0 l'arri\u00e8re au milieu<br \/>- fermeture \u00e0 glissi\u00e8re frontale YKK\u00ae avec protection du menton<br \/>- poche poitrine avec fermeture \u00e9clair YKK<br \/>- poche arri\u00e8re avec fermeture \u00e9clair YKK<br \/>- Poches \u00e0 un rabat avec fermeture \u00e9clair YKK<br \/>- Poignets r\u00e9glables<br \/>- Manches pr\u00e9form\u00e9es pour une libert\u00e9 de mouvement optimale<br \/>- fermeture \u00e9clair YKK\u00ae pour l'a\u00e9ration sous les bras<br \/>- Ourlet r\u00e9glable avec cordon de serrage \u00e9lastique dans la poche de rangement<br \/>- Dos rallong\u00e9 pour un meilleur confort<br \/>- Porte-badge<br \/>- Logos aux couleurs assorties<br \/>- produit bluesign<br \/>- Mat\u00e9riau recycl\u00e9<\/p>","protected":false},"featured_media":711585,"template":"","meta":[],"product_brand":[],"product_cat":[4186],"product_tag":[],"class_list":{"0":"post-711533","1":"product","2":"type-product","3":"status-publish","4":"has-post-thumbnail","6":"product_cat-jacken","7":"pa_brand-helly-hansen","8":"pa_brand-type-workwear","9":"pa_filter-color-schwarz","11":"first","12":"instock","13":"sale","14":"taxable","15":"shipping-taxable","16":"purchasable","17":"product-type-variable","18":"add-to-wishlist-before_image"},"exclude_global_add_ons":[],"addons":[],"acf":[],"_links":{"self":[{"href":"https:\/\/shop.kustom.ch\/fr\/wp-json\/wp\/v2\/product\/711533"}],"collection":[{"href":"https:\/\/shop.kustom.ch\/fr\/wp-json\/wp\/v2\/product"}],"about":[{"href":"https:\/\/shop.kustom.ch\/fr\/wp-json\/wp\/v2\/types\/product"}],"wp:featuredmedia":[{"embeddable":true,"href":"https:\/\/shop.kustom.ch\/fr\/wp-json\/wp\/v2\/media\/711585"}],"wp:attachment":[{"href":"https:\/\/shop.kustom.ch\/fr\/wp-json\/wp\/v2\/media?parent=711533"}],"wp:term":[{"taxonomy":"product_brand","embeddable":true,"href":"https:\/\/shop.kustom.ch\/fr\/wp-json\/wp\/v2\/product_brand?post=711533"},{"taxonomy":"product_cat","embeddable":true,"href":"https:\/\/shop.kustom.ch\/fr\/wp-json\/wp\/v2\/product_cat?post=711533"},{"taxonomy":"product_tag","embeddable":true,"href":"https:\/\/shop.kustom.ch\/fr\/wp-json\/wp\/v2\/product_tag?post=711533"}],"curies":[{"name":"wp","href":"https:\/\/api.w.org\/{rel}","templated":true}]}}