{"id":711485,"date":"2026-03-24T19:01:08","date_gmt":"2026-03-24T18:01:08","guid":{"rendered":"https:\/\/shop.kustom.ch\/?post_type=product&#038;p=711485"},"modified":"2026-03-24T19:02:43","modified_gmt":"2026-03-24T18:02:43","slug":"w-manchester-2-0-softs-vest","status":"publish","type":"product","link":"https:\/\/shop.kustom.ch\/fr\/produit\/w-manchester-2-0-softs-vest\/","title":{"rendered":"W GILET MANCHESTER 2.0 SOFTS"},"content":{"rendered":"<p>Un gilet r\u00e9sistant et polyvalent qui offre une protection l\u00e9g\u00e8re contre le vent et les intemp\u00e9ries. Il combine un look \u00e9pur\u00e9 et un confort extr\u00eame. Il est recommand\u00e9 si vous avez besoin d'un peu de chaleur suppl\u00e9mentaire sur le haut du corps et convient parfaitement comme couche interm\u00e9diaire isolante.<\/p>\n<p>Coupe : Regular \/ Normale<\/p>\n<p>Mat\u00e9riau : Mat\u00e9riau principal : 94 % polyester, 6 % \u00e9lasthanne - 290 g\/m\u00b2.<\/p>","protected":false},"excerpt":{"rendered":"<p>- fermeture \u00e0 glissi\u00e8re YKK<br \/>- Les fils AMANN<br \/>- Tissu softshell avec membrane et DWR<br \/>- Sans coutures aux \u00e9paules<br \/>- col int\u00e9rieur en polaire bross\u00e9e<br \/>- fermeture \u00e9clair frontale YKK<br \/>- Poches pour les mains avec doublure int\u00e9rieure bross\u00e9e<br \/>- poches pour les mains avec fermeture \u00e9clair YKK<br \/>- poches int\u00e9rieures pour les petits objets<br \/>- Ourlet r\u00e9glable avec cordon de serrage \u00e9lastique dans la poche de rangement<br \/>- Dos rallong\u00e9 pour un meilleur confort<br \/>- produit bluesign<\/p>","protected":false},"featured_media":711545,"template":"","meta":[],"product_brand":[],"product_cat":[4208],"product_tag":[],"class_list":{"0":"post-711485","1":"product","2":"type-product","3":"status-publish","4":"has-post-thumbnail","6":"product_cat-westen","7":"pa_brand-helly-hansen","8":"pa_brand-type-workwear","9":"pa_filter-color-blau","10":"pa_filter-color-grau","11":"pa_filter-color-rot","12":"pa_filter-color-schwarz","14":"first","15":"instock","16":"sale","17":"taxable","18":"shipping-taxable","19":"purchasable","20":"product-type-variable","21":"add-to-wishlist-before_image"},"exclude_global_add_ons":[],"addons":[],"acf":[],"_links":{"self":[{"href":"https:\/\/shop.kustom.ch\/fr\/wp-json\/wp\/v2\/product\/711485"}],"collection":[{"href":"https:\/\/shop.kustom.ch\/fr\/wp-json\/wp\/v2\/product"}],"about":[{"href":"https:\/\/shop.kustom.ch\/fr\/wp-json\/wp\/v2\/types\/product"}],"wp:featuredmedia":[{"embeddable":true,"href":"https:\/\/shop.kustom.ch\/fr\/wp-json\/wp\/v2\/media\/711545"}],"wp:attachment":[{"href":"https:\/\/shop.kustom.ch\/fr\/wp-json\/wp\/v2\/media?parent=711485"}],"wp:term":[{"taxonomy":"product_brand","embeddable":true,"href":"https:\/\/shop.kustom.ch\/fr\/wp-json\/wp\/v2\/product_brand?post=711485"},{"taxonomy":"product_cat","embeddable":true,"href":"https:\/\/shop.kustom.ch\/fr\/wp-json\/wp\/v2\/product_cat?post=711485"},{"taxonomy":"product_tag","embeddable":true,"href":"https:\/\/shop.kustom.ch\/fr\/wp-json\/wp\/v2\/product_tag?post=711485"}],"curies":[{"name":"wp","href":"https:\/\/api.w.org\/{rel}","templated":true}]}}