{"id":711459,"date":"2026-03-24T19:00:46","date_gmt":"2026-03-24T18:00:46","guid":{"rendered":"https:\/\/shop.kustom.ch\/?post_type=product&#038;p=711459"},"modified":"2026-03-24T19:01:51","modified_gmt":"2026-03-24T18:01:51","slug":"w-kensington-softs-jacket","status":"publish","type":"product","link":"https:\/\/shop.kustom.ch\/fr\/produit\/w-kensington-softs-jacket\/","title":{"rendered":"W VESTE KENSINGTON SOFTS"},"content":{"rendered":"<p>Con\u00e7ue et test\u00e9e par des femmes, la veste softshell Luna est un v\u00eatement polyvalent \u00e0 la coupe f\u00e9minine qui offre un confort tout au long de la journ\u00e9e de travail.<\/p>\n<p>Coupe : Regular \/ Normale<\/p>\n<p>Mat\u00e9riau : Mat\u00e9riau principal : Ext\u00e9rieur : 92 % polyester, 8 % \u00e9lasthanne - 305 g\/m\u00b2.<\/p>","protected":false},"excerpt":{"rendered":"<p>- Les fils AMANN<br \/>- fermeture \u00e0 glissi\u00e8re YKK<br \/>- Col haut pour un bon confort<br \/>- Tissu softshell avec membrane et DWR<br \/>- Sans coutures aux \u00e9paules<br \/>- col int\u00e9rieur en polaire bross\u00e9e<br \/>- fermeture \u00e0 glissi\u00e8re frontale YKK\u00ae avec protection du menton<br \/>- Poches pour les mains avec doublure int\u00e9rieure bross\u00e9e<br \/>- poches pour les mains avec fermeture \u00e9clair YKK<br \/>- poches int\u00e9rieures pour les petits objets<br \/>- Poignets r\u00e9glables<br \/>- Manches pr\u00e9form\u00e9es pour une libert\u00e9 de mouvement optimale<br \/>- Ourlet r\u00e9glable avec cordon de serrage \u00e9lastique dans la poche de rangement<br \/>- Dos rallong\u00e9 pour un meilleur confort<\/p>","protected":false},"featured_media":711500,"template":"","meta":[],"product_brand":[],"product_cat":[4186],"product_tag":[],"class_list":{"0":"post-711459","1":"product","2":"type-product","3":"status-publish","4":"has-post-thumbnail","6":"product_cat-jacken","7":"pa_brand-helly-hansen","8":"pa_brand-type-workwear","9":"pa_filter-color-blau","10":"pa_filter-color-schwarz","12":"first","13":"instock","14":"sale","15":"taxable","16":"shipping-taxable","17":"purchasable","18":"product-type-variable","19":"add-to-wishlist-before_image"},"exclude_global_add_ons":[],"addons":[],"acf":[],"_links":{"self":[{"href":"https:\/\/shop.kustom.ch\/fr\/wp-json\/wp\/v2\/product\/711459"}],"collection":[{"href":"https:\/\/shop.kustom.ch\/fr\/wp-json\/wp\/v2\/product"}],"about":[{"href":"https:\/\/shop.kustom.ch\/fr\/wp-json\/wp\/v2\/types\/product"}],"wp:featuredmedia":[{"embeddable":true,"href":"https:\/\/shop.kustom.ch\/fr\/wp-json\/wp\/v2\/media\/711500"}],"wp:attachment":[{"href":"https:\/\/shop.kustom.ch\/fr\/wp-json\/wp\/v2\/media?parent=711459"}],"wp:term":[{"taxonomy":"product_brand","embeddable":true,"href":"https:\/\/shop.kustom.ch\/fr\/wp-json\/wp\/v2\/product_brand?post=711459"},{"taxonomy":"product_cat","embeddable":true,"href":"https:\/\/shop.kustom.ch\/fr\/wp-json\/wp\/v2\/product_cat?post=711459"},{"taxonomy":"product_tag","embeddable":true,"href":"https:\/\/shop.kustom.ch\/fr\/wp-json\/wp\/v2\/product_tag?post=711459"}],"curies":[{"name":"wp","href":"https:\/\/api.w.org\/{rel}","templated":true}]}}