{"id":711433,"date":"2026-03-24T19:00:22","date_gmt":"2026-03-24T18:00:22","guid":{"rendered":"https:\/\/shop.kustom.ch\/?post_type=product&#038;p=711433"},"modified":"2026-03-24T19:01:30","modified_gmt":"2026-03-24T18:01:30","slug":"kensington-softs-jacket","status":"publish","type":"product","link":"https:\/\/shop.kustom.ch\/fr\/produit\/kensington-softs-jacket\/","title":{"rendered":"VESTE KENSINGTON SOFTS"},"content":{"rendered":"<p>La veste Kensington Softshell est un excellent choix pour les artisans qui recherchent un confort l\u00e9ger et pratique. Le col haut est dot\u00e9 d'une doublure en polaire bross\u00e9e et l'ourlet arri\u00e8re est plus long pour un meilleur confort. La veste dispose \u00e9galement de plusieurs poches \u00e0 fermeture \u00e9clair YKK\u00ae et la poche de poitrine est \u00e9quip\u00e9e d'une ouverture pour les \u00e9couteurs, ce qui \u00e9vite de s'emm\u00ealer inutilement.<\/p>\n<p>Coupe : Regular \/ Normale<\/p>\n<p>Mat\u00e9riau : Mat\u00e9riau principal : Ext\u00e9rieur : 92 % polyester, 8 % \u00e9lasthanne - 305 g\/m\u00b2.<\/p>","protected":false},"excerpt":{"rendered":"<p>- fermeture \u00e0 glissi\u00e8re YKK<br \/>- Les fils AMANN<br \/>- Col haut pour un bon confort<br \/>- Sans coutures aux \u00e9paules<br \/>- Tissu softshell avec membrane et DWR<br \/>- col int\u00e9rieur en polaire bross\u00e9e<br \/>- fermeture \u00e0 glissi\u00e8re frontale YKK\u00ae avec protection du menton<br \/>- poches poitrine avec fermeture \u00e9clair YKK<br \/>- Poches pour les mains avec doublure int\u00e9rieure bross\u00e9e<br \/>- poches pour les mains avec fermeture \u00e9clair YKK<br \/>- poches int\u00e9rieures pour les petits objets<br \/>- Poignets r\u00e9glables<br \/>- Manches pr\u00e9form\u00e9es pour une libert\u00e9 de mouvement optimale<br \/>- Ourlet r\u00e9glable avec cordon de serrage \u00e9lastique dans la poche de rangement<br \/>- Dos rallong\u00e9 pour un meilleur confort<\/p>","protected":false},"featured_media":711475,"template":"","meta":[],"product_brand":[],"product_cat":[4186],"product_tag":[],"class_list":{"0":"post-711433","1":"product","2":"type-product","3":"status-publish","4":"has-post-thumbnail","6":"product_cat-jacken","7":"pa_brand-helly-hansen","8":"pa_brand-type-workwear","9":"pa_filter-color-blau","10":"pa_filter-color-grau","11":"pa_filter-color-schwarz","13":"first","14":"instock","15":"sale","16":"taxable","17":"shipping-taxable","18":"purchasable","19":"product-type-variable","20":"add-to-wishlist-before_image"},"exclude_global_add_ons":[],"addons":[],"acf":[],"_links":{"self":[{"href":"https:\/\/shop.kustom.ch\/fr\/wp-json\/wp\/v2\/product\/711433"}],"collection":[{"href":"https:\/\/shop.kustom.ch\/fr\/wp-json\/wp\/v2\/product"}],"about":[{"href":"https:\/\/shop.kustom.ch\/fr\/wp-json\/wp\/v2\/types\/product"}],"wp:featuredmedia":[{"embeddable":true,"href":"https:\/\/shop.kustom.ch\/fr\/wp-json\/wp\/v2\/media\/711475"}],"wp:attachment":[{"href":"https:\/\/shop.kustom.ch\/fr\/wp-json\/wp\/v2\/media?parent=711433"}],"wp:term":[{"taxonomy":"product_brand","embeddable":true,"href":"https:\/\/shop.kustom.ch\/fr\/wp-json\/wp\/v2\/product_brand?post=711433"},{"taxonomy":"product_cat","embeddable":true,"href":"https:\/\/shop.kustom.ch\/fr\/wp-json\/wp\/v2\/product_cat?post=711433"},{"taxonomy":"product_tag","embeddable":true,"href":"https:\/\/shop.kustom.ch\/fr\/wp-json\/wp\/v2\/product_tag?post=711433"}],"curies":[{"name":"wp","href":"https:\/\/api.w.org\/{rel}","templated":true}]}}