{"id":711345,"date":"2026-03-24T18:59:06","date_gmt":"2026-03-24T17:59:06","guid":{"rendered":"https:\/\/shop.kustom.ch\/?post_type=product&#038;p=711345"},"modified":"2026-03-24T19:00:20","modified_gmt":"2026-03-24T18:00:20","slug":"chelsea-evo-h-softs-jacket","status":"publish","type":"product","link":"https:\/\/shop.kustom.ch\/fr\/produit\/chelsea-evo-h-softs-jacket\/","title":{"rendered":"VESTE CHELSEA EVO H. SOFTS"},"content":{"rendered":"<p>Le mat\u00e9riau softshell avec membrane et dos en polaire combin\u00e9 \u00e0 la partie arri\u00e8re en tissu stretch 4 directions vous offre la veste softshell ultime. Le tissu stretch 4 directions a \u00e9t\u00e9 utilis\u00e9 strat\u00e9giquement dans la partie sup\u00e9rieure du dos pour maximiser la libert\u00e9 de mouvement et le confort. Le tissu est r\u00e9sistant \u00e0 l'eau et au vent, et l'absence de coutures aux \u00e9paules renforce encore l'effet d\u00e9perlant. Cette veste est probablement la plus polyvalente que vous puissiez souhaiter.<\/p>\n<p>Coupe : Regular \/ Normale<\/p>\n<p>Mati\u00e8re principale : 92 % polyester, 8 % \u00e9lasthanne - 305 g\/m\u00b2.<br \/>\nMati\u00e8re secondaire : 93 % polyamide, 7 % \u00e9lasthanne - 310 g.<\/p>","protected":false},"excerpt":{"rendered":"<p>- fermeture \u00e0 glissi\u00e8re YKK<br \/>- AMANN Fils - Qualit\u00e9 allemande<br \/>- Tissu softshell avec membrane et DWR<br \/>- Sans coutures aux \u00e9paules<br \/>- Tissu stretch 4 directions sur le haut du dos pour un confort maximal<br \/>- renforts en Cordura\u00ae sur les \u00e9paules<br \/>- Capuche r\u00e9glable avec cordon de serrage<br \/>- fermeture \u00e0 glissi\u00e8re frontale YKK\u00ae avec protection du menton<br \/>- poche poitrine avec fermeture \u00e9clair YKK<br \/>- ouverture pour le c\u00e2ble des \u00e9couteurs dans la poche de poitrine<br \/>- Poches pour les mains avec doublure int\u00e9rieure bross\u00e9e<br \/>- Poches \u00e0 tiroirs avec fermeture \u00e9clair YKK<br \/>- Poignets r\u00e9glables<br \/>- Manches pr\u00e9form\u00e9es pour une libert\u00e9 de mouvement optimale<br \/>- Dos rallong\u00e9 pour un meilleur confort<br \/>- Ourlet r\u00e9glable avec cordon de serrage \u00e9lastique<br \/>- Porte-badge<\/p>","protected":false},"featured_media":711395,"template":"","meta":[],"product_brand":[],"product_cat":[4186],"product_tag":[],"class_list":{"0":"post-711345","1":"product","2":"type-product","3":"status-publish","4":"has-post-thumbnail","6":"product_cat-jacken","7":"pa_brand-helly-hansen","8":"pa_brand-type-workwear","9":"pa_filter-color-blau","10":"pa_filter-color-schwarz","12":"first","13":"instock","14":"sale","15":"taxable","16":"shipping-taxable","17":"purchasable","18":"product-type-variable","19":"add-to-wishlist-before_image"},"exclude_global_add_ons":[],"addons":[],"acf":[],"_links":{"self":[{"href":"https:\/\/shop.kustom.ch\/fr\/wp-json\/wp\/v2\/product\/711345"}],"collection":[{"href":"https:\/\/shop.kustom.ch\/fr\/wp-json\/wp\/v2\/product"}],"about":[{"href":"https:\/\/shop.kustom.ch\/fr\/wp-json\/wp\/v2\/types\/product"}],"wp:featuredmedia":[{"embeddable":true,"href":"https:\/\/shop.kustom.ch\/fr\/wp-json\/wp\/v2\/media\/711395"}],"wp:attachment":[{"href":"https:\/\/shop.kustom.ch\/fr\/wp-json\/wp\/v2\/media?parent=711345"}],"wp:term":[{"taxonomy":"product_brand","embeddable":true,"href":"https:\/\/shop.kustom.ch\/fr\/wp-json\/wp\/v2\/product_brand?post=711345"},{"taxonomy":"product_cat","embeddable":true,"href":"https:\/\/shop.kustom.ch\/fr\/wp-json\/wp\/v2\/product_cat?post=711345"},{"taxonomy":"product_tag","embeddable":true,"href":"https:\/\/shop.kustom.ch\/fr\/wp-json\/wp\/v2\/product_tag?post=711345"}],"curies":[{"name":"wp","href":"https:\/\/api.w.org\/{rel}","templated":true}]}}