{"id":711276,"date":"2026-03-24T18:58:22","date_gmt":"2026-03-24T17:58:22","guid":{"rendered":"https:\/\/shop.kustom.ch\/?post_type=product&#038;p=711276"},"modified":"2026-03-24T18:59:29","modified_gmt":"2026-03-24T17:59:29","slug":"manchester-2-0-softs-vest","status":"publish","type":"product","link":"https:\/\/shop.kustom.ch\/fr\/produit\/manchester-2-0-softs-vest\/","title":{"rendered":"GILET MANCHESTER 2.0 SOFTS"},"content":{"rendered":"<p>Le gilet Manchester 2.0 Zip-In Softshell Vest est aussi polyvalent que confortable. Ce gilet softshell pour hommes est compos\u00e9 d'un tissu softshell \u00e0 trois couches avec une membrane durablement d\u00e9perlante (DWR) et offre extensibilit\u00e9 et respirabilit\u00e9. L'ourlet peut \u00eatre ajust\u00e9 individuellement gr\u00e2ce \u00e0 un cordon de serrage \u00e9lastique. Il se place dans la poche pour \u00e9viter tout risque d'accrochage. La doublure en polaire bross\u00e9e de la poche et du col assure chaleur et confort. Les fermetures \u00e9clair YKK\u00ae sur le devant et sur les poches sont con\u00e7ues pour durer. Le dos allong\u00e9 et les d\u00e9tails r\u00e9fl\u00e9chissants offrent une protection suppl\u00e9mentaire.<\/p>\n<p>Coupe : Regular \/ Normale<\/p>\n<p>Mat\u00e9riau : Mat\u00e9riau principal : 94 % polyester, 6 % \u00e9lasthanne - 290 g\/m\u00b2.<\/p>","protected":false},"excerpt":{"rendered":"<p>- fermeture \u00e0 glissi\u00e8re YKK<br \/>- Les fils AMANN<br \/>- Tissu softshell avec membrane et DWR<br \/>- Sans coutures aux \u00e9paules<br \/>- col int\u00e9rieur en polaire bross\u00e9e<br \/>- fermeture \u00e9clair frontale YKK<br \/>- Poches pour les mains avec doublure int\u00e9rieure bross\u00e9e<br \/>- poches pour les mains avec fermeture \u00e9clair YKK<br \/>- poches int\u00e9rieures pour les petits objets<br \/>- Ourlet r\u00e9glable avec cordon de serrage \u00e9lastique dans la poche de rangement<br \/>- Dos rallong\u00e9 pour un meilleur confort<br \/>- produit bluesign<\/p>","protected":false},"featured_media":711325,"template":"","meta":[],"product_brand":[],"product_cat":[4208],"product_tag":[],"class_list":{"0":"post-711276","1":"product","2":"type-product","3":"status-publish","4":"has-post-thumbnail","6":"product_cat-westen","7":"pa_brand-helly-hansen","8":"pa_brand-type-workwear","9":"pa_filter-color-blau","10":"pa_filter-color-grau","11":"pa_filter-color-schwarz","13":"first","14":"instock","15":"sale","16":"taxable","17":"shipping-taxable","18":"purchasable","19":"product-type-variable","20":"add-to-wishlist-before_image"},"exclude_global_add_ons":[],"addons":[],"acf":[],"_links":{"self":[{"href":"https:\/\/shop.kustom.ch\/fr\/wp-json\/wp\/v2\/product\/711276"}],"collection":[{"href":"https:\/\/shop.kustom.ch\/fr\/wp-json\/wp\/v2\/product"}],"about":[{"href":"https:\/\/shop.kustom.ch\/fr\/wp-json\/wp\/v2\/types\/product"}],"wp:featuredmedia":[{"embeddable":true,"href":"https:\/\/shop.kustom.ch\/fr\/wp-json\/wp\/v2\/media\/711325"}],"wp:attachment":[{"href":"https:\/\/shop.kustom.ch\/fr\/wp-json\/wp\/v2\/media?parent=711276"}],"wp:term":[{"taxonomy":"product_brand","embeddable":true,"href":"https:\/\/shop.kustom.ch\/fr\/wp-json\/wp\/v2\/product_brand?post=711276"},{"taxonomy":"product_cat","embeddable":true,"href":"https:\/\/shop.kustom.ch\/fr\/wp-json\/wp\/v2\/product_cat?post=711276"},{"taxonomy":"product_tag","embeddable":true,"href":"https:\/\/shop.kustom.ch\/fr\/wp-json\/wp\/v2\/product_tag?post=711276"}],"curies":[{"name":"wp","href":"https:\/\/api.w.org\/{rel}","templated":true}]}}