{"id":711195,"date":"2026-03-24T18:57:00","date_gmt":"2026-03-24T17:57:00","guid":{"rendered":"https:\/\/shop.kustom.ch\/?post_type=product&#038;p=711195"},"modified":"2026-03-24T18:58:19","modified_gmt":"2026-03-24T17:58:19","slug":"alna-4x-tech-vest","status":"publish","type":"product","link":"https:\/\/shop.kustom.ch\/fr\/produit\/alna-4x-tech-vest\/","title":{"rendered":"GILET ALNA 4X TECH"},"content":{"rendered":"<p>Coupe : Regular \/ Normale<\/p>\n<p>Mati\u00e8re : Ext\u00e9rieur : 92 % polyester, 8 % \u00e9lasthanne, 240 g\/m\u00b2.<br \/>Tissu ext\u00e9rieur 2 : 94 % polyester, 6 % \u00e9lasthanne, 290g\/m\u00b2.<br \/>Doublure 2 : 100 % polyamide<\/p>","protected":false},"excerpt":{"rendered":"<p>- EN ISO 20471:2013 : 1<br \/>- fermeture \u00e0 glissi\u00e8re YKK<br \/>- Les fils AMANN<br \/>- Mat\u00e9riau avec stretch 4 directions<br \/>- Sans coutures aux \u00e9paules<br \/>- Tissu Softshell dans certaines zones<br \/>- col int\u00e9rieur en polyester bross\u00e9<br \/>- fermeture \u00e0 glissi\u00e8re frontale YKK\u00ae avec protection du menton<br \/>- poche poitrine avec fermeture \u00e9clair YKK<br \/>- Pochette \u00e0 crayons<br \/>- poches pour les mains avec fermeture \u00e9clair YKK<br \/>- poches arri\u00e8re avec fermeture \u00e9clair YKK<br \/>- Dos rallong\u00e9 pour un meilleur confort<br \/>- Porte-badge<\/p>","protected":false},"featured_media":711242,"template":"","meta":[],"product_brand":[],"product_cat":[4208],"product_tag":[],"class_list":{"0":"post-711195","1":"product","2":"type-product","3":"status-publish","4":"has-post-thumbnail","6":"product_cat-westen","7":"pa_brand-helly-hansen","8":"pa_brand-type-workwear","9":"pa_filter-color-gelb","10":"pa_filter-color-orange","12":"first","13":"instock","14":"sale","15":"taxable","16":"shipping-taxable","17":"purchasable","18":"product-type-variable","19":"add-to-wishlist-before_image"},"exclude_global_add_ons":[],"addons":[],"acf":[],"_links":{"self":[{"href":"https:\/\/shop.kustom.ch\/fr\/wp-json\/wp\/v2\/product\/711195"}],"collection":[{"href":"https:\/\/shop.kustom.ch\/fr\/wp-json\/wp\/v2\/product"}],"about":[{"href":"https:\/\/shop.kustom.ch\/fr\/wp-json\/wp\/v2\/types\/product"}],"wp:featuredmedia":[{"embeddable":true,"href":"https:\/\/shop.kustom.ch\/fr\/wp-json\/wp\/v2\/media\/711242"}],"wp:attachment":[{"href":"https:\/\/shop.kustom.ch\/fr\/wp-json\/wp\/v2\/media?parent=711195"}],"wp:term":[{"taxonomy":"product_brand","embeddable":true,"href":"https:\/\/shop.kustom.ch\/fr\/wp-json\/wp\/v2\/product_brand?post=711195"},{"taxonomy":"product_cat","embeddable":true,"href":"https:\/\/shop.kustom.ch\/fr\/wp-json\/wp\/v2\/product_cat?post=711195"},{"taxonomy":"product_tag","embeddable":true,"href":"https:\/\/shop.kustom.ch\/fr\/wp-json\/wp\/v2\/product_tag?post=711195"}],"curies":[{"name":"wp","href":"https:\/\/api.w.org\/{rel}","templated":true}]}}